{"id":817,"date":"2021-02-14T13:45:17","date_gmt":"2021-02-14T18:45:17","guid":{"rendered":"http:\/\/immortels.ca\/wordpress\/?page_id=817"},"modified":"2021-02-14T13:45:17","modified_gmt":"2021-02-14T18:45:17","slug":"entrevue-le-nouvelliste-mars-2015","status":"publish","type":"page","link":"http:\/\/immortels.ca\/wordpress\/historique\/entrevue-le-nouvelliste-mars-2015\/","title":{"rendered":"Entrevue Le Nouvelliste Mars 2015"},"content":{"rendered":"<header>\n<div class=\"_full-article-basic__header-and-title_4gfci\">\n<h1 class=\"_full-article-basic__title_4gfci\">Le virtuel en lieu et place des cimeti\u00e8res<\/h1>\n<\/div>\n<div class=\"_basic-author_1p1op1\">\n<div class=\"_full-article-basic-author__inner_1p1op1\">\n<div class=\"_full-article-basic-author__photo_1p1op1\"><picture class=\"_full-article-basic-author__picture_1p1op1\"><source srcset=\"https:\/\/images.omerlocdn.com\/resize?url=https%3A%2F%2Fgcm-v2.omerlocdn.com%2Fproduction%2Fglobal%2Ffiles%2Fimage%2Fa96b13ea-e94d-45b9-965f-ff2314345357.jpg&amp;width=1024&amp;type=webp\" type=\"image\/webp\" \/><source srcset=\"https:\/\/images.omerlocdn.com\/resize?url=https%3A%2F%2Fgcm-v2.omerlocdn.com%2Fproduction%2Fglobal%2Ffiles%2Fimage%2Fa96b13ea-e94d-45b9-965f-ff2314345357.jpg&amp;width=1024&amp;type=jpeg\" \/><img loading=\"lazy\" class=\"\" src=\"https:\/\/images.omerlocdn.com\/resize?url=https%3A%2F%2Fgcm-v2.omerlocdn.com%2Fproduction%2Fglobal%2Ffiles%2Fimage%2Fa96b13ea-e94d-45b9-965f-ff2314345357.jpg&amp;width=1024&amp;type=jpeg\" alt=\"Louise Plante\" width=\"177\" height=\"118\" \/><\/picture><\/div>\n<div class=\"_full-article-basic-author__info_1p1op1\">\n<div class=\"_full-article-basic-author__info-name_1p1op1\">LOUISE PLANTE<\/div>\n<div>\n<div class=\"\">Le Nouvelliste<\/div>\n<\/div>\n<\/div>\n<\/div>\n<\/div>\n<\/header>\n<div>\n<div class=\"_full-article-basic-content_yeqhro\">\n<div class=\"_full-article-basic-content__lead_yeqhro\">La technologie aidant, les cimeti\u00e8res traditionnels pourraient bien faire place \u00e0 une m\u00e9moire collective virtuelle et qui sait, quasi immortelle.<\/div>\n<div class=\"chapter-paragraph _paragraph_snug5d\">\n<div class=\"chapter-paragraph__body _content_snug5d\">C&rsquo;est le r\u00eave que caresse Michel Virard, d&rsquo;Immortels.ca, qui propose d\u00e9j\u00e0 des vid\u00e9os-biographies sur support DVD, des documents qui contiennent plus d&rsquo;informations que de simples \u00e9pitaphes ou registres d&rsquo;\u00e9tat civil. Beaucoup plus. Le nouveau service a aussi ceci de particulier de d\u00e9mocratiser la m\u00e9moire, en ce sens que tout le monde pourrait t\u00e9moigner de son histoire, un privil\u00e8ge souvent r\u00e9serv\u00e9 aux personnalit\u00e9s publiques ou c\u00e9l\u00e9brit\u00e9s. D\u00e9j\u00e0, on peut voir dans les salons fun\u00e9raires des pr\u00e9sentations audiovisuelles sur la vie des d\u00e9funts, pr\u00e9par\u00e9es par leurs proches. La formule de vid\u00e9o-biographie pousse le concept plus loin en permettant aux gens de pr\u00e9parer eux-m\u00eames leur propre document et d&rsquo;\u00eatre film\u00e9s \u00e0 plusieurs moments de leur vie, dans leurs activit\u00e9s professionnelles ou autres.<\/div>\n<\/div>\n<div class=\"chapter-paragraph _paragraph_snug5d\">\n<div class=\"chapter-paragraph__body _content_snug5d\">Le seul probl\u00e8me qu&rsquo;il reste \u00e0 r\u00e9gler est de trouver un gestionnaire de ces documents et une place sur le web qui pourrait devenir un immense cimeti\u00e8re virtuel que tout le monde pourrait consulter. Le projet est si vaste qu&rsquo;il donne le tournis. M. Virard fait la promotion de cette id\u00e9e depuis quelques ann\u00e9es d\u00e9j\u00e0, soutenu par l&rsquo;\u00e9crivaine trifluvienne Andr\u00e9a Richard, bien connue pour ses positions r\u00e9solument la\u00efques et ce, dans tous les aspects de l&rsquo;existence, y compris la mort.<\/div>\n<\/div>\n<div class=\"chapter-paragraph _paragraph_snug5d\">\n<div class=\"chapter-paragraph__body _content_snug5d\">\u00c0 la lecture des r\u00e9cents articles du\u00a0<i>Nouvelliste<\/i>\u00a0portant sur le d\u00e9clin des cimeti\u00e8res et la venue prochaine d&rsquo;une l\u00e9gislation sur la fa\u00e7on de disposer des cendres des d\u00e9funts, Mme Richard exprime le souhait que les gens puissent d\u00e9cider eux-m\u00eames de ce qu&rsquo;il adviendra de leurs restes, entre autres en les r\u00e9pandant o\u00f9 bon leur semble. \u00abMoi, je trouve qu&rsquo;il y a une exploitation financi\u00e8re dans cette question\u00bb, confie-t-elle.<\/div>\n<\/div>\n<div class=\"chapter-paragraph _paragraph_snug5d\">\n<div class=\"chapter-paragraph__body _content_snug5d\">Elle verrait bien par exemple, un \u00abjardin des cendres\u00bb dans chaque ville, sorte de \u00abfosse commune\u00bb de l&rsquo;avenir. Par ailleurs, l&rsquo;id\u00e9e d&rsquo;un cimeti\u00e8re virtuel et la\u00efc l&#8217;emballe. D\u00e9j\u00e0, un membre de sa famille s&rsquo;est pr\u00e9valu de ce service. Devant les possibilit\u00e9s infinies du web, elle se met \u00e0 r\u00eaver d&rsquo;un cimeti\u00e8re virtuel o\u00f9 on pourrait retrouver rassembl\u00e9s des t\u00e9moignages d&rsquo;\u00e9crivains trifluviens, capt\u00e9s de leur vivant dans leur milieu de vie. \u00abQuel beau souvenir on pourrait laisser. De cette fa\u00e7on, les descendants pourraient se reconna\u00eetre dans un regard, un sourire.\u00bb.<\/div>\n<\/div>\n<div class=\"chapter-paragraph _paragraph_snug5d\">\n<div class=\"chapter-paragraph__body _content_snug5d\">\u00abCela fait 10 ans qu&rsquo;on r\u00e9fl\u00e9chit \u00e0 \u00e7a, encha\u00eene M. Virard. Je m&rsquo;int\u00e9resse particuli\u00e8rement \u00e0 la p\u00e9rennit\u00e9 de nos souvenirs, comme de nos archives. Or, ce probl\u00e8me est en passe d&rsquo;\u00eatre r\u00e9solu de fa\u00e7on \u00e9lectronique, notamment. C&rsquo;est vrai qu&rsquo;\u00e0 la premi\u00e8re d\u00e9cennie du troisi\u00e8me mill\u00e9naire, tout \u00e0 coup, il est devenu possible de maintenir des informations vraisemblablement pour une tr\u00e8s longue p\u00e9riode. On parle de milliers d&rsquo;ann\u00e9es si la technologie continue d&rsquo;avancer. Cela cr\u00e9e un monde virtuel tout \u00e0 fait inattendu que les humains n&rsquo;ont pas encore totalement int\u00e9gr\u00e9. Et c&rsquo;est un fait que beaucoup de gens se montrent plus int\u00e9ress\u00e9s par la trace qu&rsquo;ils pourraient laisser dans un univers virtuel que par l&rsquo;endroit o\u00f9 seront r\u00e9pandus les restes physiques de leur corps. Dans la m\u00eame mesure qu&rsquo;il y a une d\u00e9saffection envers le corps physique, il y a un int\u00e9r\u00eat vers ce que les gens vont laisser comme souvenir.\u00bb<\/div>\n<\/div>\n<div class=\"chapter-paragraph _paragraph_snug5d\">\n<div class=\"chapter-paragraph__body _content_snug5d\">D\u00e9j\u00e0, observe-t-il, on verrait le ph\u00e9nom\u00e8ne dans les soci\u00e9t\u00e9s de g\u00e9n\u00e9alogie o\u00f9 des gens apprennent \u00e0 r\u00e9diger leur autobiographie pour laisser \u00e0 la post\u00e9rit\u00e9 plus que leur nom et leur date de naissance.<\/div>\n<\/div>\n<div class=\"chapter-paragraph _paragraph_snug5d\">\n<div class=\"chapter-paragraph__body _content_snug5d\">Ce qu&rsquo;il manque pour l&rsquo;instant, pr\u00e9cise M. Virard, ce sont les moyens l\u00e9gaux d&rsquo;assurer la p\u00e9rennit\u00e9 de ces souvenirs sur le web. L&rsquo;\u00e9quivalent du travail que font les fabriques pour les cimeti\u00e8res traditionnels, quoi.<\/div>\n<\/div>\n<div class=\"chapter-paragraph _paragraph_snug5d\">\n<div class=\"chapter-paragraph__body _content_snug5d\">Pour plus d&rsquo;informations, on peut consulter le site\u00a0<a href=\"http:\/\/immortels.ca\/wordpress\/\">www.immortels.ca<\/a>\u00a0ou visionner les vid\u00e9os de d\u00e9monstration au site\u00a0<a href=\"http:\/\/immortels.ca\/wordpress\/\">http:\/\/immortels.ca<\/a>.<\/div>\n<\/div>\n<\/div>\n<\/div>\n","protected":false},"excerpt":{"rendered":"<p>Le virtuel en lieu et place des cimeti\u00e8res LOUISE PLANTE Le Nouvelliste La technologie aidant, les cimeti\u00e8res traditionnels pourraient bien faire place \u00e0 une m\u00e9moire collective virtuelle et qui sait, quasi immortelle. C&rsquo;est le r\u00eave que caresse Michel Virard, d&rsquo;Immortels.ca, qui propose d\u00e9j\u00e0 des vid\u00e9os-biographies sur support DVD, des documents qui contiennent plus d&rsquo;informations que &hellip; <a href=\"http:\/\/immortels.ca\/wordpress\/historique\/entrevue-le-nouvelliste-mars-2015\/\" class=\"more-link\">Continuer la lecture de <span class=\"screen-reader-text\">Entrevue Le Nouvelliste Mars 2015<\/span>  <span class=\"meta-nav\">&rarr;<\/span><\/a><\/p>\n","protected":false},"author":1,"featured_media":0,"parent":144,"menu_order":0,"comment_status":"closed","ping_status":"closed","template":"","meta":{"spay_email":""},"yoast_head":"<!-- This site is optimized with the Yoast SEO plugin v15.0 - https:\/\/yoast.com\/wordpress\/plugins\/seo\/ -->\n<meta name=\"description\" content=\"Les cimeti\u00e8res virtuels s&#039;en viennent. Louise Plante nous en parle avec cette entrevue d&#039;Andr\u00e9a Richard et Michel Virard.\" \/>\n<meta name=\"robots\" content=\"index, follow, max-snippet:-1, max-image-preview:large, max-video-preview:-1\" \/>\n<link rel=\"canonical\" href=\"http:\/\/immortels.ca\/wordpress\/historique\/entrevue-le-nouvelliste-mars-2015\/\" \/>\n<meta property=\"og:locale\" content=\"fr_FR\" \/>\n<meta property=\"og:type\" content=\"article\" \/>\n<meta property=\"og:title\" content=\"Entrevue Le Nouvelliste Mars 2015 - Immortels\" \/>\n<meta property=\"og:description\" content=\"Les cimeti\u00e8res virtuels s&#039;en viennent. Louise Plante nous en parle avec cette entrevue d&#039;Andr\u00e9a Richard et Michel Virard.\" \/>\n<meta property=\"og:url\" content=\"http:\/\/immortels.ca\/wordpress\/historique\/entrevue-le-nouvelliste-mars-2015\/\" \/>\n<meta property=\"og:site_name\" content=\"Immortels\" \/>\n<meta property=\"article:publisher\" content=\"https:\/\/www.facebook.com\/immortels.ca\/\" \/>\n<meta property=\"og:image\" content=\"https:\/\/images.omerlocdn.com\/resize?url=https%3A%2F%2Fgcm-v2.omerlocdn.com%2Fproduction%2Fglobal%2Ffiles%2Fimage%2Fa96b13ea-e94d-45b9-965f-ff2314345357.jpg&#038;width=1024&#038;type=jpeg\" \/>\n<meta name=\"twitter:card\" content=\"summary_large_image\" \/>\n<script type=\"application\/ld+json\" class=\"yoast-schema-graph\">{\"@context\":\"https:\/\/schema.org\",\"@graph\":[{\"@type\":\"Organization\",\"@id\":\"http:\/\/immortels.ca\/wordpress\/#organization\",\"name\":\"Immortels.ca\",\"url\":\"http:\/\/immortels.ca\/wordpress\/\",\"sameAs\":[\"https:\/\/www.facebook.com\/immortels.ca\/\",\"https:\/\/www.youtube.com\/channel\/UC7Z1MrpTYIwCNWYmSF9JMzA\"],\"logo\":{\"@type\":\"ImageObject\",\"@id\":\"http:\/\/immortels.ca\/wordpress\/#logo\",\"inLanguage\":\"fr-FR\",\"url\":\"http:\/\/immortels.ca\/wordpress\/wp-content\/uploads\/2014\/10\/logo-immortels.ca_.jpg\",\"width\":540,\"height\":533,\"caption\":\"Immortels.ca\"},\"image\":{\"@id\":\"http:\/\/immortels.ca\/wordpress\/#logo\"}},{\"@type\":\"WebSite\",\"@id\":\"http:\/\/immortels.ca\/wordpress\/#website\",\"url\":\"http:\/\/immortels.ca\/wordpress\/\",\"name\":\"Immortels\",\"description\":\"On a tous une histoire \\u00e0 raconter\",\"publisher\":{\"@id\":\"http:\/\/immortels.ca\/wordpress\/#organization\"},\"potentialAction\":[{\"@type\":\"SearchAction\",\"target\":\"http:\/\/immortels.ca\/wordpress\/?s={search_term_string}\",\"query-input\":\"required name=search_term_string\"}],\"inLanguage\":\"fr-FR\"},{\"@type\":\"ImageObject\",\"@id\":\"http:\/\/immortels.ca\/wordpress\/historique\/entrevue-le-nouvelliste-mars-2015\/#primaryimage\",\"inLanguage\":\"fr-FR\",\"url\":\"https:\/\/images.omerlocdn.com\/resize?url=https%3A%2F%2Fgcm-v2.omerlocdn.com%2Fproduction%2Fglobal%2Ffiles%2Fimage%2Fa96b13ea-e94d-45b9-965f-ff2314345357.jpg&amp;width=1024&amp;type=jpeg\"},{\"@type\":\"WebPage\",\"@id\":\"http:\/\/immortels.ca\/wordpress\/historique\/entrevue-le-nouvelliste-mars-2015\/#webpage\",\"url\":\"http:\/\/immortels.ca\/wordpress\/historique\/entrevue-le-nouvelliste-mars-2015\/\",\"name\":\"Entrevue Le Nouvelliste Mars 2015 - Immortels\",\"isPartOf\":{\"@id\":\"http:\/\/immortels.ca\/wordpress\/#website\"},\"primaryImageOfPage\":{\"@id\":\"http:\/\/immortels.ca\/wordpress\/historique\/entrevue-le-nouvelliste-mars-2015\/#primaryimage\"},\"datePublished\":\"2021-02-14T18:45:17+00:00\",\"dateModified\":\"2021-02-14T18:45:17+00:00\",\"description\":\"Les cimeti\\u00e8res virtuels s'en viennent. Louise Plante nous en parle avec cette entrevue d'Andr\\u00e9a Richard et Michel Virard.\",\"inLanguage\":\"fr-FR\",\"potentialAction\":[{\"@type\":\"ReadAction\",\"target\":[\"http:\/\/immortels.ca\/wordpress\/historique\/entrevue-le-nouvelliste-mars-2015\/\"]}]}]}<\/script>\n<!-- \/ Yoast SEO plugin. -->","jetpack_sharing_enabled":true,"jetpack_shortlink":"https:\/\/wp.me\/P5QWQr-db","_links":{"self":[{"href":"http:\/\/immortels.ca\/wordpress\/wp-json\/wp\/v2\/pages\/817"}],"collection":[{"href":"http:\/\/immortels.ca\/wordpress\/wp-json\/wp\/v2\/pages"}],"about":[{"href":"http:\/\/immortels.ca\/wordpress\/wp-json\/wp\/v2\/types\/page"}],"author":[{"embeddable":true,"href":"http:\/\/immortels.ca\/wordpress\/wp-json\/wp\/v2\/users\/1"}],"replies":[{"embeddable":true,"href":"http:\/\/immortels.ca\/wordpress\/wp-json\/wp\/v2\/comments?post=817"}],"version-history":[{"count":1,"href":"http:\/\/immortels.ca\/wordpress\/wp-json\/wp\/v2\/pages\/817\/revisions"}],"predecessor-version":[{"id":818,"href":"http:\/\/immortels.ca\/wordpress\/wp-json\/wp\/v2\/pages\/817\/revisions\/818"}],"up":[{"embeddable":true,"href":"http:\/\/immortels.ca\/wordpress\/wp-json\/wp\/v2\/pages\/144"}],"wp:attachment":[{"href":"http:\/\/immortels.ca\/wordpress\/wp-json\/wp\/v2\/media?parent=817"}],"curies":[{"name":"wp","href":"https:\/\/api.w.org\/{rel}","templated":true}]}}