{"id":79,"date":"2014-07-10T16:00:25","date_gmt":"2014-07-10T20:00:25","guid":{"rendered":"http:\/\/immortels.ca\/wordpress\/?page_id=79"},"modified":"2019-12-12T17:25:22","modified_gmt":"2019-12-12T22:25:22","slug":"numeriser-des-diapositives-couleur","status":"publish","type":"page","link":"http:\/\/immortels.ca\/wordpress\/organiser-vos-documents\/numeriser-des-diapositives-couleur\/","title":{"rendered":"Diapositives couleur"},"content":{"rendered":"<h5 style=\"color: #757e82;\"><strong>Parlons un peu des deux types de films pour diapositives couleur (transparentes) \u00a0les plus courants au milieu du 20e si\u00e8cle :\u00a0<\/strong><\/h5>\n<p style=\"color: #757e82;\">Il n\u2019y a pratiquement qu\u2019un seul format de film utilis\u00e9 pour les diapositives couleurs apparues au milieu des ann\u00e9es cinquante et utilis\u00e9es massivement jusqu\u2019\u00e0 r\u00e9cemment.\u00a0Il s&rsquo;agit d\u2019un film couleur inversible (sans n\u00e9gatif) de 35 mm de large, livr\u00e9 en bobines de 24 ou 36 poses. Le film expos\u00e9 est trait\u00e9 chimiquement dans un laboratoire sp\u00e9cialis\u00e9 et d\u00e9coup\u00e9 en photos 24&#215;36 mm elles-m\u00eames mont\u00e9es dans des supports en carton ou en plastique de dimensions standard (50&#215;50 mm).<\/p>\n<figure id=\"attachment_24\" aria-describedby=\"caption-attachment-24\" style=\"width: 564px\" class=\"wp-caption aligncenter\"><a href=\"http:\/\/immortels.ca\/wordpress\/wp-content\/uploads\/2014\/07\/DSC_0358.jpg\"><img loading=\"lazy\" class=\"size-full wp-image-24\" src=\"http:\/\/immortels.ca\/wordpress\/wp-content\/uploads\/2014\/07\/DSC_0358.jpg\" alt=\"Diapositives stock\u00e9es dans des feuilles plastiques \u00e0 20 pochettes.\" width=\"564\" height=\"329\" srcset=\"http:\/\/immortels.ca\/wordpress\/wp-content\/uploads\/2014\/07\/DSC_0358.jpg 564w, http:\/\/immortels.ca\/wordpress\/wp-content\/uploads\/2014\/07\/DSC_0358-300x175.jpg 300w\" sizes=\"(max-width: 564px) 100vw, 564px\" \/><\/a><figcaption id=\"caption-attachment-24\" class=\"wp-caption-text\">Diapositives stock\u00e9es dans des feuilles plastiques \u00e0 20 pochettes.<\/figcaption><\/figure>\n<p style=\"color: #757e82;\">Les diapositives sont faites pour \u00eatre projet\u00e9es mais il \u00e9tait fr\u00e9quent que des tirages sur papier soient r\u00e9alis\u00e9s. Historiquement, deux proc\u00e9d\u00e9s ont \u00e9t\u00e9 utilis\u00e9s pour produire des diapositives 24&#215;36, <span style=\"color: #ff0000;\"><strong>Kodachrome<\/strong><\/span> et <span style=\"color: #ff0000;\"><strong>Ektachrome<\/strong><\/span> (aussi appel\u00e9 traitement E-6). Le Kodachrome, discontinu\u00e9 depuis 2010 exigeait toujours un traitement dans un laboratoire Kodak tandis que l\u2019Ektachrome (toujours disponible) peut \u00eatre trait\u00e9 par des laboratoires ind\u00e9pendants, voir des amateurs exp\u00e9riment\u00e9s.<\/p>\n<figure id=\"attachment_99\" aria-describedby=\"caption-attachment-99\" style=\"width: 474px\" class=\"wp-caption alignnone\"><a href=\"http:\/\/immortels.ca\/wordpress\/wp-content\/uploads\/2014\/07\/DSCN4799.jpg\"><img loading=\"lazy\" class=\"wp-image-99 size-large\" src=\"http:\/\/immortels.ca\/wordpress\/wp-content\/uploads\/2014\/07\/DSCN4799-1024x768.jpg\" alt=\"Deux mod\u00e8les de diapositives Kodachrome\" width=\"474\" height=\"355\" srcset=\"http:\/\/immortels.ca\/wordpress\/wp-content\/uploads\/2014\/07\/DSCN4799-1024x768.jpg 1024w, http:\/\/immortels.ca\/wordpress\/wp-content\/uploads\/2014\/07\/DSCN4799-300x225.jpg 300w, http:\/\/immortels.ca\/wordpress\/wp-content\/uploads\/2014\/07\/DSCN4799.jpg 2048w\" sizes=\"(max-width: 474px) 100vw, 474px\" \/><\/a><figcaption id=\"caption-attachment-99\" class=\"wp-caption-text\">Deux mod\u00e8les de diapositives Kodachrome<\/figcaption><\/figure>\n<p><span style=\"color: #808080;\">Les diff\u00e9rences entre les deux proc\u00e9d\u00e9s ont des cons\u00e9quences quand \u00e0 la conservation des couleurs sur de longues p\u00e9riodes. M\u00eame au d\u00e9part, les deux proc\u00e9d\u00e9s produisaient des dominantes couleur l\u00e9g\u00e8rement diff\u00e9rentes. Avec les ann\u00e9es, les diff\u00e9rences se sont accentu\u00e9es au point que les logiciels des num\u00e9riseurs de diapositive ont des r\u00e9glages assez diff\u00e9rents selon le type de diapositive. Il semble bien que les diapos Kodachrome conservent leur couleur plus longtemps que les diapos Ektachrome mais on peut g\u00e9n\u00e9ralement r\u00e9\u00e9quilibrer les couleurs des unes et des autres sans trop de probl\u00e8mes.<\/span><\/p>\n<figure id=\"attachment_35\" aria-describedby=\"caption-attachment-35\" style=\"width: 564px\" class=\"wp-caption alignnone\"><a href=\"http:\/\/immortels.ca\/wordpress\/wp-content\/uploads\/2014\/07\/ektavskodak.jpg\"><img loading=\"lazy\" class=\"wp-image-35 size-full\" src=\"http:\/\/immortels.ca\/wordpress\/wp-content\/uploads\/2014\/07\/ektavskodak.jpg\" alt=\"ektavskodak\" width=\"564\" height=\"265\" srcset=\"http:\/\/immortels.ca\/wordpress\/wp-content\/uploads\/2014\/07\/ektavskodak.jpg 564w, http:\/\/immortels.ca\/wordpress\/wp-content\/uploads\/2014\/07\/ektavskodak-300x140.jpg 300w\" sizes=\"(max-width: 564px) 100vw, 564px\" \/><\/a><figcaption id=\"caption-attachment-35\" class=\"wp-caption-text\">Deux mod\u00e8les de diapositives Ektachrome<\/figcaption><\/figure>\n<p><span style=\"color: #808080;\">Les d\u00e9fauts courants des diapositives couleur sont relativement faciles \u00e0 corriger automatiquement car les num\u00e9riseurs de diapositives disposent d\u2019une arme assez extraordinaire : les rayons infrarouge!<\/span><\/p>\n<figure id=\"attachment_34\" aria-describedby=\"caption-attachment-34\" style=\"width: 236px\" class=\"wp-caption alignright\"><a href=\"http:\/\/immortels.ca\/wordpress\/wp-content\/uploads\/2014\/07\/DSCN4800.jpg\"><img loading=\"lazy\" class=\"wp-image-34 size-medium\" src=\"http:\/\/immortels.ca\/wordpress\/wp-content\/uploads\/2014\/07\/DSCN4800-236x300.jpg\" alt=\"DSCN4800\" width=\"236\" height=\"300\" srcset=\"http:\/\/immortels.ca\/wordpress\/wp-content\/uploads\/2014\/07\/DSCN4800-236x300.jpg 236w, http:\/\/immortels.ca\/wordpress\/wp-content\/uploads\/2014\/07\/DSCN4800.jpg 564w\" sizes=\"(max-width: 236px) 100vw, 236px\" \/><\/a><figcaption id=\"caption-attachment-34\" class=\"wp-caption-text\">Num\u00e9riseur de diapositive avec Digital ICE<\/figcaption><\/figure>\n<p><span style=\"color: #808080;\">\u00a0Au lieu de lire seulement les trois couleurs habituelles, les num\u00e9riseurs de type <span style=\"color: #ff0000;\">\u00abDigital ICE\u00bb<span style=\"color: #999999;\"> (<em>Image Correction and Enhancement<\/em>)<\/span><\/span> en lisent quatre. La quatri\u00e8me couleur est l\u2019<span style=\"color: #ff0000;\">infrarouge<\/span> (IR). Alors que les colorants utilis\u00e9s dans les films transparents laissent passer l\u2019infrarouge, les d\u00e9fauts de surface (rayures, poussi\u00e8res) bloquent les rayons infrarouges. Le logiciel du num\u00e9riseur est alors capable de filtrer ces d\u00e9fauts et de remplacer les pixels d\u00e9fectueux par les couleurs probables. Lorsque l\u2019\u00e9quipement et les colorants de la diapositive le permettent, l\u2019effet du Digital ICE est litt\u00e9ralement \u00abmagique\u00bb.\u00a0<\/span><\/p>\n<p><strong><span style=\"color: #808080;\">Les d\u00e9fauts les plus fr\u00e9quents des diapositives et les rem\u00e8des possibles:<\/span><\/strong><\/p>\n<ul style=\"color: #757e82;\">\n<li><strong>\u00a0Flou<\/strong>\u00a0: malheureusement une diapositive <strong>floue<\/strong> \u00e9tait assez rarement exploitable mais les choses ont chang\u00e9es en 2012. \u00ab\u00a0flou\u00a0\u00bb. S&rsquo;il s&rsquo;agit d&rsquo;un \u00ab\u00a0boug\u00e9\u00a0\u00bb pendant la prise de vue, il est maintenant envisageable de corriger ce d\u00e9faut. \u00a0S&rsquo;il s&rsquo;agit d&rsquo;un clich\u00e9 pris hors focus, l\u00e0 aussi tout espoir n&rsquo;est pas perdu : il est maintenant possible d&rsquo;am\u00e9liorer consid\u00e9rablement la qualit\u00e9 du clich\u00e9.<\/li>\n<li>\u00a0Couleurs <strong>d\u00e9lav\u00e9es<\/strong>\u00a0ou avec une couleur dominante : am\u00e9lioration probable par la fonction ROC, Restauration of Color, des num\u00e9riseurs.<\/li>\n<li>\u00a0Clich\u00e9 presque <strong>transparent\u00a0<\/strong>: possibilit\u00e9 de r\u00e9cup\u00e9rer une image acceptable<\/li>\n<li>\u00a0Clich\u00e9 presque compl\u00e8tement <strong>opaque<\/strong>\u00a0: possibilit\u00e9 de r\u00e9cup\u00e9rer une image acceptable<\/li>\n<li>\u00a0<strong>Rayures<\/strong>\u00a0: am\u00e9lioration probable avec le Digital ICE. (Les anciens projecteurs qui rataient parfois l&rsquo;insertion d&rsquo;une diapositive devant l&rsquo;objectif avaient, h\u00e9las, toutes les chances de produire des rayures &#8230;)<\/li>\n<li><strong>\u00a0Poussi\u00e8res ou points de moisissure<\/strong>: am\u00e9lioration probable avec le Digital ICE<\/li>\n<li>\u00a0<strong>Image granuleuse<\/strong>\u00a0: am\u00e9lioration probable avec GEM <em>( Grain Equalization &amp; Management)<\/em>.<\/li>\n<\/ul>\n<p>Alors qu\u2019il est assez difficile de num\u00e9riser en masse des n\u00e9gatifs couleurs, il est maintenant possible de num\u00e9riser des lots importants de diapositives en mode automatique m\u00eame sans faire appel \u00e0 du mat\u00e9riel professionnel haut de gamme. Le num\u00e9riseur Braun 4000 ci-dessous peut traiter jusqu&rsquo;\u00e0 100 diapositives en une seule s\u00e9ance avec une excellente r\u00e9solution.<\/p>\n<figure id=\"attachment_23\" aria-describedby=\"caption-attachment-23\" style=\"width: 564px\" class=\"wp-caption aligncenter\"><a href=\"http:\/\/immortels.ca\/wordpress\/wp-content\/uploads\/2014\/07\/DSC_0345.jpg\"><img loading=\"lazy\" class=\"wp-image-23 size-full\" src=\"http:\/\/immortels.ca\/wordpress\/wp-content\/uploads\/2014\/07\/DSC_0345.jpg\" alt=\"DSC_0345\" width=\"564\" height=\"375\" srcset=\"http:\/\/immortels.ca\/wordpress\/wp-content\/uploads\/2014\/07\/DSC_0345.jpg 564w, http:\/\/immortels.ca\/wordpress\/wp-content\/uploads\/2014\/07\/DSC_0345-300x199.jpg 300w, http:\/\/immortels.ca\/wordpress\/wp-content\/uploads\/2014\/07\/DSC_0345-140x94.jpg 140w\" sizes=\"(max-width: 564px) 100vw, 564px\" \/><\/a><figcaption id=\"caption-attachment-23\" class=\"wp-caption-text\">Num\u00e9riseurs \u00e0 diapositives avec Digital ICE et tiroirs de 50 diapos ou carrousel de 100 diapos.<\/figcaption><\/figure>\n<p style=\"color: #757e82;\">Toutefois un lot de 100 diapositives prendra plus de 5 heures \u00e0 traiter, m\u00eame avec une r\u00e9solution moyenne.<\/p>\n<hr \/>\n<h5 style=\"color: #757e82;\"><strong>Comment voyager avec un stock de diapos dans vos bagages ?<\/strong><\/h5>\n<p>Pour prot\u00e9ger vos diapos et voyager l\u00e9<img loading=\"lazy\" class=\"size-medium wp-image-766 alignleft\" src=\"http:\/\/immortels.ca\/wordpress\/wp-content\/uploads\/2019\/12\/Faire-voyager-vos-diapos-300x300.jpg\" alt=\"\" width=\"300\" height=\"300\" srcset=\"http:\/\/immortels.ca\/wordpress\/wp-content\/uploads\/2019\/12\/Faire-voyager-vos-diapos-300x300.jpg 300w, http:\/\/immortels.ca\/wordpress\/wp-content\/uploads\/2019\/12\/Faire-voyager-vos-diapos-1024x1024.jpg 1024w, http:\/\/immortels.ca\/wordpress\/wp-content\/uploads\/2019\/12\/Faire-voyager-vos-diapos-150x150.jpg 150w, http:\/\/immortels.ca\/wordpress\/wp-content\/uploads\/2019\/12\/Faire-voyager-vos-diapos-768x768.jpg 768w, http:\/\/immortels.ca\/wordpress\/wp-content\/uploads\/2019\/12\/Faire-voyager-vos-diapos.jpg 1200w\" sizes=\"(max-width: 300px) 100vw, 300px\" \/>ger, je vous sugg\u00e8re d&rsquo;en faire de petites \u00abbriques\u00bb comme sur la photo ci-contre.<\/p>\n<p>Utilisez du papier aluminium pour fabriquer de petites briques compactes de 10, 20 ou 36 diapos (max). Coller une \u00e9tiquette dessus avec le nom que vous voudrez voir sur le r\u00e9pertoire correspondant et aussi comme racine du nom de chaque photo de la brique. Trouver une petite boite en carton ou en plastique pour y mettre vos petites briques.<\/p>\n<p>Note: le papier d&rsquo;aluminium prot\u00e9gera vos diapos des effets des rayons UV. Toutefois, les rayons X passent facilement au travers mais c&rsquo;est sans danger pour les diapos car l&rsquo;exposition au rayons X dans les a\u00e9roports est de tr\u00e8s courte dur\u00e9e.<\/p>\n<p style=\"text-align: left;\"><strong>Identification des fichiers de diapositives<\/strong><br \/>\nNous num\u00e9rotons les scans avec un suffixe qui reproduit le num\u00e9ro de la diapo (si celui-ci est disponible). Vous pourrez toujours rajouter du texte plus descriptif apr\u00e8s cette racine commune \u00e0 tous les noms des fichiers appartenant \u00e0 une \u00abbrique\u00bb. Cela vous donnera des photos avec, initialement, un nom de fichier similaire \u00e0 celui-ci:<\/p>\n<p style=\"text-align: center;\"><strong>Lot04-1971-Vend\u00e9e-LesSables-17<\/strong><\/p>\n<p style=\"text-align: left;\">Le suffixe \u00ab17\u00bb \u00e9tant le num\u00e9ro inscrit sur la diapo originale.<br \/>\nLa date peut \u00eatre plus pr\u00e9cise, par exemple 1971-08-13.<br \/>\n<em>(Note: toujours utiliser la date ISO c&rsquo;est-\u00e0-dire: <strong>AAAA-MM-JJ<\/strong> pour simplifier les tris ult\u00e9rieurs.)<\/em><\/p>\n<p>Libre \u00e0 vous de rajouter \u00e0 la suite un <strong>descriptif du contenu<\/strong> de la photo.<br \/>\nTypiquement nous recommandons d&rsquo;inscrire d&rsquo;abord le nom d&rsquo;\u00e9v\u00e9nement, s&rsquo;il y a lieu, puis le pr\u00e9nom (et parfois le nom) des personnes pr\u00e9sentes sur la photo. La convention est de toujours balayer de gauche \u00e0 droite. Cette fa\u00e7on de faire vous permettra ult\u00e9rieurement de retrouver toutes les photos o\u00f9 une personne est pr\u00e9sente en un seul coup! Une chose impossible \u00e0 faire avec des albums de photos papier.<br \/>\nCette fa\u00e7on de nommer les fichiers vous donnera des noms de fichier qui peuvent \u00eatre long mais cela n&rsquo;a plus d&rsquo;importance. M\u00eame sur les versions ant\u00e9rieure de Windows on pouvait avoir des noms de fichier jusqu&rsquo;\u00e0 260 caract\u00e8res.<br \/>\nCela vous donnera des noms de fichier du style:<\/p>\n<p><strong>Lot04-1971-06-23-Vend\u00e9e-LesSables-17-MariageUnetelle-Th\u00e9o-JeanMarie<\/strong><\/p>\n<p>Par convention, vous aurez sans doute not\u00e9 que nous ne mettons pas d&rsquo;espace entre pr\u00e9nom et nom ou entre les articles et les noms dans les descriptifs de lieu ou d&rsquo;\u00e9v\u00e9nement (par contre nous utilisons une majuscule pour marquer la s\u00e9paration) mais ce n&rsquo;est pas obligatoire. Aussi, tenez vous \u00e0 une seule convention pour les accents et C c\u00e9dille: soit toujours pr\u00e9sents, soit toujours absents. \u00c7a \u00e9vite de mauvaises surprises&#8230;<\/p>\n<p><a href=\"http:\/\/immortels.ca\/wordpress\/?page_id=125\">Prochain onglet: Photos papier<\/a><\/p>\n","protected":false},"excerpt":{"rendered":"<p>Parlons un peu des deux types de films pour diapositives couleur (transparentes) \u00a0les plus courants au milieu du 20e si\u00e8cle :\u00a0 Il n\u2019y a pratiquement qu\u2019un seul format de film utilis\u00e9 pour les diapositives couleurs apparues au milieu des ann\u00e9es cinquante et utilis\u00e9es massivement jusqu\u2019\u00e0 r\u00e9cemment.\u00a0Il s&rsquo;agit d\u2019un film couleur inversible (sans n\u00e9gatif) de 35 &hellip; <a href=\"http:\/\/immortels.ca\/wordpress\/organiser-vos-documents\/numeriser-des-diapositives-couleur\/\" class=\"more-link\">Continuer la lecture de <span class=\"screen-reader-text\">Diapositives couleur<\/span>  <span class=\"meta-nav\">&rarr;<\/span><\/a><\/p>\n","protected":false},"author":3,"featured_media":0,"parent":134,"menu_order":105,"comment_status":"closed","ping_status":"closed","template":"","meta":{"spay_email":""},"yoast_head":"<!-- This site is optimized with the Yoast SEO plugin v15.0 - https:\/\/yoast.com\/wordpress\/plugins\/seo\/ -->\n<meta name=\"robots\" content=\"index, follow, max-snippet:-1, max-image-preview:large, max-video-preview:-1\" \/>\n<link rel=\"canonical\" href=\"http:\/\/immortels.ca\/wordpress\/organiser-vos-documents\/numeriser-des-diapositives-couleur\/\" \/>\n<meta property=\"og:locale\" content=\"fr_FR\" \/>\n<meta property=\"og:type\" content=\"article\" \/>\n<meta property=\"og:title\" content=\"Diapositives couleur - Immortels\" \/>\n<meta property=\"og:description\" content=\"Parlons un peu des deux types de films pour diapositives couleur (transparentes) \u00a0les plus courants au milieu du 20e si\u00e8cle :\u00a0 Il n\u2019y a pratiquement qu\u2019un seul format de film utilis\u00e9 pour les diapositives couleurs apparues au milieu des ann\u00e9es cinquante et utilis\u00e9es massivement jusqu\u2019\u00e0 r\u00e9cemment.\u00a0Il s&rsquo;agit d\u2019un film couleur inversible (sans n\u00e9gatif) de 35 &hellip; Continuer la lecture de Diapositives couleur &rarr;\" \/>\n<meta property=\"og:url\" content=\"http:\/\/immortels.ca\/wordpress\/organiser-vos-documents\/numeriser-des-diapositives-couleur\/\" \/>\n<meta property=\"og:site_name\" content=\"Immortels\" \/>\n<meta property=\"article:publisher\" content=\"https:\/\/www.facebook.com\/immortels.ca\/\" \/>\n<meta property=\"article:modified_time\" content=\"2019-12-12T22:25:22+00:00\" \/>\n<meta property=\"og:image\" content=\"http:\/\/immortels.ca\/wordpress\/wp-content\/uploads\/2014\/07\/DSC_0358.jpg\" \/>\n<meta name=\"twitter:card\" content=\"summary_large_image\" \/>\n<script type=\"application\/ld+json\" class=\"yoast-schema-graph\">{\"@context\":\"https:\/\/schema.org\",\"@graph\":[{\"@type\":\"Organization\",\"@id\":\"http:\/\/immortels.ca\/wordpress\/#organization\",\"name\":\"Immortels.ca\",\"url\":\"http:\/\/immortels.ca\/wordpress\/\",\"sameAs\":[\"https:\/\/www.facebook.com\/immortels.ca\/\",\"https:\/\/www.youtube.com\/channel\/UC7Z1MrpTYIwCNWYmSF9JMzA\"],\"logo\":{\"@type\":\"ImageObject\",\"@id\":\"http:\/\/immortels.ca\/wordpress\/#logo\",\"inLanguage\":\"fr-FR\",\"url\":\"http:\/\/immortels.ca\/wordpress\/wp-content\/uploads\/2014\/10\/logo-immortels.ca_.jpg\",\"width\":540,\"height\":533,\"caption\":\"Immortels.ca\"},\"image\":{\"@id\":\"http:\/\/immortels.ca\/wordpress\/#logo\"}},{\"@type\":\"WebSite\",\"@id\":\"http:\/\/immortels.ca\/wordpress\/#website\",\"url\":\"http:\/\/immortels.ca\/wordpress\/\",\"name\":\"Immortels\",\"description\":\"On a tous une histoire \\u00e0 raconter\",\"publisher\":{\"@id\":\"http:\/\/immortels.ca\/wordpress\/#organization\"},\"potentialAction\":[{\"@type\":\"SearchAction\",\"target\":\"http:\/\/immortels.ca\/wordpress\/?s={search_term_string}\",\"query-input\":\"required name=search_term_string\"}],\"inLanguage\":\"fr-FR\"},{\"@type\":\"ImageObject\",\"@id\":\"http:\/\/immortels.ca\/wordpress\/organiser-vos-documents\/numeriser-des-diapositives-couleur\/#primaryimage\",\"inLanguage\":\"fr-FR\",\"url\":\"http:\/\/immortels.ca\/wordpress\/wp-content\/uploads\/2014\/07\/DSC_0358.jpg\",\"width\":564,\"height\":329,\"caption\":\"Diapositives stock\\u00e9es dans des feuilles plastiques \\u00e0 20 pochettes.\"},{\"@type\":\"WebPage\",\"@id\":\"http:\/\/immortels.ca\/wordpress\/organiser-vos-documents\/numeriser-des-diapositives-couleur\/#webpage\",\"url\":\"http:\/\/immortels.ca\/wordpress\/organiser-vos-documents\/numeriser-des-diapositives-couleur\/\",\"name\":\"Diapositives couleur - Immortels\",\"isPartOf\":{\"@id\":\"http:\/\/immortels.ca\/wordpress\/#website\"},\"primaryImageOfPage\":{\"@id\":\"http:\/\/immortels.ca\/wordpress\/organiser-vos-documents\/numeriser-des-diapositives-couleur\/#primaryimage\"},\"datePublished\":\"2014-07-10T20:00:25+00:00\",\"dateModified\":\"2019-12-12T22:25:22+00:00\",\"inLanguage\":\"fr-FR\",\"potentialAction\":[{\"@type\":\"ReadAction\",\"target\":[\"http:\/\/immortels.ca\/wordpress\/organiser-vos-documents\/numeriser-des-diapositives-couleur\/\"]}]}]}<\/script>\n<!-- \/ Yoast SEO plugin. -->","jetpack_sharing_enabled":true,"jetpack_shortlink":"https:\/\/wp.me\/P5QWQr-1h","_links":{"self":[{"href":"http:\/\/immortels.ca\/wordpress\/wp-json\/wp\/v2\/pages\/79"}],"collection":[{"href":"http:\/\/immortels.ca\/wordpress\/wp-json\/wp\/v2\/pages"}],"about":[{"href":"http:\/\/immortels.ca\/wordpress\/wp-json\/wp\/v2\/types\/page"}],"author":[{"embeddable":true,"href":"http:\/\/immortels.ca\/wordpress\/wp-json\/wp\/v2\/users\/3"}],"replies":[{"embeddable":true,"href":"http:\/\/immortels.ca\/wordpress\/wp-json\/wp\/v2\/comments?post=79"}],"version-history":[{"count":28,"href":"http:\/\/immortels.ca\/wordpress\/wp-json\/wp\/v2\/pages\/79\/revisions"}],"predecessor-version":[{"id":770,"href":"http:\/\/immortels.ca\/wordpress\/wp-json\/wp\/v2\/pages\/79\/revisions\/770"}],"up":[{"embeddable":true,"href":"http:\/\/immortels.ca\/wordpress\/wp-json\/wp\/v2\/pages\/134"}],"wp:attachment":[{"href":"http:\/\/immortels.ca\/wordpress\/wp-json\/wp\/v2\/media?parent=79"}],"curies":[{"name":"wp","href":"https:\/\/api.w.org\/{rel}","templated":true}]}}