{"id":772,"date":"2019-12-12T18:12:55","date_gmt":"2019-12-12T23:12:55","guid":{"rendered":"http:\/\/immortels.ca\/wordpress\/?page_id=772"},"modified":"2019-12-12T18:12:56","modified_gmt":"2019-12-12T23:12:56","slug":"numerisation-de-vos-photos","status":"publish","type":"page","link":"http:\/\/immortels.ca\/wordpress\/sample-page\/numerisation-de-vos-photos\/","title":{"rendered":"Num\u00e9risation de vos photos"},"content":{"rendered":"\n<p>Que ce soit pour faire un album photo \u00e9lectronique ou une vid\u00e9o sur votre v\u00e9cu, ou celui d&rsquo;une personne ch\u00e8re, dans tous les cas, le travail num\u00e9ro UN va \u00eatre de num\u00e9riser ces diapos, ces n\u00e9gatifs d&rsquo;une autre \u00e9poque. Nous sommes sp\u00e9cialistes dans ce travail et nous avons les \u00e9quipements pour faire revivre, litt\u00e9ralement, sur grand \u00e9cran, ce qui \u00e9tait jusqu&rsquo;alors des images minuscules.<\/p>\n\n\n\n<p>Ce n&rsquo;est pas une plaisanterie: si vous avez des photos papier noir et blanc des ann\u00e9es quarantes et cinquantes, il y a de bonnes chances qu&rsquo;elles aient \u00e9t\u00e9 r\u00e9alis\u00e9es par simple contact entre le n\u00e9gatif 6x9cm et le papier photo. Ce qui vous donne une photo d&rsquo;exactement 2.36&Prime; x 3,54&Prime;, a peine plus grande qu&rsquo;une carte de cr\u00e9dit. Mais il y a plus: si vous avez conserv\u00e9 les n\u00e9gatifs originaux de ces photos papier, nous pourrons num\u00e9riser directement le n\u00e9gatif et en redresser la dynamique des tons gris. Vous n&rsquo;en croirez pas vos yeux car un changement de taille doubl\u00e9 d&rsquo;un redressement des gris r\u00e9v\u00e8le des d\u00e9tails insoup\u00e7onn\u00e9s.<br>Pour la num\u00e9risation voyez notre page produits et services \u00e0&nbsp;<a href=\"https:\/\/l.facebook.com\/l.php?u=http%3A%2F%2Fimmortels.ca%2Fwordpress%2Fproduits%2F%3Ffbclid%3DIwAR1brr7zkTGCdT2fgAAclwj1lvtfmDJfP9_e7BJbCTLzwC-x-r72CtImlA0&amp;h=AT03wJuG7jFmKAFDvqWnxB9G0mHu82afyaeivfnOgRyurVre8wBCVWTJVvqePM-NfHCEvW5qPYZj-0BTvt74e3TOMQnevqrJDeVBxc_DXnC91ryz82XWieM4dqXaYDV0lImucyxWwINFyzkAXZoCCWYwA799RRuTMQje3uyCwlHJnfYnmTw9_6Yctfr7TWqNRURWbvSs4jcWQ4WAvTKiRsRm-N-KoKOy440lAi8dbfHSGRtjeC5_OMIU3iPHvdHDBJpELHQsSDWsaU2Eizc6hFvmTFWOYIMJZHasuIr4kxuFO__o0Y1r6akXh3zTBoLvcP3p13aoVWRLJhA4RCWIZdVp1drUlLsXIZapzuFUrHrRbjqiR6NBiitfpbwhv4n4fGDpLFULXAFCWb39AbI81nEOTmg0ymX6ZinwSJx87AZbMY_aDcHOa2S_Pz4B4OjnL_Vl-qpRsH3vLCQjFzJzGgfLFMxOPuH80RU9BKgsMsFD55RQTbDjDmBYEHDUZHea0LnqffE14rIm42_4wAI1e-fbHOBCameZx5jjQQKRGIXmTYwuyCQtQ1msygil8034OyuJJ2Ht6cl0SRSHNC21jsRpSXB1eTVc6AyM-Q1jaKB9BHXiZsMnb9EZmHHS1lUaSU7CSw\" target=\"_blank\" rel=\"noreferrer noopener\">http:\/\/immortels.ca\/wordpress\/produits\/<\/a><br><\/p>\n","protected":false},"excerpt":{"rendered":"<p>Que ce soit pour faire un album photo \u00e9lectronique ou une vid\u00e9o sur votre v\u00e9cu, ou celui d&rsquo;une personne ch\u00e8re, dans tous les cas, le travail num\u00e9ro UN va \u00eatre de num\u00e9riser ces diapos, ces n\u00e9gatifs d&rsquo;une autre \u00e9poque. Nous sommes sp\u00e9cialistes dans ce travail et nous avons les \u00e9quipements pour faire revivre, litt\u00e9ralement, sur &hellip; <a href=\"http:\/\/immortels.ca\/wordpress\/sample-page\/numerisation-de-vos-photos\/\" class=\"more-link\">Continuer la lecture de <span class=\"screen-reader-text\">Num\u00e9risation de vos photos<\/span>  <span class=\"meta-nav\">&rarr;<\/span><\/a><\/p>\n","protected":false},"author":3,"featured_media":0,"parent":2,"menu_order":3,"comment_status":"closed","ping_status":"closed","template":"","meta":{"spay_email":""},"yoast_head":"<!-- This site is optimized with the Yoast SEO plugin v15.0 - https:\/\/yoast.com\/wordpress\/plugins\/seo\/ -->\n<meta name=\"robots\" content=\"index, follow, max-snippet:-1, max-image-preview:large, max-video-preview:-1\" \/>\n<link rel=\"canonical\" href=\"http:\/\/immortels.ca\/wordpress\/sample-page\/numerisation-de-vos-photos\/\" \/>\n<meta property=\"og:locale\" content=\"fr_FR\" \/>\n<meta property=\"og:type\" content=\"article\" \/>\n<meta property=\"og:title\" content=\"Num\u00e9risation de vos photos - Immortels\" \/>\n<meta property=\"og:description\" content=\"Que ce soit pour faire un album photo \u00e9lectronique ou une vid\u00e9o sur votre v\u00e9cu, ou celui d&rsquo;une personne ch\u00e8re, dans tous les cas, le travail num\u00e9ro UN va \u00eatre de num\u00e9riser ces diapos, ces n\u00e9gatifs d&rsquo;une autre \u00e9poque. Nous sommes sp\u00e9cialistes dans ce travail et nous avons les \u00e9quipements pour faire revivre, litt\u00e9ralement, sur &hellip; Continuer la lecture de Num\u00e9risation de vos photos &rarr;\" \/>\n<meta property=\"og:url\" content=\"http:\/\/immortels.ca\/wordpress\/sample-page\/numerisation-de-vos-photos\/\" \/>\n<meta property=\"og:site_name\" content=\"Immortels\" \/>\n<meta property=\"article:publisher\" content=\"https:\/\/www.facebook.com\/immortels.ca\/\" \/>\n<meta property=\"article:modified_time\" content=\"2019-12-12T23:12:56+00:00\" \/>\n<meta name=\"twitter:card\" content=\"summary_large_image\" \/>\n<script type=\"application\/ld+json\" class=\"yoast-schema-graph\">{\"@context\":\"https:\/\/schema.org\",\"@graph\":[{\"@type\":\"Organization\",\"@id\":\"http:\/\/immortels.ca\/wordpress\/#organization\",\"name\":\"Immortels.ca\",\"url\":\"http:\/\/immortels.ca\/wordpress\/\",\"sameAs\":[\"https:\/\/www.facebook.com\/immortels.ca\/\",\"https:\/\/www.youtube.com\/channel\/UC7Z1MrpTYIwCNWYmSF9JMzA\"],\"logo\":{\"@type\":\"ImageObject\",\"@id\":\"http:\/\/immortels.ca\/wordpress\/#logo\",\"inLanguage\":\"fr-FR\",\"url\":\"http:\/\/immortels.ca\/wordpress\/wp-content\/uploads\/2014\/10\/logo-immortels.ca_.jpg\",\"width\":540,\"height\":533,\"caption\":\"Immortels.ca\"},\"image\":{\"@id\":\"http:\/\/immortels.ca\/wordpress\/#logo\"}},{\"@type\":\"WebSite\",\"@id\":\"http:\/\/immortels.ca\/wordpress\/#website\",\"url\":\"http:\/\/immortels.ca\/wordpress\/\",\"name\":\"Immortels\",\"description\":\"On a tous une histoire \\u00e0 raconter\",\"publisher\":{\"@id\":\"http:\/\/immortels.ca\/wordpress\/#organization\"},\"potentialAction\":[{\"@type\":\"SearchAction\",\"target\":\"http:\/\/immortels.ca\/wordpress\/?s={search_term_string}\",\"query-input\":\"required name=search_term_string\"}],\"inLanguage\":\"fr-FR\"},{\"@type\":\"WebPage\",\"@id\":\"http:\/\/immortels.ca\/wordpress\/sample-page\/numerisation-de-vos-photos\/#webpage\",\"url\":\"http:\/\/immortels.ca\/wordpress\/sample-page\/numerisation-de-vos-photos\/\",\"name\":\"Num\\u00e9risation de vos photos - Immortels\",\"isPartOf\":{\"@id\":\"http:\/\/immortels.ca\/wordpress\/#website\"},\"datePublished\":\"2019-12-12T23:12:55+00:00\",\"dateModified\":\"2019-12-12T23:12:56+00:00\",\"inLanguage\":\"fr-FR\",\"potentialAction\":[{\"@type\":\"ReadAction\",\"target\":[\"http:\/\/immortels.ca\/wordpress\/sample-page\/numerisation-de-vos-photos\/\"]}]}]}<\/script>\n<!-- \/ Yoast SEO plugin. -->","jetpack_sharing_enabled":true,"jetpack_shortlink":"https:\/\/wp.me\/P5QWQr-cs","_links":{"self":[{"href":"http:\/\/immortels.ca\/wordpress\/wp-json\/wp\/v2\/pages\/772"}],"collection":[{"href":"http:\/\/immortels.ca\/wordpress\/wp-json\/wp\/v2\/pages"}],"about":[{"href":"http:\/\/immortels.ca\/wordpress\/wp-json\/wp\/v2\/types\/page"}],"author":[{"embeddable":true,"href":"http:\/\/immortels.ca\/wordpress\/wp-json\/wp\/v2\/users\/3"}],"replies":[{"embeddable":true,"href":"http:\/\/immortels.ca\/wordpress\/wp-json\/wp\/v2\/comments?post=772"}],"version-history":[{"count":1,"href":"http:\/\/immortels.ca\/wordpress\/wp-json\/wp\/v2\/pages\/772\/revisions"}],"predecessor-version":[{"id":773,"href":"http:\/\/immortels.ca\/wordpress\/wp-json\/wp\/v2\/pages\/772\/revisions\/773"}],"up":[{"embeddable":true,"href":"http:\/\/immortels.ca\/wordpress\/wp-json\/wp\/v2\/pages\/2"}],"wp:attachment":[{"href":"http:\/\/immortels.ca\/wordpress\/wp-json\/wp\/v2\/media?parent=772"}],"curies":[{"name":"wp","href":"https:\/\/api.w.org\/{rel}","templated":true}]}}