{"id":69,"date":"2014-07-10T15:40:05","date_gmt":"2014-07-10T19:40:05","guid":{"rendered":"http:\/\/immortels.ca\/wordpress\/?page_id=69"},"modified":"2014-08-14T12:41:11","modified_gmt":"2014-08-14T16:41:11","slug":"traiter-des-negatifs-noir-et-blanc-nb","status":"publish","type":"page","link":"http:\/\/immortels.ca\/wordpress\/organiser-vos-documents\/traiter-des-negatifs-noir-et-blanc-nb\/","title":{"rendered":"N\u00e9gatifs noir et blanc (N&#038;B)"},"content":{"rendered":"<div class=\"entry\" style=\"color: #757e82;\">\n<p><strong>Voici des exemples de n\u00e9gatifs N&amp;B les plus courants au milieu du 20e si\u00e8cle\u00a0:<\/strong><\/p>\n<p>Des <strong>plaques de verre<\/strong>. Les plus petites et les plus courantes ayant environ 6&#215;9 cm (2,5 x 3,5 po)<\/p>\n<figure id=\"attachment_31\" aria-describedby=\"caption-attachment-31\" style=\"width: 564px\" class=\"wp-caption alignnone\"><a href=\"http:\/\/immortels.ca\/wordpress\/wp-content\/uploads\/2014\/07\/DSCN4778.jpg\"><img loading=\"lazy\" class=\"wp-image-31 size-full\" src=\"http:\/\/immortels.ca\/wordpress\/wp-content\/uploads\/2014\/07\/DSCN4778.jpg\" alt=\"DSCN4778\" width=\"564\" height=\"388\" srcset=\"http:\/\/immortels.ca\/wordpress\/wp-content\/uploads\/2014\/07\/DSCN4778.jpg 564w, http:\/\/immortels.ca\/wordpress\/wp-content\/uploads\/2014\/07\/DSCN4778-300x206.jpg 300w\" sizes=\"(max-width: 564px) 100vw, 564px\" \/><\/a><figcaption id=\"caption-attachment-31\" class=\"wp-caption-text\">Plaques de verre<\/figcaption><\/figure>\n<ul>\n<ul>\n<li>Des <strong>bandes de plastique<\/strong> (tri-ac\u00e9tate de cellulose) de 8 a 12 clich\u00e9s mais, la plupart du temps, d\u00e9coup\u00e9es aussi en sections de 6&#215;6 ou 6&#215;9 cm (2,5 x 3,5 po).<\/li>\n<\/ul>\n<\/ul>\n<figure id=\"attachment_33\" aria-describedby=\"caption-attachment-33\" style=\"width: 564px\" class=\"wp-caption alignnone\"><a href=\"http:\/\/immortels.ca\/wordpress\/wp-content\/uploads\/2014\/07\/DSCN4789.jpg\"><img loading=\"lazy\" class=\"wp-image-33 size-full\" src=\"http:\/\/immortels.ca\/wordpress\/wp-content\/uploads\/2014\/07\/DSCN4789.jpg\" alt=\"DSCN4789\" width=\"564\" height=\"468\" srcset=\"http:\/\/immortels.ca\/wordpress\/wp-content\/uploads\/2014\/07\/DSCN4789.jpg 564w, http:\/\/immortels.ca\/wordpress\/wp-content\/uploads\/2014\/07\/DSCN4789-300x248.jpg 300w\" sizes=\"(max-width: 564px) 100vw, 564px\" \/><\/a><figcaption id=\"caption-attachment-33\" class=\"wp-caption-text\">Cellulo\u00efd<\/figcaption><\/figure>\n<ul>\n<ul>\n<li>Des bandes de tri-ac\u00e9tate de cellulose ou de polyester \u00a0de 12, 24 ou 36 vues de 24&#215;36 mm. Ces films ont 35mm de large. Ils sont souvent d\u00e9coup\u00e9s en section de 4 \u00e0 6 clich\u00e9s :<\/li>\n<li>Des variantes de ces formats ont exist\u00e9.<\/li>\n<\/ul>\n<\/ul>\n<p>Les plaques de verre doivent \u00e9videmment \u00eatre trait\u00e9es avec grande pr\u00e9caution vu leur fragilit\u00e9 mais les r\u00e9sultats avec un bon num\u00e9riseur avec r\u00e9tro-\u00e9clairage (indispensable) peuvent \u00eatre excellents.<\/p>\n<figure id=\"attachment_45\" aria-describedby=\"caption-attachment-45\" style=\"width: 564px\" class=\"wp-caption alignnone\"><a href=\"http:\/\/immortels.ca\/wordpress\/wp-content\/uploads\/2014\/07\/scan.jpg\"><img loading=\"lazy\" class=\"wp-image-45 size-full\" src=\"http:\/\/immortels.ca\/wordpress\/wp-content\/uploads\/2014\/07\/scan.jpg\" alt=\"scan\" width=\"564\" height=\"458\" srcset=\"http:\/\/immortels.ca\/wordpress\/wp-content\/uploads\/2014\/07\/scan.jpg 564w, http:\/\/immortels.ca\/wordpress\/wp-content\/uploads\/2014\/07\/scan-300x243.jpg 300w\" sizes=\"(max-width: 564px) 100vw, 564px\" \/><\/a><figcaption id=\"caption-attachment-45\" class=\"wp-caption-text\">Num\u00e9risateur Relisys \u00e0 r\u00e9tro-\u00e9clairage<\/figcaption><\/figure>\n<p>Les d\u00e9fauts courants de ces n\u00e9gatifs, verre ou ac\u00e9tate, qui ont souvent plus de cinquante ans ne sont pas tous \u00e9galement faciles \u00e0 corriger\u00a0automatiquement :<\/p>\n<ul>\n<ul>\n<li><span style=\"font-weight: bold;\">\u00a0Flou<\/span>\u00a0: malheureusement un n\u00e9gatif\u00a0<span style=\"font-weight: bold;\">flou<\/span>\u00a0\u00e9tait assez rarement exploitable mais les choses ont chang\u00e9es en 2012. S&rsquo;il s&rsquo;agit d&rsquo;un \u00ab\u00a0boug\u00e9\u00a0\u00bb pendant la prise de vue, il est maintenant envisageable de corriger ce d\u00e9faut. \u00a0S&rsquo;il s&rsquo;agit d&rsquo;un clich\u00e9 pris hors focus, l\u00e0 aussi tout espoir n&rsquo;est pas perdu : il est maintenant possible d&rsquo;am\u00e9liorer la qualit\u00e9 du clich\u00e9.<\/li>\n<li>Clich\u00e9 presque <strong>transparent<\/strong>\u00a0: possibilit\u00e9 de r\u00e9cup\u00e9rer une image acceptable<\/li>\n<\/ul>\n<\/ul>\n<figure id=\"attachment_18\" aria-describedby=\"caption-attachment-18\" style=\"width: 564px\" class=\"wp-caption alignnone\"><a href=\"http:\/\/immortels.ca\/wordpress\/wp-content\/uploads\/2014\/07\/103-clich\u00e9-presque-transDSC_0371.jpg\"><img loading=\"lazy\" class=\"wp-image-18 size-full\" src=\"http:\/\/immortels.ca\/wordpress\/wp-content\/uploads\/2014\/07\/103-clich\u00e9-presque-transDSC_0371.jpg\" alt=\"103-clich\u00e9 presque transDSC_0371\" width=\"564\" height=\"337\" srcset=\"http:\/\/immortels.ca\/wordpress\/wp-content\/uploads\/2014\/07\/103-clich\u00e9-presque-transDSC_0371.jpg 564w, http:\/\/immortels.ca\/wordpress\/wp-content\/uploads\/2014\/07\/103-clich\u00e9-presque-transDSC_0371-300x179.jpg 300w\" sizes=\"(max-width: 564px) 100vw, 564px\" \/><\/a><figcaption id=\"caption-attachment-18\" class=\"wp-caption-text\">Analyse d&rsquo;images<\/figcaption><\/figure>\n<ul>\n<li>Clich\u00e9 presque compl\u00e8tement <strong>opaque<\/strong>\u00a0: possibilit\u00e9 de r\u00e9cup\u00e9rer une image acceptable<\/li>\n<li><strong>Rayures<\/strong>\u00a0: am\u00e9lioration possible<\/li>\n<li><strong>Points de moisissure<\/strong>\u00a0: am\u00e9lioration possible pour les tr\u00e8s petits points.<\/li>\n<\/ul>\n<p>Notez, qu\u2019\u00e0 la diff\u00e9rence des n\u00e9gatifs couleur et diapositives, l\u2019\u00e9limination automatique des rayures et points de moisissures n\u2019est pas aussi facile car la technique maintenant classique de l&rsquo;utilisation d\u2019un scan infrarouge pour rep\u00e9rer ces d\u00e9fauts n\u2019est pas utilisable avec du N&amp;B.<\/p>\n<p>Il reste, bien s\u00fbr, la possibilit\u00e9 de travailler un n\u00e9gatif dans un logiciel d\u2019\u00e9dition pour enlever un \u00e0 un les d\u00e9fauts mais ce travail est tellement co\u00fbteux qu\u2019il demeure r\u00e9serv\u00e9 pour des clich\u00e9s exceptionnels et souvent dans le but de faire des tirages sur papier de grande taille et non pas, comme nous le d\u00e9sirons, afin d\u2019incorporer le clich\u00e9 dans un montage vid\u00e9o dont la r\u00e9solution ne d\u00e9passe pas actuellement 1920&#215;1080 pixels. De ce fait, le montage vid\u00e9o est moins demandant et peut g\u00e9n\u00e9ralement se satisfaire des corrections automatiques fournies par nos num\u00e9riseurs et les logiciels de capture graphique.<\/p>\n<p>Nous avons constat\u00e9 que la plupart des grands n\u00e9gatifs de cette \u00e9poque pouvait se satisfaire d\u2019une r\u00e9solution de 1200 pixel\/pouce. Le passage \u00e0 2400 p\/po ne produisant apparemment aucune am\u00e9lioration visible. Par exemple, avec une largeur exploitable de 2,3 po des plaques de verre, cela donne des images respectables avec\u00a0 2760 lignes. Comme nous d\u00e9sirons utiliser seulement une r\u00e9solution de 1080 lignes horizontales (format vid\u00e9o HD courant), cela nous permet de d\u00e9placer notre camera virtuelle \u00e0 l&rsquo;int\u00e9rieur de ces photos, de recadrer les centres d\u2019int\u00e9r\u00eat et aussi les rendre plus \u00abdynamiques\u00bb par des zooms et des balayages panoramiques et cela sans perte apparente de r\u00e9solution.<\/p>\n<p><a href=\"http:\/\/immortels.ca\/wordpress\/?page_id=75\">Prochain onglet: N\u00e9gatifs couleur<\/a><\/p>\n<\/div>\n","protected":false},"excerpt":{"rendered":"<p>Voici des exemples de n\u00e9gatifs N&amp;B les plus courants au milieu du 20e si\u00e8cle\u00a0: Des plaques de verre. Les plus petites et les plus courantes ayant environ 6&#215;9 cm (2,5 x 3,5 po) Des bandes de plastique (tri-ac\u00e9tate de cellulose) de 8 a 12 clich\u00e9s mais, la plupart du temps, d\u00e9coup\u00e9es aussi en sections de &hellip; <a href=\"http:\/\/immortels.ca\/wordpress\/organiser-vos-documents\/traiter-des-negatifs-noir-et-blanc-nb\/\" class=\"more-link\">Continuer la lecture de <span class=\"screen-reader-text\">N\u00e9gatifs noir et blanc (N&#038;B)<\/span>  <span class=\"meta-nav\">&rarr;<\/span><\/a><\/p>\n","protected":false},"author":3,"featured_media":0,"parent":134,"menu_order":103,"comment_status":"closed","ping_status":"closed","template":"","meta":{"spay_email":""},"yoast_head":"<!-- This site is optimized with the Yoast SEO plugin v15.0 - https:\/\/yoast.com\/wordpress\/plugins\/seo\/ -->\n<meta name=\"robots\" content=\"index, follow, max-snippet:-1, max-image-preview:large, max-video-preview:-1\" \/>\n<link rel=\"canonical\" href=\"http:\/\/immortels.ca\/wordpress\/organiser-vos-documents\/traiter-des-negatifs-noir-et-blanc-nb\/\" \/>\n<meta property=\"og:locale\" content=\"fr_FR\" \/>\n<meta property=\"og:type\" content=\"article\" \/>\n<meta property=\"og:title\" content=\"N\u00e9gatifs noir et blanc (N&amp;B) - Immortels\" \/>\n<meta property=\"og:description\" content=\"Voici des exemples de n\u00e9gatifs N&amp;B les plus courants au milieu du 20e si\u00e8cle\u00a0: Des plaques de verre. Les plus petites et les plus courantes ayant environ 6&#215;9 cm (2,5 x 3,5 po) Des bandes de plastique (tri-ac\u00e9tate de cellulose) de 8 a 12 clich\u00e9s mais, la plupart du temps, d\u00e9coup\u00e9es aussi en sections de &hellip; Continuer la lecture de N\u00e9gatifs noir et blanc (N&#038;B) &rarr;\" \/>\n<meta property=\"og:url\" content=\"http:\/\/immortels.ca\/wordpress\/organiser-vos-documents\/traiter-des-negatifs-noir-et-blanc-nb\/\" \/>\n<meta property=\"og:site_name\" content=\"Immortels\" \/>\n<meta property=\"article:publisher\" content=\"https:\/\/www.facebook.com\/immortels.ca\/\" \/>\n<meta property=\"article:modified_time\" content=\"2014-08-14T16:41:11+00:00\" \/>\n<meta property=\"og:image\" content=\"http:\/\/immortels.ca\/wordpress\/wp-content\/uploads\/2014\/07\/DSCN4778.jpg\" \/>\n<meta name=\"twitter:card\" content=\"summary_large_image\" \/>\n<script type=\"application\/ld+json\" class=\"yoast-schema-graph\">{\"@context\":\"https:\/\/schema.org\",\"@graph\":[{\"@type\":\"Organization\",\"@id\":\"http:\/\/immortels.ca\/wordpress\/#organization\",\"name\":\"Immortels.ca\",\"url\":\"http:\/\/immortels.ca\/wordpress\/\",\"sameAs\":[\"https:\/\/www.facebook.com\/immortels.ca\/\",\"https:\/\/www.youtube.com\/channel\/UC7Z1MrpTYIwCNWYmSF9JMzA\"],\"logo\":{\"@type\":\"ImageObject\",\"@id\":\"http:\/\/immortels.ca\/wordpress\/#logo\",\"inLanguage\":\"fr-FR\",\"url\":\"http:\/\/immortels.ca\/wordpress\/wp-content\/uploads\/2014\/10\/logo-immortels.ca_.jpg\",\"width\":540,\"height\":533,\"caption\":\"Immortels.ca\"},\"image\":{\"@id\":\"http:\/\/immortels.ca\/wordpress\/#logo\"}},{\"@type\":\"WebSite\",\"@id\":\"http:\/\/immortels.ca\/wordpress\/#website\",\"url\":\"http:\/\/immortels.ca\/wordpress\/\",\"name\":\"Immortels\",\"description\":\"On a tous une histoire \\u00e0 raconter\",\"publisher\":{\"@id\":\"http:\/\/immortels.ca\/wordpress\/#organization\"},\"potentialAction\":[{\"@type\":\"SearchAction\",\"target\":\"http:\/\/immortels.ca\/wordpress\/?s={search_term_string}\",\"query-input\":\"required name=search_term_string\"}],\"inLanguage\":\"fr-FR\"},{\"@type\":\"ImageObject\",\"@id\":\"http:\/\/immortels.ca\/wordpress\/organiser-vos-documents\/traiter-des-negatifs-noir-et-blanc-nb\/#primaryimage\",\"inLanguage\":\"fr-FR\",\"url\":\"http:\/\/immortels.ca\/wordpress\/wp-content\/uploads\/2014\/07\/DSCN4778.jpg\",\"width\":564,\"height\":388},{\"@type\":\"WebPage\",\"@id\":\"http:\/\/immortels.ca\/wordpress\/organiser-vos-documents\/traiter-des-negatifs-noir-et-blanc-nb\/#webpage\",\"url\":\"http:\/\/immortels.ca\/wordpress\/organiser-vos-documents\/traiter-des-negatifs-noir-et-blanc-nb\/\",\"name\":\"N\\u00e9gatifs noir et blanc (N&B) - Immortels\",\"isPartOf\":{\"@id\":\"http:\/\/immortels.ca\/wordpress\/#website\"},\"primaryImageOfPage\":{\"@id\":\"http:\/\/immortels.ca\/wordpress\/organiser-vos-documents\/traiter-des-negatifs-noir-et-blanc-nb\/#primaryimage\"},\"datePublished\":\"2014-07-10T19:40:05+00:00\",\"dateModified\":\"2014-08-14T16:41:11+00:00\",\"inLanguage\":\"fr-FR\",\"potentialAction\":[{\"@type\":\"ReadAction\",\"target\":[\"http:\/\/immortels.ca\/wordpress\/organiser-vos-documents\/traiter-des-negatifs-noir-et-blanc-nb\/\"]}]}]}<\/script>\n<!-- \/ Yoast SEO plugin. -->","jetpack_sharing_enabled":true,"jetpack_shortlink":"https:\/\/wp.me\/P5QWQr-17","_links":{"self":[{"href":"http:\/\/immortels.ca\/wordpress\/wp-json\/wp\/v2\/pages\/69"}],"collection":[{"href":"http:\/\/immortels.ca\/wordpress\/wp-json\/wp\/v2\/pages"}],"about":[{"href":"http:\/\/immortels.ca\/wordpress\/wp-json\/wp\/v2\/types\/page"}],"author":[{"embeddable":true,"href":"http:\/\/immortels.ca\/wordpress\/wp-json\/wp\/v2\/users\/3"}],"replies":[{"embeddable":true,"href":"http:\/\/immortels.ca\/wordpress\/wp-json\/wp\/v2\/comments?post=69"}],"version-history":[{"count":13,"href":"http:\/\/immortels.ca\/wordpress\/wp-json\/wp\/v2\/pages\/69\/revisions"}],"predecessor-version":[{"id":566,"href":"http:\/\/immortels.ca\/wordpress\/wp-json\/wp\/v2\/pages\/69\/revisions\/566"}],"up":[{"embeddable":true,"href":"http:\/\/immortels.ca\/wordpress\/wp-json\/wp\/v2\/pages\/134"}],"wp:attachment":[{"href":"http:\/\/immortels.ca\/wordpress\/wp-json\/wp\/v2\/media?parent=69"}],"curies":[{"name":"wp","href":"https:\/\/api.w.org\/{rel}","templated":true}]}}