{"id":64,"date":"2014-07-10T15:33:40","date_gmt":"2014-07-10T19:33:40","guid":{"rendered":"http:\/\/immortels.ca\/wordpress\/?page_id=64"},"modified":"2014-07-24T23:50:52","modified_gmt":"2014-07-25T03:50:52","slug":"dautres-sources-de-documents","status":"publish","type":"page","link":"http:\/\/immortels.ca\/wordpress\/organiser-vos-documents\/dautres-sources-de-documents\/","title":{"rendered":"Autres sources de documents"},"content":{"rendered":"<p style=\"color: #757e82;\">Que vous fassiez vous-m\u00eame la biographie d&rsquo;une personne qui vous est ch\u00e8re (incluant vous-m\u00eame!) ou que vous fassiez faire le travail d&rsquo;int\u00e9gration et de construction d&rsquo;une narration par une firme professionnelle comme Immortels.ca, vous ne devriez pas ignorer les objets et documents qui peuvent aider le biographe dans sa reconstruction de la personnalit\u00e9, sa \u00abpersona\u00bb, d&rsquo;un \u00eatre humain.<\/p>\n<p style=\"color: #757e82;\">Au del\u00e0 des photos, rubans, films, vid\u00e9o, coupures de journaux qui sont trait\u00e9s dans d&rsquo;autres pages sur ce site, il existe aussi des \u00e9l\u00e9ments qui peuvent ajouter \u00e0 la r\u00e9alit\u00e9 de la biographie. Voici une liste non exhaustive qui sera allong\u00e9e au hasard des projets et des \u00e9changes avec les personnes int\u00e9ress\u00e9es par cet art nouveau qu&rsquo;est la biographie vid\u00e9o.<\/p>\n<ul>\n<li>des lettres et cartes postales \u00e9crites \u00e0 des moments critiques<\/li>\n<li>les passeports, en particulier les pages tamponn\u00e9es aux fronti\u00e8res<\/li>\n<li>les billets de transport inhabituels (ex.: un voyage transatlantique)<\/li>\n<li>des brochures de croisi\u00e8res extraordinaires<\/li>\n<li>des cartes de rationnement<\/li>\n<li>des bijoux, sp\u00e9cialement s&rsquo;ils ont \u00e9t\u00e9 faits sur mesure ou demande sp\u00e9ciale<\/li>\n<li>les livrets militaires<\/li>\n<li>les livrets de famille<\/li>\n<\/ul>\n<p style=\"color: #757e82;\"><a href=\"http:\/\/immortels.ca\/wordpress\/wp-content\/uploads\/2014\/07\/croisieres-partout_large.jpg\"><img loading=\"lazy\" class=\"alignnone size-full wp-image-257\" src=\"http:\/\/immortels.ca\/wordpress\/wp-content\/uploads\/2014\/07\/croisieres-partout_large.jpg\" alt=\"croisieres-partout_large\" width=\"564\" height=\"409\" srcset=\"http:\/\/immortels.ca\/wordpress\/wp-content\/uploads\/2014\/07\/croisieres-partout_large.jpg 564w, http:\/\/immortels.ca\/wordpress\/wp-content\/uploads\/2014\/07\/croisieres-partout_large-300x217.jpg 300w\" sizes=\"(max-width: 564px) 100vw, 564px\" \/><\/a><\/p>\n<p style=\"color: #757e82;\"><a href=\"http:\/\/immortels.ca\/wordpress\/wp-content\/uploads\/2014\/07\/livret_de_famille2.jpg\"><img loading=\"lazy\" class=\"alignnone size-full wp-image-258\" src=\"http:\/\/immortels.ca\/wordpress\/wp-content\/uploads\/2014\/07\/livret_de_famille2.jpg\" alt=\"livret_de_famille2\" width=\"564\" height=\"294\" srcset=\"http:\/\/immortels.ca\/wordpress\/wp-content\/uploads\/2014\/07\/livret_de_famille2.jpg 564w, http:\/\/immortels.ca\/wordpress\/wp-content\/uploads\/2014\/07\/livret_de_famille2-300x156.jpg 300w\" sizes=\"(max-width: 564px) 100vw, 564px\" \/><\/a><\/p>\n<p style=\"color: #757e82;\"><a href=\"http:\/\/immortels.ca\/wordpress\/wp-content\/uploads\/2014\/07\/carte_rationnement.gif\"><img loading=\"lazy\" class=\"alignnone size-full wp-image-256\" src=\"http:\/\/immortels.ca\/wordpress\/wp-content\/uploads\/2014\/07\/carte_rationnement.gif\" alt=\"carte_rationnement\" width=\"564\" height=\"424\" \/><\/a><\/p>\n<p style=\"color: #757e82;\"><a href=\"http:\/\/immortels.ca\/wordpress\/wp-content\/uploads\/2014\/07\/1940.-.6-dusausoy-l-off.jpg\"><img loading=\"lazy\" class=\"alignnone size-full wp-image-255\" src=\"http:\/\/immortels.ca\/wordpress\/wp-content\/uploads\/2014\/07\/1940.-.6-dusausoy-l-off.jpg\" alt=\"1940. .6 dusausoy l off\" width=\"564\" height=\"600\" srcset=\"http:\/\/immortels.ca\/wordpress\/wp-content\/uploads\/2014\/07\/1940.-.6-dusausoy-l-off.jpg 564w, http:\/\/immortels.ca\/wordpress\/wp-content\/uploads\/2014\/07\/1940.-.6-dusausoy-l-off-282x300.jpg 282w\" sizes=\"(max-width: 564px) 100vw, 564px\" \/><\/a><\/p>\n<p style=\"color: #757e82;\">\u00c9ventuellement:<\/p>\n<ul>\n<li>les images des dipl\u00f4mes ou des prix remport\u00e9s<\/li>\n<li>des discours prononc\u00e9s \u00e0 certaines occasions, des po\u00e8mes<\/li>\n<li>les plans des maisons construites ou dessin\u00e9es par le sujet<\/li>\n<li>les m\u00e9dailles civiles o\u00f9 militaires<\/li>\n<li>des dessins, peintures, sculptures r\u00e9alis\u00e9es par le sujet<\/li>\n<li>des enregistrements musicaux<\/li>\n<li>des dessins de mode, des ouvrages de couture int\u00e9ressants<\/li>\n<li>les outils de l&rsquo;artiste (instrument de musique, chevalet de peintre, etc.)<\/li>\n<\/ul>\n<p><a href=\"http:\/\/immortels.ca\/wordpress\/wp-content\/uploads\/2014\/07\/her_nank_ex_medals_lge.jpg\"><img loading=\"lazy\" class=\"alignnone size-full wp-image-36\" src=\"http:\/\/immortels.ca\/wordpress\/wp-content\/uploads\/2014\/07\/her_nank_ex_medals_lge.jpg\" alt=\"her_nank_ex_medals_lge\" width=\"564\" height=\"294\" srcset=\"http:\/\/immortels.ca\/wordpress\/wp-content\/uploads\/2014\/07\/her_nank_ex_medals_lge.jpg 564w, http:\/\/immortels.ca\/wordpress\/wp-content\/uploads\/2014\/07\/her_nank_ex_medals_lge-300x156.jpg 300w\" sizes=\"(max-width: 564px) 100vw, 564px\" \/><\/a><\/p>\n<p><a href=\"http:\/\/immortels.ca\/wordpress\/wp-content\/uploads\/2014\/07\/fashion-illustration.jpg\"><img loading=\"lazy\" class=\"alignnone size-full wp-image-262\" src=\"http:\/\/immortels.ca\/wordpress\/wp-content\/uploads\/2014\/07\/fashion-illustration.jpg\" alt=\"fashion illustration\" width=\"564\" height=\"535\" srcset=\"http:\/\/immortels.ca\/wordpress\/wp-content\/uploads\/2014\/07\/fashion-illustration.jpg 564w, http:\/\/immortels.ca\/wordpress\/wp-content\/uploads\/2014\/07\/fashion-illustration-300x284.jpg 300w\" sizes=\"(max-width: 564px) 100vw, 564px\" \/><\/a><\/p>\n<p><a href=\"http:\/\/immortels.ca\/wordpress\/wp-content\/uploads\/2014\/07\/sculptureclass1.jpg\"><img loading=\"lazy\" class=\"alignnone size-full wp-image-263\" src=\"http:\/\/immortels.ca\/wordpress\/wp-content\/uploads\/2014\/07\/sculptureclass1.jpg\" alt=\"sculptureclass1\" width=\"564\" height=\"358\" srcset=\"http:\/\/immortels.ca\/wordpress\/wp-content\/uploads\/2014\/07\/sculptureclass1.jpg 564w, http:\/\/immortels.ca\/wordpress\/wp-content\/uploads\/2014\/07\/sculptureclass1-300x190.jpg 300w\" sizes=\"(max-width: 564px) 100vw, 564px\" \/><\/a><\/p>\n<p><a href=\"http:\/\/immortels.ca\/wordpress\/wp-content\/uploads\/2014\/07\/poeme.png\"><img loading=\"lazy\" class=\"alignnone wp-image-264 size-large\" src=\"http:\/\/immortels.ca\/wordpress\/wp-content\/uploads\/2014\/07\/poeme-540x1024.png\" alt=\"poeme\" width=\"474\" height=\"898\" srcset=\"http:\/\/immortels.ca\/wordpress\/wp-content\/uploads\/2014\/07\/poeme-540x1024.png 540w, http:\/\/immortels.ca\/wordpress\/wp-content\/uploads\/2014\/07\/poeme-158x300.png 158w, http:\/\/immortels.ca\/wordpress\/wp-content\/uploads\/2014\/07\/poeme.png 564w\" sizes=\"(max-width: 474px) 100vw, 474px\" \/><\/a><\/p>\n<p style=\"color: #757e82;\">Cela ne signifie aucunement que tous les \u00e9l\u00e9ments disponibles seront utilis\u00e9s dans la biographie. C&rsquo;est le travail du vid\u00e9obiographe de faire un choix judicieux pour souligner tel ou tel \u00e9v\u00e8nement et maintenir l&rsquo;int\u00e9r\u00eat du spectateur tout au long de la narration et cela tout en respectant la personnalit\u00e9 du sujet.<\/p>\n<p style=\"color: #757e82;\"><a href=\"http:\/\/immortels.ca\/wordpress\/wp-content\/uploads\/2014\/07\/diplomapass.jpg\"><img loading=\"lazy\" class=\"alignnone size-full wp-image-22\" src=\"http:\/\/immortels.ca\/wordpress\/wp-content\/uploads\/2014\/07\/diplomapass.jpg\" alt=\"diplomapass\" width=\"564\" height=\"294\" srcset=\"http:\/\/immortels.ca\/wordpress\/wp-content\/uploads\/2014\/07\/diplomapass.jpg 564w, http:\/\/immortels.ca\/wordpress\/wp-content\/uploads\/2014\/07\/diplomapass-300x156.jpg 300w\" sizes=\"(max-width: 564px) 100vw, 564px\" \/><\/a><\/p>\n<p style=\"color: #757e82;\"><a href=\"http:\/\/immortels.ca\/wordpress\/?page_id=361\">Prochain onglet: Votre biographie<\/a><\/p>\n","protected":false},"excerpt":{"rendered":"<p>Que vous fassiez vous-m\u00eame la biographie d&rsquo;une personne qui vous est ch\u00e8re (incluant vous-m\u00eame!) ou que vous fassiez faire le travail d&rsquo;int\u00e9gration et de construction d&rsquo;une narration par une firme professionnelle comme Immortels.ca, vous ne devriez pas ignorer les objets et documents qui peuvent aider le biographe dans sa reconstruction de la personnalit\u00e9, sa \u00abpersona\u00bb, &hellip; <a href=\"http:\/\/immortels.ca\/wordpress\/organiser-vos-documents\/dautres-sources-de-documents\/\" class=\"more-link\">Continuer la lecture de <span class=\"screen-reader-text\">Autres sources de documents<\/span>  <span class=\"meta-nav\">&rarr;<\/span><\/a><\/p>\n","protected":false},"author":3,"featured_media":0,"parent":134,"menu_order":120,"comment_status":"closed","ping_status":"closed","template":"","meta":{"spay_email":""},"yoast_head":"<!-- This site is optimized with the Yoast SEO plugin v15.0 - https:\/\/yoast.com\/wordpress\/plugins\/seo\/ -->\n<meta name=\"robots\" content=\"index, follow, max-snippet:-1, max-image-preview:large, max-video-preview:-1\" \/>\n<link rel=\"canonical\" href=\"http:\/\/immortels.ca\/wordpress\/organiser-vos-documents\/dautres-sources-de-documents\/\" \/>\n<meta property=\"og:locale\" content=\"fr_FR\" \/>\n<meta property=\"og:type\" content=\"article\" \/>\n<meta property=\"og:title\" content=\"Autres sources de documents - Immortels\" \/>\n<meta property=\"og:description\" content=\"Que vous fassiez vous-m\u00eame la biographie d&rsquo;une personne qui vous est ch\u00e8re (incluant vous-m\u00eame!) ou que vous fassiez faire le travail d&rsquo;int\u00e9gration et de construction d&rsquo;une narration par une firme professionnelle comme Immortels.ca, vous ne devriez pas ignorer les objets et documents qui peuvent aider le biographe dans sa reconstruction de la personnalit\u00e9, sa \u00abpersona\u00bb, &hellip; Continuer la lecture de Autres sources de documents &rarr;\" \/>\n<meta property=\"og:url\" content=\"http:\/\/immortels.ca\/wordpress\/organiser-vos-documents\/dautres-sources-de-documents\/\" \/>\n<meta property=\"og:site_name\" content=\"Immortels\" \/>\n<meta property=\"article:publisher\" content=\"https:\/\/www.facebook.com\/immortels.ca\/\" \/>\n<meta property=\"article:modified_time\" content=\"2014-07-25T03:50:52+00:00\" \/>\n<meta property=\"og:image\" content=\"http:\/\/immortels.ca\/wordpress\/wp-content\/uploads\/2014\/07\/croisieres-partout_large.jpg\" \/>\n<meta name=\"twitter:card\" content=\"summary_large_image\" \/>\n<script type=\"application\/ld+json\" class=\"yoast-schema-graph\">{\"@context\":\"https:\/\/schema.org\",\"@graph\":[{\"@type\":\"Organization\",\"@id\":\"http:\/\/immortels.ca\/wordpress\/#organization\",\"name\":\"Immortels.ca\",\"url\":\"http:\/\/immortels.ca\/wordpress\/\",\"sameAs\":[\"https:\/\/www.facebook.com\/immortels.ca\/\",\"https:\/\/www.youtube.com\/channel\/UC7Z1MrpTYIwCNWYmSF9JMzA\"],\"logo\":{\"@type\":\"ImageObject\",\"@id\":\"http:\/\/immortels.ca\/wordpress\/#logo\",\"inLanguage\":\"fr-FR\",\"url\":\"http:\/\/immortels.ca\/wordpress\/wp-content\/uploads\/2014\/10\/logo-immortels.ca_.jpg\",\"width\":540,\"height\":533,\"caption\":\"Immortels.ca\"},\"image\":{\"@id\":\"http:\/\/immortels.ca\/wordpress\/#logo\"}},{\"@type\":\"WebSite\",\"@id\":\"http:\/\/immortels.ca\/wordpress\/#website\",\"url\":\"http:\/\/immortels.ca\/wordpress\/\",\"name\":\"Immortels\",\"description\":\"On a tous une histoire \\u00e0 raconter\",\"publisher\":{\"@id\":\"http:\/\/immortels.ca\/wordpress\/#organization\"},\"potentialAction\":[{\"@type\":\"SearchAction\",\"target\":\"http:\/\/immortels.ca\/wordpress\/?s={search_term_string}\",\"query-input\":\"required name=search_term_string\"}],\"inLanguage\":\"fr-FR\"},{\"@type\":\"ImageObject\",\"@id\":\"http:\/\/immortels.ca\/wordpress\/organiser-vos-documents\/dautres-sources-de-documents\/#primaryimage\",\"inLanguage\":\"fr-FR\",\"url\":\"http:\/\/immortels.ca\/wordpress\/wp-content\/uploads\/2014\/07\/croisieres-partout_large.jpg\",\"width\":564,\"height\":409},{\"@type\":\"WebPage\",\"@id\":\"http:\/\/immortels.ca\/wordpress\/organiser-vos-documents\/dautres-sources-de-documents\/#webpage\",\"url\":\"http:\/\/immortels.ca\/wordpress\/organiser-vos-documents\/dautres-sources-de-documents\/\",\"name\":\"Autres sources de documents - Immortels\",\"isPartOf\":{\"@id\":\"http:\/\/immortels.ca\/wordpress\/#website\"},\"primaryImageOfPage\":{\"@id\":\"http:\/\/immortels.ca\/wordpress\/organiser-vos-documents\/dautres-sources-de-documents\/#primaryimage\"},\"datePublished\":\"2014-07-10T19:33:40+00:00\",\"dateModified\":\"2014-07-25T03:50:52+00:00\",\"inLanguage\":\"fr-FR\",\"potentialAction\":[{\"@type\":\"ReadAction\",\"target\":[\"http:\/\/immortels.ca\/wordpress\/organiser-vos-documents\/dautres-sources-de-documents\/\"]}]}]}<\/script>\n<!-- \/ Yoast SEO plugin. -->","jetpack_sharing_enabled":true,"jetpack_shortlink":"https:\/\/wp.me\/P5QWQr-12","_links":{"self":[{"href":"http:\/\/immortels.ca\/wordpress\/wp-json\/wp\/v2\/pages\/64"}],"collection":[{"href":"http:\/\/immortels.ca\/wordpress\/wp-json\/wp\/v2\/pages"}],"about":[{"href":"http:\/\/immortels.ca\/wordpress\/wp-json\/wp\/v2\/types\/page"}],"author":[{"embeddable":true,"href":"http:\/\/immortels.ca\/wordpress\/wp-json\/wp\/v2\/users\/3"}],"replies":[{"embeddable":true,"href":"http:\/\/immortels.ca\/wordpress\/wp-json\/wp\/v2\/comments?post=64"}],"version-history":[{"count":13,"href":"http:\/\/immortels.ca\/wordpress\/wp-json\/wp\/v2\/pages\/64\/revisions"}],"predecessor-version":[{"id":365,"href":"http:\/\/immortels.ca\/wordpress\/wp-json\/wp\/v2\/pages\/64\/revisions\/365"}],"up":[{"embeddable":true,"href":"http:\/\/immortels.ca\/wordpress\/wp-json\/wp\/v2\/pages\/134"}],"wp:attachment":[{"href":"http:\/\/immortels.ca\/wordpress\/wp-json\/wp\/v2\/media?parent=64"}],"curies":[{"name":"wp","href":"https:\/\/api.w.org\/{rel}","templated":true}]}}