{"id":611,"date":"2019-12-12T18:12:19","date_gmt":"2019-12-12T23:12:19","guid":{"rendered":"http:\/\/immortels.ca\/wordpress\/?page_id=611"},"modified":"2019-12-12T18:12:20","modified_gmt":"2019-12-12T23:12:20","slug":"restauration-de-photos","status":"publish","type":"page","link":"http:\/\/immortels.ca\/wordpress\/sample-page\/restauration-de-photos\/","title":{"rendered":"Restauration de photos"},"content":{"rendered":"<p>Nous offrons un service de restauration de photos professionnel. La plupart des \u00e9gratignures, d\u00e9chirures, d\u00e9lavements et toutes sortes d&rsquo;usures peuvent \u00eatre arrang\u00e9es, voire reconstitu\u00e9es.<\/p>\n<p>Voici quelques exemples de photos tra\u00eet\u00e9es par Immortels :<\/p>\n<p><a href=\"http:\/\/immortels.ca\/wordpress\/wp-content\/uploads\/2014\/12\/Avant_TiragesBoite6-grp4-CopinePapy-Jeanne-bateaux-raw.jpg\"><img loading=\"lazy\" class=\"alignnone size-full wp-image-638\" src=\"http:\/\/immortels.ca\/wordpress\/wp-content\/uploads\/2014\/12\/Avant_TiragesBoite6-grp4-CopinePapy-Jeanne-bateaux-raw.jpg\" alt=\"Avant_TiragesBoite6-grp4-CopinePapy-Jeanne-bateaux-raw\" width=\"1210\" height=\"1822\" srcset=\"http:\/\/immortels.ca\/wordpress\/wp-content\/uploads\/2014\/12\/Avant_TiragesBoite6-grp4-CopinePapy-Jeanne-bateaux-raw.jpg 1210w, http:\/\/immortels.ca\/wordpress\/wp-content\/uploads\/2014\/12\/Avant_TiragesBoite6-grp4-CopinePapy-Jeanne-bateaux-raw-199x300.jpg 199w, http:\/\/immortels.ca\/wordpress\/wp-content\/uploads\/2014\/12\/Avant_TiragesBoite6-grp4-CopinePapy-Jeanne-bateaux-raw-680x1024.jpg 680w\" sizes=\"(max-width: 1210px) 100vw, 1210px\" \/><\/a><\/p>\n<p>Voyez le grain, les d\u00e9chirures, l&rsquo;image globalement floue, parfois trou\u00e9e, fissur\u00e9e.<\/p>\n<p><a href=\"http:\/\/immortels.ca\/wordpress\/wp-content\/uploads\/2014\/12\/Ginette_michel_web.jpg\"><img loading=\"lazy\" class=\"alignnone  wp-image-640\" src=\"http:\/\/immortels.ca\/wordpress\/wp-content\/uploads\/2014\/12\/Ginette_michel_web.jpg\" alt=\"Ginette_michel_web\" width=\"631\" height=\"366\" srcset=\"http:\/\/immortels.ca\/wordpress\/wp-content\/uploads\/2014\/12\/Ginette_michel_web.jpg 1027w, http:\/\/immortels.ca\/wordpress\/wp-content\/uploads\/2014\/12\/Ginette_michel_web-300x174.jpg 300w, http:\/\/immortels.ca\/wordpress\/wp-content\/uploads\/2014\/12\/Ginette_michel_web-1024x594.jpg 1024w\" sizes=\"(max-width: 631px) 100vw, 631px\" \/><\/a><\/p>\n<p>Le contraste peut \u00eatre r\u00e9tabli:<\/p>\n<p><a href=\"http:\/\/immortels.ca\/wordpress\/wp-content\/uploads\/2014\/12\/maurice_avant_apres_dual_rond.jpg\"><img loading=\"lazy\" class=\"alignnone size-full wp-image-649\" src=\"http:\/\/immortels.ca\/wordpress\/wp-content\/uploads\/2014\/12\/maurice_avant_apres_dual_rond.jpg\" alt=\"maurice_avant_apres_dual_rond\" width=\"1238\" height=\"1763\" srcset=\"http:\/\/immortels.ca\/wordpress\/wp-content\/uploads\/2014\/12\/maurice_avant_apres_dual_rond.jpg 1238w, http:\/\/immortels.ca\/wordpress\/wp-content\/uploads\/2014\/12\/maurice_avant_apres_dual_rond-210x300.jpg 210w, http:\/\/immortels.ca\/wordpress\/wp-content\/uploads\/2014\/12\/maurice_avant_apres_dual_rond-719x1024.jpg 719w\" sizes=\"(max-width: 1238px) 100vw, 1238px\" \/><\/a><\/p>\n<p>Nous am\u00e9liorons la vivacit\u00e9 la nettet\u00e9, nous enlevons les parasites, reconstruisons pixel par pixel les d\u00e9tails manquants afin de restorer efficacement l&rsquo;image originale sans alt\u00e9rer les d\u00e9tails importants.<\/p>\n<p><a href=\"http:\/\/immortels.ca\/wordpress\/wp-content\/uploads\/2014\/12\/nonno_zoom1.jpg\"><img loading=\"lazy\" class=\"alignnone size-full wp-image-648\" src=\"http:\/\/immortels.ca\/wordpress\/wp-content\/uploads\/2014\/12\/nonno_zoom1.jpg\" alt=\"nonno_zoom1\" width=\"1257\" height=\"728\" srcset=\"http:\/\/immortels.ca\/wordpress\/wp-content\/uploads\/2014\/12\/nonno_zoom1.jpg 1257w, http:\/\/immortels.ca\/wordpress\/wp-content\/uploads\/2014\/12\/nonno_zoom1-300x173.jpg 300w, http:\/\/immortels.ca\/wordpress\/wp-content\/uploads\/2014\/12\/nonno_zoom1-1024x593.jpg 1024w\" sizes=\"(max-width: 1257px) 100vw, 1257px\" \/><\/a><\/p>\n<p>Gr\u00e2ce \u00e0 un algorithme, nous sommes capables d&rsquo;\u00e9radiquer la plupart des protections de num\u00e9risations qui donnent une texture n\u00e9faste.<\/p>\n<p><img loading=\"lazy\" class=\"alignnone size-full wp-image-652\" src=\"http:\/\/immortels.ca\/wordpress\/wp-content\/uploads\/2014\/12\/Alb01-p4-ph4-Nonno-Mariano-600c.jpg\" alt=\"Alb01-p4-ph4-Nonno-Mariano-600c\" width=\"1100\" height=\"1528\" srcset=\"http:\/\/immortels.ca\/wordpress\/wp-content\/uploads\/2014\/12\/Alb01-p4-ph4-Nonno-Mariano-600c.jpg 1100w, http:\/\/immortels.ca\/wordpress\/wp-content\/uploads\/2014\/12\/Alb01-p4-ph4-Nonno-Mariano-600c-215x300.jpg 215w, http:\/\/immortels.ca\/wordpress\/wp-content\/uploads\/2014\/12\/Alb01-p4-ph4-Nonno-Mariano-600c-737x1024.jpg 737w\" sizes=\"(max-width: 1100px) 100vw, 1100px\" \/><\/p>\n<p>&nbsp;<\/p>\n<p>Les lignes, changements de palettes de couleurs ind\u00e9sirables sont enlev\u00e9s.<\/p>\n<p><a href=\"http:\/\/immortels.ca\/wordpress\/wp-content\/uploads\/2014\/12\/avant_groupeTiragesBoite6-grp6-MichelBC-JeanChauvet-VoitureBeatrix-raw.4_c.jpg\"><img loading=\"lazy\" class=\"alignnone size-full wp-image-646\" src=\"http:\/\/immortels.ca\/wordpress\/wp-content\/uploads\/2014\/12\/avant_groupeTiragesBoite6-grp6-MichelBC-JeanChauvet-VoitureBeatrix-raw.4_c.jpg\" alt=\"avant_groupeTiragesBoite6-grp6-MichelBC-JeanChauvet-VoitureBeatrix-raw.4_c\" width=\"1758\" height=\"1314\" srcset=\"http:\/\/immortels.ca\/wordpress\/wp-content\/uploads\/2014\/12\/avant_groupeTiragesBoite6-grp6-MichelBC-JeanChauvet-VoitureBeatrix-raw.4_c.jpg 1758w, http:\/\/immortels.ca\/wordpress\/wp-content\/uploads\/2014\/12\/avant_groupeTiragesBoite6-grp6-MichelBC-JeanChauvet-VoitureBeatrix-raw.4_c-300x224.jpg 300w, http:\/\/immortels.ca\/wordpress\/wp-content\/uploads\/2014\/12\/avant_groupeTiragesBoite6-grp6-MichelBC-JeanChauvet-VoitureBeatrix-raw.4_c-1024x765.jpg 1024w\" sizes=\"(max-width: 1758px) 100vw, 1758px\" \/><\/a><\/p>\n<p>Reconstruction partielle d&rsquo;une photo sous plaque de verre:<\/p>\n<p><a href=\"http:\/\/immortels.ca\/wordpress\/wp-content\/uploads\/2015\/02\/Boite-2-bris\u00e9e-Papy-en-uniforme1.jpg\"><img loading=\"lazy\" class=\"alignnone  wp-image-662\" src=\"http:\/\/immortels.ca\/wordpress\/wp-content\/uploads\/2015\/02\/Boite-2-bris\u00e9e-Papy-en-uniforme1-216x300.jpg\" alt=\"Boite-2-bris\u00e9e-Papy en uniforme\" width=\"249\" height=\"346\" srcset=\"http:\/\/immortels.ca\/wordpress\/wp-content\/uploads\/2015\/02\/Boite-2-bris\u00e9e-Papy-en-uniforme1-216x300.jpg 216w, http:\/\/immortels.ca\/wordpress\/wp-content\/uploads\/2015\/02\/Boite-2-bris\u00e9e-Papy-en-uniforme1-736x1024.jpg 736w\" sizes=\"(max-width: 249px) 100vw, 249px\" \/><\/a>&nbsp;<a href=\"http:\/\/immortels.ca\/wordpress\/wp-content\/uploads\/2015\/02\/Boite-2-bris\u00e9e-Papy-en-uniforme_edited4.jpg\"><img loading=\"lazy\" class=\"alignnone  wp-image-666\" src=\"http:\/\/immortels.ca\/wordpress\/wp-content\/uploads\/2015\/02\/Boite-2-bris\u00e9e-Papy-en-uniforme_edited4-185x300.jpg\" alt=\"Boite-2-bris\u00e9e-Papy en uniforme_edited4\" width=\"213\" height=\"345\" srcset=\"http:\/\/immortels.ca\/wordpress\/wp-content\/uploads\/2015\/02\/Boite-2-bris\u00e9e-Papy-en-uniforme_edited4-185x300.jpg 185w, http:\/\/immortels.ca\/wordpress\/wp-content\/uploads\/2015\/02\/Boite-2-bris\u00e9e-Papy-en-uniforme_edited4-632x1024.jpg 632w, http:\/\/immortels.ca\/wordpress\/wp-content\/uploads\/2015\/02\/Boite-2-bris\u00e9e-Papy-en-uniforme_edited4.jpg 1880w\" sizes=\"(max-width: 213px) 100vw, 213px\" \/><\/a><\/p>\n","protected":false},"excerpt":{"rendered":"<p>Nous offrons un service de restauration de photos professionnel. La plupart des \u00e9gratignures, d\u00e9chirures, d\u00e9lavements et toutes sortes d&rsquo;usures peuvent \u00eatre arrang\u00e9es, voire reconstitu\u00e9es. Voici quelques exemples de photos tra\u00eet\u00e9es par Immortels : Voyez le grain, les d\u00e9chirures, l&rsquo;image globalement floue, parfois trou\u00e9e, fissur\u00e9e. Le contraste peut \u00eatre r\u00e9tabli: Nous am\u00e9liorons la vivacit\u00e9 la nettet\u00e9, &hellip; <a href=\"http:\/\/immortels.ca\/wordpress\/sample-page\/restauration-de-photos\/\" class=\"more-link\">Continuer la lecture de <span class=\"screen-reader-text\">Restauration de photos<\/span>  <span class=\"meta-nav\">&rarr;<\/span><\/a><\/p>\n","protected":false},"author":3,"featured_media":0,"parent":2,"menu_order":4,"comment_status":"open","ping_status":"open","template":"","meta":{"spay_email":""},"yoast_head":"<!-- This site is optimized with the Yoast SEO plugin v15.0 - https:\/\/yoast.com\/wordpress\/plugins\/seo\/ -->\n<meta name=\"robots\" content=\"index, follow, max-snippet:-1, max-image-preview:large, max-video-preview:-1\" \/>\n<link rel=\"canonical\" href=\"http:\/\/immortels.ca\/wordpress\/sample-page\/restauration-de-photos\/\" \/>\n<meta property=\"og:locale\" content=\"fr_FR\" \/>\n<meta property=\"og:type\" content=\"article\" \/>\n<meta property=\"og:title\" content=\"Restauration de photos - Immortels\" \/>\n<meta property=\"og:description\" content=\"Nous offrons un service de restauration de photos professionnel. La plupart des \u00e9gratignures, d\u00e9chirures, d\u00e9lavements et toutes sortes d&rsquo;usures peuvent \u00eatre arrang\u00e9es, voire reconstitu\u00e9es. Voici quelques exemples de photos tra\u00eet\u00e9es par Immortels : Voyez le grain, les d\u00e9chirures, l&rsquo;image globalement floue, parfois trou\u00e9e, fissur\u00e9e. Le contraste peut \u00eatre r\u00e9tabli: Nous am\u00e9liorons la vivacit\u00e9 la nettet\u00e9, &hellip; Continuer la lecture de Restauration de photos &rarr;\" \/>\n<meta property=\"og:url\" content=\"http:\/\/immortels.ca\/wordpress\/sample-page\/restauration-de-photos\/\" \/>\n<meta property=\"og:site_name\" content=\"Immortels\" \/>\n<meta property=\"article:publisher\" content=\"https:\/\/www.facebook.com\/immortels.ca\/\" \/>\n<meta property=\"article:modified_time\" content=\"2019-12-12T23:12:20+00:00\" \/>\n<meta property=\"og:image\" content=\"http:\/\/immortels.ca\/wordpress\/wp-content\/uploads\/2014\/12\/Avant_TiragesBoite6-grp4-CopinePapy-Jeanne-bateaux-raw.jpg\" \/>\n<meta name=\"twitter:card\" content=\"summary_large_image\" \/>\n<script type=\"application\/ld+json\" class=\"yoast-schema-graph\">{\"@context\":\"https:\/\/schema.org\",\"@graph\":[{\"@type\":\"Organization\",\"@id\":\"http:\/\/immortels.ca\/wordpress\/#organization\",\"name\":\"Immortels.ca\",\"url\":\"http:\/\/immortels.ca\/wordpress\/\",\"sameAs\":[\"https:\/\/www.facebook.com\/immortels.ca\/\",\"https:\/\/www.youtube.com\/channel\/UC7Z1MrpTYIwCNWYmSF9JMzA\"],\"logo\":{\"@type\":\"ImageObject\",\"@id\":\"http:\/\/immortels.ca\/wordpress\/#logo\",\"inLanguage\":\"fr-FR\",\"url\":\"http:\/\/immortels.ca\/wordpress\/wp-content\/uploads\/2014\/10\/logo-immortels.ca_.jpg\",\"width\":540,\"height\":533,\"caption\":\"Immortels.ca\"},\"image\":{\"@id\":\"http:\/\/immortels.ca\/wordpress\/#logo\"}},{\"@type\":\"WebSite\",\"@id\":\"http:\/\/immortels.ca\/wordpress\/#website\",\"url\":\"http:\/\/immortels.ca\/wordpress\/\",\"name\":\"Immortels\",\"description\":\"On a tous une histoire \\u00e0 raconter\",\"publisher\":{\"@id\":\"http:\/\/immortels.ca\/wordpress\/#organization\"},\"potentialAction\":[{\"@type\":\"SearchAction\",\"target\":\"http:\/\/immortels.ca\/wordpress\/?s={search_term_string}\",\"query-input\":\"required name=search_term_string\"}],\"inLanguage\":\"fr-FR\"},{\"@type\":\"ImageObject\",\"@id\":\"http:\/\/immortels.ca\/wordpress\/sample-page\/restauration-de-photos\/#primaryimage\",\"inLanguage\":\"fr-FR\",\"url\":\"http:\/\/immortels.ca\/wordpress\/wp-content\/uploads\/2014\/12\/Avant_TiragesBoite6-grp4-CopinePapy-Jeanne-bateaux-raw.jpg\",\"width\":1210,\"height\":1822},{\"@type\":\"WebPage\",\"@id\":\"http:\/\/immortels.ca\/wordpress\/sample-page\/restauration-de-photos\/#webpage\",\"url\":\"http:\/\/immortels.ca\/wordpress\/sample-page\/restauration-de-photos\/\",\"name\":\"Restauration de photos - Immortels\",\"isPartOf\":{\"@id\":\"http:\/\/immortels.ca\/wordpress\/#website\"},\"primaryImageOfPage\":{\"@id\":\"http:\/\/immortels.ca\/wordpress\/sample-page\/restauration-de-photos\/#primaryimage\"},\"datePublished\":\"2019-12-12T23:12:19+00:00\",\"dateModified\":\"2019-12-12T23:12:20+00:00\",\"inLanguage\":\"fr-FR\",\"potentialAction\":[{\"@type\":\"ReadAction\",\"target\":[\"http:\/\/immortels.ca\/wordpress\/sample-page\/restauration-de-photos\/\"]}]}]}<\/script>\n<!-- \/ Yoast SEO plugin. -->","jetpack_sharing_enabled":true,"jetpack_shortlink":"https:\/\/wp.me\/P5QWQr-9R","_links":{"self":[{"href":"http:\/\/immortels.ca\/wordpress\/wp-json\/wp\/v2\/pages\/611"}],"collection":[{"href":"http:\/\/immortels.ca\/wordpress\/wp-json\/wp\/v2\/pages"}],"about":[{"href":"http:\/\/immortels.ca\/wordpress\/wp-json\/wp\/v2\/types\/page"}],"author":[{"embeddable":true,"href":"http:\/\/immortels.ca\/wordpress\/wp-json\/wp\/v2\/users\/3"}],"replies":[{"embeddable":true,"href":"http:\/\/immortels.ca\/wordpress\/wp-json\/wp\/v2\/comments?post=611"}],"version-history":[{"count":21,"href":"http:\/\/immortels.ca\/wordpress\/wp-json\/wp\/v2\/pages\/611\/revisions"}],"predecessor-version":[{"id":774,"href":"http:\/\/immortels.ca\/wordpress\/wp-json\/wp\/v2\/pages\/611\/revisions\/774"}],"up":[{"embeddable":true,"href":"http:\/\/immortels.ca\/wordpress\/wp-json\/wp\/v2\/pages\/2"}],"wp:attachment":[{"href":"http:\/\/immortels.ca\/wordpress\/wp-json\/wp\/v2\/media?parent=611"}],"curies":[{"name":"wp","href":"https:\/\/api.w.org\/{rel}","templated":true}]}}