{"id":516,"date":"2014-08-09T00:40:14","date_gmt":"2014-08-09T04:40:14","guid":{"rendered":"http:\/\/immortels.ca\/wordpress\/?page_id=516"},"modified":"2014-08-09T01:55:24","modified_gmt":"2014-08-09T05:55:24","slug":"vos-creations","status":"publish","type":"page","link":"http:\/\/immortels.ca\/wordpress\/organiser-vos-documents\/vos-creations\/","title":{"rendered":"Vos cr\u00e9ations"},"content":{"rendered":"<p>Rares sont les personnes qui ne sont pas adonn\u00e9es \u00e0 une activit\u00e9 artistique ou \u00e0 un hobby pendant leur vie. G\u00e9n\u00e9ralement ce genre d&rsquo;activit\u00e9 laisse des traces int\u00e9ressantes. Que ce soit &#8230;<\/p>\n<ul>\n<li>des dessins,<a href=\"http:\/\/immortels.ca\/wordpress\/wp-content\/uploads\/2014\/08\/DessinMV-0040.jpg\"><img loading=\"lazy\" class=\"alignright size-medium wp-image-519\" src=\"http:\/\/immortels.ca\/wordpress\/wp-content\/uploads\/2014\/08\/DessinMV-0040-300x191.jpg\" alt=\"DessinMV- 0040\" width=\"300\" height=\"191\" srcset=\"http:\/\/immortels.ca\/wordpress\/wp-content\/uploads\/2014\/08\/DessinMV-0040-300x191.jpg 300w, http:\/\/immortels.ca\/wordpress\/wp-content\/uploads\/2014\/08\/DessinMV-0040-1024x655.jpg 1024w\" sizes=\"(max-width: 300px) 100vw, 300px\" \/><\/a><\/li>\n<li>des peintures,<\/li>\n<li>des sculptures,<\/li>\n<li>des photos artistiques,<\/li>\n<li>des po\u00e8mes,<\/li>\n<li>des discours,<\/li>\n<li>des enregistrements musicaux,<\/li>\n<li>des collections<\/li>\n<\/ul>\n<p>n&rsquo;h\u00e9sitez pas \u00e0 en faire part \u00e0 votre biographe qui pourra alors utiliser judicieusement ces aspects de votre vie pour \u00e9toffer la \u00a0<strong><em>persona <\/em><\/strong>qu&rsquo;il va construire avec votre aide.<\/p>\n<p><a href=\"http:\/\/immortels.ca\/wordpress\/?page_id=64\">Prochain onglet: Autres sources de documents<\/a><\/p>\n","protected":false},"excerpt":{"rendered":"<p>Rares sont les personnes qui ne sont pas adonn\u00e9es \u00e0 une activit\u00e9 artistique ou \u00e0 un hobby pendant leur vie. G\u00e9n\u00e9ralement ce genre d&rsquo;activit\u00e9 laisse des traces int\u00e9ressantes. Que ce soit &#8230; des dessins, des peintures, des sculptures, des photos artistiques, des po\u00e8mes, des discours, des enregistrements musicaux, des collections n&rsquo;h\u00e9sitez pas \u00e0 en faire &hellip; <a href=\"http:\/\/immortels.ca\/wordpress\/organiser-vos-documents\/vos-creations\/\" class=\"more-link\">Continuer la lecture de <span class=\"screen-reader-text\">Vos cr\u00e9ations<\/span>  <span class=\"meta-nav\">&rarr;<\/span><\/a><\/p>\n","protected":false},"author":1,"featured_media":0,"parent":134,"menu_order":110,"comment_status":"closed","ping_status":"closed","template":"","meta":{"spay_email":""},"yoast_head":"<!-- This site is optimized with the Yoast SEO plugin v15.0 - https:\/\/yoast.com\/wordpress\/plugins\/seo\/ -->\n<meta name=\"robots\" content=\"index, follow, max-snippet:-1, max-image-preview:large, max-video-preview:-1\" \/>\n<link rel=\"canonical\" href=\"http:\/\/immortels.ca\/wordpress\/organiser-vos-documents\/vos-creations\/\" \/>\n<meta property=\"og:locale\" content=\"fr_FR\" \/>\n<meta property=\"og:type\" content=\"article\" \/>\n<meta property=\"og:title\" content=\"Vos cr\u00e9ations - Immortels\" \/>\n<meta property=\"og:description\" content=\"Rares sont les personnes qui ne sont pas adonn\u00e9es \u00e0 une activit\u00e9 artistique ou \u00e0 un hobby pendant leur vie. G\u00e9n\u00e9ralement ce genre d&rsquo;activit\u00e9 laisse des traces int\u00e9ressantes. Que ce soit &#8230; des dessins, des peintures, des sculptures, des photos artistiques, des po\u00e8mes, des discours, des enregistrements musicaux, des collections n&rsquo;h\u00e9sitez pas \u00e0 en faire &hellip; Continuer la lecture de Vos cr\u00e9ations &rarr;\" \/>\n<meta property=\"og:url\" content=\"http:\/\/immortels.ca\/wordpress\/organiser-vos-documents\/vos-creations\/\" \/>\n<meta property=\"og:site_name\" content=\"Immortels\" \/>\n<meta property=\"article:publisher\" content=\"https:\/\/www.facebook.com\/immortels.ca\/\" \/>\n<meta property=\"article:modified_time\" content=\"2014-08-09T05:55:24+00:00\" \/>\n<meta property=\"og:image\" content=\"http:\/\/immortels.ca\/wordpress\/wp-content\/uploads\/2014\/08\/DessinMV-0040-300x191.jpg\" \/>\n<meta name=\"twitter:card\" content=\"summary_large_image\" \/>\n<script type=\"application\/ld+json\" class=\"yoast-schema-graph\">{\"@context\":\"https:\/\/schema.org\",\"@graph\":[{\"@type\":\"Organization\",\"@id\":\"http:\/\/immortels.ca\/wordpress\/#organization\",\"name\":\"Immortels.ca\",\"url\":\"http:\/\/immortels.ca\/wordpress\/\",\"sameAs\":[\"https:\/\/www.facebook.com\/immortels.ca\/\",\"https:\/\/www.youtube.com\/channel\/UC7Z1MrpTYIwCNWYmSF9JMzA\"],\"logo\":{\"@type\":\"ImageObject\",\"@id\":\"http:\/\/immortels.ca\/wordpress\/#logo\",\"inLanguage\":\"fr-FR\",\"url\":\"http:\/\/immortels.ca\/wordpress\/wp-content\/uploads\/2014\/10\/logo-immortels.ca_.jpg\",\"width\":540,\"height\":533,\"caption\":\"Immortels.ca\"},\"image\":{\"@id\":\"http:\/\/immortels.ca\/wordpress\/#logo\"}},{\"@type\":\"WebSite\",\"@id\":\"http:\/\/immortels.ca\/wordpress\/#website\",\"url\":\"http:\/\/immortels.ca\/wordpress\/\",\"name\":\"Immortels\",\"description\":\"On a tous une histoire \\u00e0 raconter\",\"publisher\":{\"@id\":\"http:\/\/immortels.ca\/wordpress\/#organization\"},\"potentialAction\":[{\"@type\":\"SearchAction\",\"target\":\"http:\/\/immortels.ca\/wordpress\/?s={search_term_string}\",\"query-input\":\"required name=search_term_string\"}],\"inLanguage\":\"fr-FR\"},{\"@type\":\"ImageObject\",\"@id\":\"http:\/\/immortels.ca\/wordpress\/organiser-vos-documents\/vos-creations\/#primaryimage\",\"inLanguage\":\"fr-FR\",\"url\":\"http:\/\/immortels.ca\/wordpress\/wp-content\/uploads\/2014\/08\/DessinMV-0040.jpg\",\"width\":3034,\"height\":1941},{\"@type\":\"WebPage\",\"@id\":\"http:\/\/immortels.ca\/wordpress\/organiser-vos-documents\/vos-creations\/#webpage\",\"url\":\"http:\/\/immortels.ca\/wordpress\/organiser-vos-documents\/vos-creations\/\",\"name\":\"Vos cr\\u00e9ations - Immortels\",\"isPartOf\":{\"@id\":\"http:\/\/immortels.ca\/wordpress\/#website\"},\"primaryImageOfPage\":{\"@id\":\"http:\/\/immortels.ca\/wordpress\/organiser-vos-documents\/vos-creations\/#primaryimage\"},\"datePublished\":\"2014-08-09T04:40:14+00:00\",\"dateModified\":\"2014-08-09T05:55:24+00:00\",\"inLanguage\":\"fr-FR\",\"potentialAction\":[{\"@type\":\"ReadAction\",\"target\":[\"http:\/\/immortels.ca\/wordpress\/organiser-vos-documents\/vos-creations\/\"]}]}]}<\/script>\n<!-- \/ Yoast SEO plugin. -->","jetpack_sharing_enabled":true,"jetpack_shortlink":"https:\/\/wp.me\/P5QWQr-8k","_links":{"self":[{"href":"http:\/\/immortels.ca\/wordpress\/wp-json\/wp\/v2\/pages\/516"}],"collection":[{"href":"http:\/\/immortels.ca\/wordpress\/wp-json\/wp\/v2\/pages"}],"about":[{"href":"http:\/\/immortels.ca\/wordpress\/wp-json\/wp\/v2\/types\/page"}],"author":[{"embeddable":true,"href":"http:\/\/immortels.ca\/wordpress\/wp-json\/wp\/v2\/users\/1"}],"replies":[{"embeddable":true,"href":"http:\/\/immortels.ca\/wordpress\/wp-json\/wp\/v2\/comments?post=516"}],"version-history":[{"count":5,"href":"http:\/\/immortels.ca\/wordpress\/wp-json\/wp\/v2\/pages\/516\/revisions"}],"predecessor-version":[{"id":524,"href":"http:\/\/immortels.ca\/wordpress\/wp-json\/wp\/v2\/pages\/516\/revisions\/524"}],"up":[{"embeddable":true,"href":"http:\/\/immortels.ca\/wordpress\/wp-json\/wp\/v2\/pages\/134"}],"wp:attachment":[{"href":"http:\/\/immortels.ca\/wordpress\/wp-json\/wp\/v2\/media?parent=516"}],"curies":[{"name":"wp","href":"https:\/\/api.w.org\/{rel}","templated":true}]}}