{"id":471,"date":"2014-08-03T18:57:55","date_gmt":"2014-08-03T22:57:55","guid":{"rendered":"http:\/\/immortels.ca\/wordpress\/?page_id=471"},"modified":"2017-07-25T23:41:08","modified_gmt":"2017-07-26T03:41:08","slug":"entrevue-en-interieur","status":"publish","type":"page","link":"http:\/\/immortels.ca\/wordpress\/demos\/entrevue-en-interieur\/","title":{"rendered":"Entrevue en int\u00e9rieur"},"content":{"rendered":"<p><script>\n  (function(i,s,o,g,r,a,m){i['GoogleAnalyticsObject']=r;i[r]=i[r]||function(){\n  (i[r].q=i[r].q||[]).push(arguments)},i[r].l=1*new Date();a=s.createElement(o),\n  m=s.getElementsByTagName(o)[0];a.async=1;a.src=g;m.parentNode.insertBefore(a,m)\n  })(window,document,'script','\/\/www.google-analytics.com\/analytics.js','ga');<\/p>\n<p>  ga('create', 'UA-54336955-1', 'auto');\n  ga('send', 'pageview');<\/p>\n<p><\/script><br \/>\nL&rsquo;extrait suivant provient d&rsquo;une vid\u00e9o biographique qui pr\u00e9sentait un d\u00e9fi majeur.<\/p>\n<p><iframe width=\"560\" height=\"315\" src=\"https:\/\/www.youtube.com\/embed\/BkqULXihPiw\" frameborder=\"0\" allowfullscreen><\/iframe><\/p>\n<p>Le sujet, Guy Richard, est une personne avec une vie particuli\u00e8rement bien remplie \u00e0 bien des points de vue (il est ancien juge \u00e0 la Cour supr\u00eame du Nouveau-Brunswick) mais il y avait un obstacle majeur: la maison de Guy Richard ayant br\u00fbl\u00e9 il y a quelques ann\u00e9es, il n&rsquo;avait pratiquement plus aucune photos ou vid\u00e9os disponibles \u00e0 part quelques photos en double r\u00e9cup\u00e9r\u00e9es dans sa proche famille et quelques vid\u00e9os publiques lors d&rsquo;interventions dans les m\u00e9dias. De fait, l&rsquo;entrevue, film\u00e9e avec deux cam\u00e9ras en appartement, s&rsquo;est retrouv\u00e9e \u00e0 \u00eatre l&rsquo;essentiel de la vid\u00e9o-biographie mais nous avons pu utiliser de (rares) cartes postales et des photos d&rsquo;\u00e9poque pour briser la monotonie inh\u00e9rente \u00e0 56 minutes d&rsquo;entrevue.<\/p>\n<p>Prochain onglet: <a href=\"http:\/\/immortels.ca\/wordpress\/?page_id=458\">d\u00e9mo #3 &#8211; Audio seul et photographies<\/a><\/p>\n<p>&nbsp;<\/p>\n","protected":false},"excerpt":{"rendered":"<p>L&rsquo;extrait suivant provient d&rsquo;une vid\u00e9o biographique qui pr\u00e9sentait un d\u00e9fi majeur. Le sujet, Guy Richard, est une personne avec une vie particuli\u00e8rement bien remplie \u00e0 bien des points de vue (il est ancien juge \u00e0 la Cour supr\u00eame du Nouveau-Brunswick) mais il y avait un obstacle majeur: la maison de Guy Richard ayant br\u00fbl\u00e9 il &hellip; <a href=\"http:\/\/immortels.ca\/wordpress\/demos\/entrevue-en-interieur\/\" class=\"more-link\">Continuer la lecture de <span class=\"screen-reader-text\">Entrevue en int\u00e9rieur<\/span>  <span class=\"meta-nav\">&rarr;<\/span><\/a><\/p>\n","protected":false},"author":1,"featured_media":0,"parent":117,"menu_order":402,"comment_status":"closed","ping_status":"closed","template":"","meta":{"spay_email":""},"yoast_head":"<!-- This site is optimized with the Yoast SEO plugin v15.0 - https:\/\/yoast.com\/wordpress\/plugins\/seo\/ -->\n<meta name=\"robots\" content=\"index, follow, max-snippet:-1, max-image-preview:large, max-video-preview:-1\" \/>\n<link rel=\"canonical\" href=\"http:\/\/immortels.ca\/wordpress\/demos\/entrevue-en-interieur\/\" \/>\n<meta property=\"og:locale\" content=\"fr_FR\" \/>\n<meta property=\"og:type\" content=\"article\" \/>\n<meta property=\"og:title\" content=\"Entrevue en int\u00e9rieur - Immortels\" \/>\n<meta property=\"og:description\" content=\"L&rsquo;extrait suivant provient d&rsquo;une vid\u00e9o biographique qui pr\u00e9sentait un d\u00e9fi majeur. Le sujet, Guy Richard, est une personne avec une vie particuli\u00e8rement bien remplie \u00e0 bien des points de vue (il est ancien juge \u00e0 la Cour supr\u00eame du Nouveau-Brunswick) mais il y avait un obstacle majeur: la maison de Guy Richard ayant br\u00fbl\u00e9 il &hellip; Continuer la lecture de Entrevue en int\u00e9rieur &rarr;\" \/>\n<meta property=\"og:url\" content=\"http:\/\/immortels.ca\/wordpress\/demos\/entrevue-en-interieur\/\" \/>\n<meta property=\"og:site_name\" content=\"Immortels\" \/>\n<meta property=\"article:publisher\" content=\"https:\/\/www.facebook.com\/immortels.ca\/\" \/>\n<meta property=\"article:modified_time\" content=\"2017-07-26T03:41:08+00:00\" \/>\n<meta name=\"twitter:card\" content=\"summary_large_image\" \/>\n<script type=\"application\/ld+json\" class=\"yoast-schema-graph\">{\"@context\":\"https:\/\/schema.org\",\"@graph\":[{\"@type\":\"Organization\",\"@id\":\"http:\/\/immortels.ca\/wordpress\/#organization\",\"name\":\"Immortels.ca\",\"url\":\"http:\/\/immortels.ca\/wordpress\/\",\"sameAs\":[\"https:\/\/www.facebook.com\/immortels.ca\/\",\"https:\/\/www.youtube.com\/channel\/UC7Z1MrpTYIwCNWYmSF9JMzA\"],\"logo\":{\"@type\":\"ImageObject\",\"@id\":\"http:\/\/immortels.ca\/wordpress\/#logo\",\"inLanguage\":\"fr-FR\",\"url\":\"http:\/\/immortels.ca\/wordpress\/wp-content\/uploads\/2014\/10\/logo-immortels.ca_.jpg\",\"width\":540,\"height\":533,\"caption\":\"Immortels.ca\"},\"image\":{\"@id\":\"http:\/\/immortels.ca\/wordpress\/#logo\"}},{\"@type\":\"WebSite\",\"@id\":\"http:\/\/immortels.ca\/wordpress\/#website\",\"url\":\"http:\/\/immortels.ca\/wordpress\/\",\"name\":\"Immortels\",\"description\":\"On a tous une histoire \\u00e0 raconter\",\"publisher\":{\"@id\":\"http:\/\/immortels.ca\/wordpress\/#organization\"},\"potentialAction\":[{\"@type\":\"SearchAction\",\"target\":\"http:\/\/immortels.ca\/wordpress\/?s={search_term_string}\",\"query-input\":\"required name=search_term_string\"}],\"inLanguage\":\"fr-FR\"},{\"@type\":\"WebPage\",\"@id\":\"http:\/\/immortels.ca\/wordpress\/demos\/entrevue-en-interieur\/#webpage\",\"url\":\"http:\/\/immortels.ca\/wordpress\/demos\/entrevue-en-interieur\/\",\"name\":\"Entrevue en int\\u00e9rieur - Immortels\",\"isPartOf\":{\"@id\":\"http:\/\/immortels.ca\/wordpress\/#website\"},\"datePublished\":\"2014-08-03T22:57:55+00:00\",\"dateModified\":\"2017-07-26T03:41:08+00:00\",\"inLanguage\":\"fr-FR\",\"potentialAction\":[{\"@type\":\"ReadAction\",\"target\":[\"http:\/\/immortels.ca\/wordpress\/demos\/entrevue-en-interieur\/\"]}]}]}<\/script>\n<!-- \/ Yoast SEO plugin. -->","jetpack_sharing_enabled":true,"jetpack_shortlink":"https:\/\/wp.me\/P5QWQr-7B","_links":{"self":[{"href":"http:\/\/immortels.ca\/wordpress\/wp-json\/wp\/v2\/pages\/471"}],"collection":[{"href":"http:\/\/immortels.ca\/wordpress\/wp-json\/wp\/v2\/pages"}],"about":[{"href":"http:\/\/immortels.ca\/wordpress\/wp-json\/wp\/v2\/types\/page"}],"author":[{"embeddable":true,"href":"http:\/\/immortels.ca\/wordpress\/wp-json\/wp\/v2\/users\/1"}],"replies":[{"embeddable":true,"href":"http:\/\/immortels.ca\/wordpress\/wp-json\/wp\/v2\/comments?post=471"}],"version-history":[{"count":11,"href":"http:\/\/immortels.ca\/wordpress\/wp-json\/wp\/v2\/pages\/471\/revisions"}],"predecessor-version":[{"id":726,"href":"http:\/\/immortels.ca\/wordpress\/wp-json\/wp\/v2\/pages\/471\/revisions\/726"}],"up":[{"embeddable":true,"href":"http:\/\/immortels.ca\/wordpress\/wp-json\/wp\/v2\/pages\/117"}],"wp:attachment":[{"href":"http:\/\/immortels.ca\/wordpress\/wp-json\/wp\/v2\/media?parent=471"}],"curies":[{"name":"wp","href":"https:\/\/api.w.org\/{rel}","templated":true}]}}