{"id":446,"date":"2014-07-30T15:36:33","date_gmt":"2014-07-30T19:36:33","guid":{"rendered":"http:\/\/immortels.ca\/wordpress\/?page_id=446"},"modified":"2017-07-26T00:07:20","modified_gmt":"2017-07-26T04:07:20","slug":"enhtrevue-en-exterieur","status":"publish","type":"page","link":"http:\/\/immortels.ca\/wordpress\/demos\/enhtrevue-en-exterieur\/","title":{"rendered":"Entrevue en ext\u00e9rieur"},"content":{"rendered":"<p>Ce quatri\u00e8me exemple montre une entrevue o\u00f9 la camera vid\u00e9o est non seulement situ\u00e9e \u00e0 plusieurs m\u00e8tres\u00a0 du sujet,\u00a0 mais en plus dans un parc entour\u00e9 de quatre avenues passablement bruyantes.<\/p>\n<p><iframe width=\"560\" height=\"315\" src=\"https:\/\/www.youtube.com\/embed\/INhseQcqjXg\" frameborder=\"0\" allowfullscreen><\/iframe><\/p>\n<p>La technologie d\u00e9sormais disponible (un micro cravate avec un \u00e9metteur radio sur le sujet et un r\u00e9cepteur radio sur la camera vid\u00e9o) permet de capter clairement la conversation. Cette capacit\u00e9 ouvre la porte \u00e0 des r\u00e9alisations d&rsquo;entrevue dans des endroits jug\u00e9s jusqu&rsquo;\u00e0 r\u00e9cemment inutilisables. La distance sujet-cam\u00e9ra peut atteindre une cinquantaine de m\u00e8tres sans probl\u00e8me.<\/p>\n<p>Notez qu&rsquo;au montage nous avons d\u00fb ajouter un peu du bruit ambiant de la rue (capt\u00e9 par le second micro de la camera) au signal enregistr\u00e9 par le micro-cravate afin de rendre le son plus naturel. L&rsquo;absence quasi compl\u00e8te de bruits de rue dans l&rsquo;enregistrement par micro-cravate fait en plein air faisait qu&rsquo;il \u00ab\u00a0sonnait faux\u00a0\u00bb sans cet ajout.<\/p>\n<p>Prochain onglet: <a href=\"http:\/\/immortels.ca\/wordpress\/?page_id=130\">Produits et services d&rsquo;immortels.ca<\/a><\/p>\n","protected":false},"excerpt":{"rendered":"<p>Ce quatri\u00e8me exemple montre une entrevue o\u00f9 la camera vid\u00e9o est non seulement situ\u00e9e \u00e0 plusieurs m\u00e8tres\u00a0 du sujet,\u00a0 mais en plus dans un parc entour\u00e9 de quatre avenues passablement bruyantes. La technologie d\u00e9sormais disponible (un micro cravate avec un \u00e9metteur radio sur le sujet et un r\u00e9cepteur radio sur la camera vid\u00e9o) permet de &hellip; <a href=\"http:\/\/immortels.ca\/wordpress\/demos\/enhtrevue-en-exterieur\/\" class=\"more-link\">Continuer la lecture de <span class=\"screen-reader-text\">Entrevue en ext\u00e9rieur<\/span>  <span class=\"meta-nav\">&rarr;<\/span><\/a><\/p>\n","protected":false},"author":1,"featured_media":0,"parent":117,"menu_order":404,"comment_status":"closed","ping_status":"closed","template":"","meta":{"spay_email":""},"yoast_head":"<!-- This site is optimized with the Yoast SEO plugin v15.0 - https:\/\/yoast.com\/wordpress\/plugins\/seo\/ -->\n<meta name=\"robots\" content=\"index, follow, max-snippet:-1, max-image-preview:large, max-video-preview:-1\" \/>\n<link rel=\"canonical\" href=\"http:\/\/immortels.ca\/wordpress\/demos\/enhtrevue-en-exterieur\/\" \/>\n<meta property=\"og:locale\" content=\"fr_FR\" \/>\n<meta property=\"og:type\" content=\"article\" \/>\n<meta property=\"og:title\" content=\"Entrevue en ext\u00e9rieur - Immortels\" \/>\n<meta property=\"og:description\" content=\"Ce quatri\u00e8me exemple montre une entrevue o\u00f9 la camera vid\u00e9o est non seulement situ\u00e9e \u00e0 plusieurs m\u00e8tres\u00a0 du sujet,\u00a0 mais en plus dans un parc entour\u00e9 de quatre avenues passablement bruyantes. La technologie d\u00e9sormais disponible (un micro cravate avec un \u00e9metteur radio sur le sujet et un r\u00e9cepteur radio sur la camera vid\u00e9o) permet de &hellip; Continuer la lecture de Entrevue en ext\u00e9rieur &rarr;\" \/>\n<meta property=\"og:url\" content=\"http:\/\/immortels.ca\/wordpress\/demos\/enhtrevue-en-exterieur\/\" \/>\n<meta property=\"og:site_name\" content=\"Immortels\" \/>\n<meta property=\"article:publisher\" content=\"https:\/\/www.facebook.com\/immortels.ca\/\" \/>\n<meta property=\"article:modified_time\" content=\"2017-07-26T04:07:20+00:00\" \/>\n<meta name=\"twitter:card\" content=\"summary_large_image\" \/>\n<script type=\"application\/ld+json\" class=\"yoast-schema-graph\">{\"@context\":\"https:\/\/schema.org\",\"@graph\":[{\"@type\":\"Organization\",\"@id\":\"http:\/\/immortels.ca\/wordpress\/#organization\",\"name\":\"Immortels.ca\",\"url\":\"http:\/\/immortels.ca\/wordpress\/\",\"sameAs\":[\"https:\/\/www.facebook.com\/immortels.ca\/\",\"https:\/\/www.youtube.com\/channel\/UC7Z1MrpTYIwCNWYmSF9JMzA\"],\"logo\":{\"@type\":\"ImageObject\",\"@id\":\"http:\/\/immortels.ca\/wordpress\/#logo\",\"inLanguage\":\"fr-FR\",\"url\":\"http:\/\/immortels.ca\/wordpress\/wp-content\/uploads\/2014\/10\/logo-immortels.ca_.jpg\",\"width\":540,\"height\":533,\"caption\":\"Immortels.ca\"},\"image\":{\"@id\":\"http:\/\/immortels.ca\/wordpress\/#logo\"}},{\"@type\":\"WebSite\",\"@id\":\"http:\/\/immortels.ca\/wordpress\/#website\",\"url\":\"http:\/\/immortels.ca\/wordpress\/\",\"name\":\"Immortels\",\"description\":\"On a tous une histoire \\u00e0 raconter\",\"publisher\":{\"@id\":\"http:\/\/immortels.ca\/wordpress\/#organization\"},\"potentialAction\":[{\"@type\":\"SearchAction\",\"target\":\"http:\/\/immortels.ca\/wordpress\/?s={search_term_string}\",\"query-input\":\"required name=search_term_string\"}],\"inLanguage\":\"fr-FR\"},{\"@type\":\"WebPage\",\"@id\":\"http:\/\/immortels.ca\/wordpress\/demos\/enhtrevue-en-exterieur\/#webpage\",\"url\":\"http:\/\/immortels.ca\/wordpress\/demos\/enhtrevue-en-exterieur\/\",\"name\":\"Entrevue en ext\\u00e9rieur - Immortels\",\"isPartOf\":{\"@id\":\"http:\/\/immortels.ca\/wordpress\/#website\"},\"datePublished\":\"2014-07-30T19:36:33+00:00\",\"dateModified\":\"2017-07-26T04:07:20+00:00\",\"inLanguage\":\"fr-FR\",\"potentialAction\":[{\"@type\":\"ReadAction\",\"target\":[\"http:\/\/immortels.ca\/wordpress\/demos\/enhtrevue-en-exterieur\/\"]}]}]}<\/script>\n<!-- \/ Yoast SEO plugin. -->","jetpack_sharing_enabled":true,"jetpack_shortlink":"https:\/\/wp.me\/P5QWQr-7c","_links":{"self":[{"href":"http:\/\/immortels.ca\/wordpress\/wp-json\/wp\/v2\/pages\/446"}],"collection":[{"href":"http:\/\/immortels.ca\/wordpress\/wp-json\/wp\/v2\/pages"}],"about":[{"href":"http:\/\/immortels.ca\/wordpress\/wp-json\/wp\/v2\/types\/page"}],"author":[{"embeddable":true,"href":"http:\/\/immortels.ca\/wordpress\/wp-json\/wp\/v2\/users\/1"}],"replies":[{"embeddable":true,"href":"http:\/\/immortels.ca\/wordpress\/wp-json\/wp\/v2\/comments?post=446"}],"version-history":[{"count":9,"href":"http:\/\/immortels.ca\/wordpress\/wp-json\/wp\/v2\/pages\/446\/revisions"}],"predecessor-version":[{"id":728,"href":"http:\/\/immortels.ca\/wordpress\/wp-json\/wp\/v2\/pages\/446\/revisions\/728"}],"up":[{"embeddable":true,"href":"http:\/\/immortels.ca\/wordpress\/wp-json\/wp\/v2\/pages\/117"}],"wp:attachment":[{"href":"http:\/\/immortels.ca\/wordpress\/wp-json\/wp\/v2\/media?parent=446"}],"curies":[{"name":"wp","href":"https:\/\/api.w.org\/{rel}","templated":true}]}}