{"id":425,"date":"2014-07-25T18:46:11","date_gmt":"2014-07-25T22:46:11","guid":{"rendered":"http:\/\/immortels.ca\/wordpress\/?page_id=425"},"modified":"2014-08-10T02:19:35","modified_gmt":"2014-08-10T06:19:35","slug":"des-idees","status":"publish","type":"page","link":"http:\/\/immortels.ca\/wordpress\/votre-biographie\/des-idees\/","title":{"rendered":"Des id\u00e9es"},"content":{"rendered":"<p>Il est possible d&rsquo;exploiter au mieux ce dont vous disposez d\u00e9j\u00e0. Il peut \u00eatre int\u00e9ressant de jeter un second regard sur des \u00e9l\u00e9ments divers comme:<\/p>\n<ul>\n<li>des lettres &#8211; re\u00e7ues ou \u00e9crites par vous ? Aimeriez-vous que la lecture \u00e0 haute voix, par vous ou par un acteur, serve de trame sonore \u00e0 un \u00e9v\u00e9nement relat\u00e9 via des photos ou un film muet;<\/li>\n<li>des dessins, des peintures par vous o\u00f9 par d&rsquo;autre. Nous pouvons en faire le centre d&rsquo;une r\u00e9flexion \u00e0 int\u00e9grer dans la vid\u00e9o;<\/li>\n<li>de la musique jou\u00e9e, peut-\u00eatre m\u00eame cr\u00e9\u00e9e, par vous, par votre conjoint, par un de vos enfants. \u00a0Cette musique peut faire partie de votre <em>persona, <\/em>ne la n\u00e9gligeons pas;<\/li>\n<\/ul>\n","protected":false},"excerpt":{"rendered":"<p>Il est possible d&rsquo;exploiter au mieux ce dont vous disposez d\u00e9j\u00e0. Il peut \u00eatre int\u00e9ressant de jeter un second regard sur des \u00e9l\u00e9ments divers comme: des lettres &#8211; re\u00e7ues ou \u00e9crites par vous ? Aimeriez-vous que la lecture \u00e0 haute voix, par vous ou par un acteur, serve de trame sonore \u00e0 un \u00e9v\u00e9nement relat\u00e9 &hellip; <a href=\"http:\/\/immortels.ca\/wordpress\/votre-biographie\/des-idees\/\" class=\"more-link\">Continuer la lecture de <span class=\"screen-reader-text\">Des id\u00e9es<\/span>  <span class=\"meta-nav\">&rarr;<\/span><\/a><\/p>\n","protected":false},"author":1,"featured_media":0,"parent":361,"menu_order":309,"comment_status":"closed","ping_status":"closed","template":"","meta":{"spay_email":""},"yoast_head":"<!-- This site is optimized with the Yoast SEO plugin v15.0 - https:\/\/yoast.com\/wordpress\/plugins\/seo\/ -->\n<meta name=\"robots\" content=\"index, follow, max-snippet:-1, max-image-preview:large, max-video-preview:-1\" \/>\n<link rel=\"canonical\" href=\"http:\/\/immortels.ca\/wordpress\/votre-biographie\/des-idees\/\" \/>\n<meta property=\"og:locale\" content=\"fr_FR\" \/>\n<meta property=\"og:type\" content=\"article\" \/>\n<meta property=\"og:title\" content=\"Des id\u00e9es - Immortels\" \/>\n<meta property=\"og:description\" content=\"Il est possible d&rsquo;exploiter au mieux ce dont vous disposez d\u00e9j\u00e0. Il peut \u00eatre int\u00e9ressant de jeter un second regard sur des \u00e9l\u00e9ments divers comme: des lettres &#8211; re\u00e7ues ou \u00e9crites par vous ? Aimeriez-vous que la lecture \u00e0 haute voix, par vous ou par un acteur, serve de trame sonore \u00e0 un \u00e9v\u00e9nement relat\u00e9 &hellip; Continuer la lecture de Des id\u00e9es &rarr;\" \/>\n<meta property=\"og:url\" content=\"http:\/\/immortels.ca\/wordpress\/votre-biographie\/des-idees\/\" \/>\n<meta property=\"og:site_name\" content=\"Immortels\" \/>\n<meta property=\"article:publisher\" content=\"https:\/\/www.facebook.com\/immortels.ca\/\" \/>\n<meta property=\"article:modified_time\" content=\"2014-08-10T06:19:35+00:00\" \/>\n<meta name=\"twitter:card\" content=\"summary_large_image\" \/>\n<script type=\"application\/ld+json\" class=\"yoast-schema-graph\">{\"@context\":\"https:\/\/schema.org\",\"@graph\":[{\"@type\":\"Organization\",\"@id\":\"http:\/\/immortels.ca\/wordpress\/#organization\",\"name\":\"Immortels.ca\",\"url\":\"http:\/\/immortels.ca\/wordpress\/\",\"sameAs\":[\"https:\/\/www.facebook.com\/immortels.ca\/\",\"https:\/\/www.youtube.com\/channel\/UC7Z1MrpTYIwCNWYmSF9JMzA\"],\"logo\":{\"@type\":\"ImageObject\",\"@id\":\"http:\/\/immortels.ca\/wordpress\/#logo\",\"inLanguage\":\"fr-FR\",\"url\":\"http:\/\/immortels.ca\/wordpress\/wp-content\/uploads\/2014\/10\/logo-immortels.ca_.jpg\",\"width\":540,\"height\":533,\"caption\":\"Immortels.ca\"},\"image\":{\"@id\":\"http:\/\/immortels.ca\/wordpress\/#logo\"}},{\"@type\":\"WebSite\",\"@id\":\"http:\/\/immortels.ca\/wordpress\/#website\",\"url\":\"http:\/\/immortels.ca\/wordpress\/\",\"name\":\"Immortels\",\"description\":\"On a tous une histoire \\u00e0 raconter\",\"publisher\":{\"@id\":\"http:\/\/immortels.ca\/wordpress\/#organization\"},\"potentialAction\":[{\"@type\":\"SearchAction\",\"target\":\"http:\/\/immortels.ca\/wordpress\/?s={search_term_string}\",\"query-input\":\"required name=search_term_string\"}],\"inLanguage\":\"fr-FR\"},{\"@type\":\"WebPage\",\"@id\":\"http:\/\/immortels.ca\/wordpress\/votre-biographie\/des-idees\/#webpage\",\"url\":\"http:\/\/immortels.ca\/wordpress\/votre-biographie\/des-idees\/\",\"name\":\"Des id\\u00e9es - Immortels\",\"isPartOf\":{\"@id\":\"http:\/\/immortels.ca\/wordpress\/#website\"},\"datePublished\":\"2014-07-25T22:46:11+00:00\",\"dateModified\":\"2014-08-10T06:19:35+00:00\",\"inLanguage\":\"fr-FR\",\"potentialAction\":[{\"@type\":\"ReadAction\",\"target\":[\"http:\/\/immortels.ca\/wordpress\/votre-biographie\/des-idees\/\"]}]}]}<\/script>\n<!-- \/ Yoast SEO plugin. -->","jetpack_sharing_enabled":true,"jetpack_shortlink":"https:\/\/wp.me\/P5QWQr-6R","_links":{"self":[{"href":"http:\/\/immortels.ca\/wordpress\/wp-json\/wp\/v2\/pages\/425"}],"collection":[{"href":"http:\/\/immortels.ca\/wordpress\/wp-json\/wp\/v2\/pages"}],"about":[{"href":"http:\/\/immortels.ca\/wordpress\/wp-json\/wp\/v2\/types\/page"}],"author":[{"embeddable":true,"href":"http:\/\/immortels.ca\/wordpress\/wp-json\/wp\/v2\/users\/1"}],"replies":[{"embeddable":true,"href":"http:\/\/immortels.ca\/wordpress\/wp-json\/wp\/v2\/comments?post=425"}],"version-history":[{"count":6,"href":"http:\/\/immortels.ca\/wordpress\/wp-json\/wp\/v2\/pages\/425\/revisions"}],"predecessor-version":[{"id":541,"href":"http:\/\/immortels.ca\/wordpress\/wp-json\/wp\/v2\/pages\/425\/revisions\/541"}],"up":[{"embeddable":true,"href":"http:\/\/immortels.ca\/wordpress\/wp-json\/wp\/v2\/pages\/361"}],"wp:attachment":[{"href":"http:\/\/immortels.ca\/wordpress\/wp-json\/wp\/v2\/media?parent=425"}],"curies":[{"name":"wp","href":"https:\/\/api.w.org\/{rel}","templated":true}]}}