{"id":370,"date":"2014-07-21T22:46:47","date_gmt":"2014-07-22T02:46:47","guid":{"rendered":"http:\/\/immortels.ca\/wordpress\/?page_id=370"},"modified":"2014-08-10T02:16:49","modified_gmt":"2014-08-10T06:16:49","slug":"produire-une-chronologie","status":"publish","type":"page","link":"http:\/\/immortels.ca\/wordpress\/votre-biographie\/produire-une-chronologie\/","title":{"rendered":"Produire une chronologie"},"content":{"rendered":"<p>Vous avez une responsabilit\u00e9 vis-\u00e0-vis des g\u00e9n\u00e9rations futures : celle de ne pas induire en erreur ceux qui viendront apr\u00e8s vous. Il faut donc vous assurez au mieux des dates pr\u00e9cises des \u00e9v\u00e9nements que vous et votre biographe allez inclure dans votre biographie.<\/p>\n<p>Votre biographe vous sera tr\u00e8s reconnaissant de pr\u00e9parer une petite chronologie des \u00e9v\u00e9nements importants de votre vie. Elle peut \u00eatre manuscrite ou faite sur ordinateur mais sa qualit\u00e9 premi\u00e8re est de ne pas inclure d&rsquo;erreur de date. Si vous ne connaissez pas une date avec exactitude, mettez (approx.) entre parenth\u00e8ses.<\/p>\n<p>Pendant l&rsquo;entrevue, il est probable que certaines de ces dates seront \u00e9voqu\u00e9es donc ce document devra \u00eatre fourni \u00e0 votre biographe bien avant l&rsquo;entrevue afin de lui permettre de placer les \u00e9v\u00e9nements relat\u00e9s dans un contexte plus vaste (la vie de votre quartier, village, ville, r\u00e9gion, ou m\u00eame des \u00e9v\u00e9nements internationaux significatifs).<\/p>\n<p><a href=\"http:\/\/immortels.ca\/wordpress\/?page_id=372\">\u00a0Prochain onglet: Int\u00e9grer votre g\u00e9n\u00e9alogie<\/a><\/p>\n","protected":false},"excerpt":{"rendered":"<p>Vous avez une responsabilit\u00e9 vis-\u00e0-vis des g\u00e9n\u00e9rations futures : celle de ne pas induire en erreur ceux qui viendront apr\u00e8s vous. Il faut donc vous assurez au mieux des dates pr\u00e9cises des \u00e9v\u00e9nements que vous et votre biographe allez inclure dans votre biographie. Votre biographe vous sera tr\u00e8s reconnaissant de pr\u00e9parer une petite chronologie des &hellip; <a href=\"http:\/\/immortels.ca\/wordpress\/votre-biographie\/produire-une-chronologie\/\" class=\"more-link\">Continuer la lecture de <span class=\"screen-reader-text\">Produire une chronologie<\/span>  <span class=\"meta-nav\">&rarr;<\/span><\/a><\/p>\n","protected":false},"author":1,"featured_media":0,"parent":361,"menu_order":304,"comment_status":"closed","ping_status":"closed","template":"","meta":{"spay_email":""},"yoast_head":"<!-- This site is optimized with the Yoast SEO plugin v15.0 - https:\/\/yoast.com\/wordpress\/plugins\/seo\/ -->\n<meta name=\"robots\" content=\"index, follow, max-snippet:-1, max-image-preview:large, max-video-preview:-1\" \/>\n<link rel=\"canonical\" href=\"http:\/\/immortels.ca\/wordpress\/votre-biographie\/produire-une-chronologie\/\" \/>\n<meta property=\"og:locale\" content=\"fr_FR\" \/>\n<meta property=\"og:type\" content=\"article\" \/>\n<meta property=\"og:title\" content=\"Produire une chronologie - Immortels\" \/>\n<meta property=\"og:description\" content=\"Vous avez une responsabilit\u00e9 vis-\u00e0-vis des g\u00e9n\u00e9rations futures : celle de ne pas induire en erreur ceux qui viendront apr\u00e8s vous. Il faut donc vous assurez au mieux des dates pr\u00e9cises des \u00e9v\u00e9nements que vous et votre biographe allez inclure dans votre biographie. Votre biographe vous sera tr\u00e8s reconnaissant de pr\u00e9parer une petite chronologie des &hellip; Continuer la lecture de Produire une chronologie &rarr;\" \/>\n<meta property=\"og:url\" content=\"http:\/\/immortels.ca\/wordpress\/votre-biographie\/produire-une-chronologie\/\" \/>\n<meta property=\"og:site_name\" content=\"Immortels\" \/>\n<meta property=\"article:publisher\" content=\"https:\/\/www.facebook.com\/immortels.ca\/\" \/>\n<meta property=\"article:modified_time\" content=\"2014-08-10T06:16:49+00:00\" \/>\n<meta name=\"twitter:card\" content=\"summary_large_image\" \/>\n<script type=\"application\/ld+json\" class=\"yoast-schema-graph\">{\"@context\":\"https:\/\/schema.org\",\"@graph\":[{\"@type\":\"Organization\",\"@id\":\"http:\/\/immortels.ca\/wordpress\/#organization\",\"name\":\"Immortels.ca\",\"url\":\"http:\/\/immortels.ca\/wordpress\/\",\"sameAs\":[\"https:\/\/www.facebook.com\/immortels.ca\/\",\"https:\/\/www.youtube.com\/channel\/UC7Z1MrpTYIwCNWYmSF9JMzA\"],\"logo\":{\"@type\":\"ImageObject\",\"@id\":\"http:\/\/immortels.ca\/wordpress\/#logo\",\"inLanguage\":\"fr-FR\",\"url\":\"http:\/\/immortels.ca\/wordpress\/wp-content\/uploads\/2014\/10\/logo-immortels.ca_.jpg\",\"width\":540,\"height\":533,\"caption\":\"Immortels.ca\"},\"image\":{\"@id\":\"http:\/\/immortels.ca\/wordpress\/#logo\"}},{\"@type\":\"WebSite\",\"@id\":\"http:\/\/immortels.ca\/wordpress\/#website\",\"url\":\"http:\/\/immortels.ca\/wordpress\/\",\"name\":\"Immortels\",\"description\":\"On a tous une histoire \\u00e0 raconter\",\"publisher\":{\"@id\":\"http:\/\/immortels.ca\/wordpress\/#organization\"},\"potentialAction\":[{\"@type\":\"SearchAction\",\"target\":\"http:\/\/immortels.ca\/wordpress\/?s={search_term_string}\",\"query-input\":\"required name=search_term_string\"}],\"inLanguage\":\"fr-FR\"},{\"@type\":\"WebPage\",\"@id\":\"http:\/\/immortels.ca\/wordpress\/votre-biographie\/produire-une-chronologie\/#webpage\",\"url\":\"http:\/\/immortels.ca\/wordpress\/votre-biographie\/produire-une-chronologie\/\",\"name\":\"Produire une chronologie - Immortels\",\"isPartOf\":{\"@id\":\"http:\/\/immortels.ca\/wordpress\/#website\"},\"datePublished\":\"2014-07-22T02:46:47+00:00\",\"dateModified\":\"2014-08-10T06:16:49+00:00\",\"inLanguage\":\"fr-FR\",\"potentialAction\":[{\"@type\":\"ReadAction\",\"target\":[\"http:\/\/immortels.ca\/wordpress\/votre-biographie\/produire-une-chronologie\/\"]}]}]}<\/script>\n<!-- \/ Yoast SEO plugin. -->","jetpack_sharing_enabled":true,"jetpack_shortlink":"https:\/\/wp.me\/P5QWQr-5Y","_links":{"self":[{"href":"http:\/\/immortels.ca\/wordpress\/wp-json\/wp\/v2\/pages\/370"}],"collection":[{"href":"http:\/\/immortels.ca\/wordpress\/wp-json\/wp\/v2\/pages"}],"about":[{"href":"http:\/\/immortels.ca\/wordpress\/wp-json\/wp\/v2\/types\/page"}],"author":[{"embeddable":true,"href":"http:\/\/immortels.ca\/wordpress\/wp-json\/wp\/v2\/users\/1"}],"replies":[{"embeddable":true,"href":"http:\/\/immortels.ca\/wordpress\/wp-json\/wp\/v2\/comments?post=370"}],"version-history":[{"count":8,"href":"http:\/\/immortels.ca\/wordpress\/wp-json\/wp\/v2\/pages\/370\/revisions"}],"predecessor-version":[{"id":376,"href":"http:\/\/immortels.ca\/wordpress\/wp-json\/wp\/v2\/pages\/370\/revisions\/376"}],"up":[{"embeddable":true,"href":"http:\/\/immortels.ca\/wordpress\/wp-json\/wp\/v2\/pages\/361"}],"wp:attachment":[{"href":"http:\/\/immortels.ca\/wordpress\/wp-json\/wp\/v2\/media?parent=370"}],"curies":[{"name":"wp","href":"https:\/\/api.w.org\/{rel}","templated":true}]}}