{"id":361,"date":"2014-07-21T22:20:42","date_gmt":"2014-07-22T02:20:42","guid":{"rendered":"http:\/\/immortels.ca\/wordpress\/?page_id=361"},"modified":"2014-08-09T02:08:26","modified_gmt":"2014-08-09T06:08:26","slug":"votre-biographie","status":"publish","type":"page","link":"http:\/\/immortels.ca\/wordpress\/votre-biographie\/","title":{"rendered":"VOTRE BIOGRAPHIE"},"content":{"rendered":"<p><strong>La gen\u00e8se de votre biographie. Le probl\u00e8me de la qualit\u00e9<\/strong><\/p>\n<p>Peut-\u00eatre la premi\u00e8re chose \u00e0 se convaincre c&rsquo;est qu&rsquo;une biographie vid\u00e9o, autant qu&rsquo;une biographie \u00e9crite, ne pourra \u00eatre de qualit\u00e9 sans une coop\u00e9ration enti\u00e8re entre vous et le biographe. C&rsquo;est ce qui permet de faire avancer le projet. Normalement vous \u00e9tablirez avec lui un \u00e9ch\u00e9ancier approximatif afin de d\u00e9terminer les \u00e9tapes importantes du projet. Comme c&rsquo;est vous qui disposez des principaux documents, il faut les rassembler, probablement faire un premier tri et d\u00e9terminer avec lui ce qui va se retrouver dans la vid\u00e9o. Pour cela nous allons passer en revue des activit\u00e9s que vous allez faire ensemble.<\/p>\n<p><a href=\"http:\/\/immortels.ca\/wordpress\/?page_id=366\">Prochain onglet: \u00e9v\u00e9nements significatifs<\/a><\/p>\n","protected":false},"excerpt":{"rendered":"<p>La gen\u00e8se de votre biographie. Le probl\u00e8me de la qualit\u00e9 Peut-\u00eatre la premi\u00e8re chose \u00e0 se convaincre c&rsquo;est qu&rsquo;une biographie vid\u00e9o, autant qu&rsquo;une biographie \u00e9crite, ne pourra \u00eatre de qualit\u00e9 sans une coop\u00e9ration enti\u00e8re entre vous et le biographe. C&rsquo;est ce qui permet de faire avancer le projet. Normalement vous \u00e9tablirez avec lui un \u00e9ch\u00e9ancier &hellip; <a href=\"http:\/\/immortels.ca\/wordpress\/votre-biographie\/\" class=\"more-link\">Continuer la lecture de <span class=\"screen-reader-text\">VOTRE BIOGRAPHIE<\/span>  <span class=\"meta-nav\">&rarr;<\/span><\/a><\/p>\n","protected":false},"author":1,"featured_media":0,"parent":0,"menu_order":3,"comment_status":"closed","ping_status":"closed","template":"","meta":{"spay_email":""},"yoast_head":"<!-- This site is optimized with the Yoast SEO plugin v15.0 - https:\/\/yoast.com\/wordpress\/plugins\/seo\/ -->\n<meta name=\"robots\" content=\"index, follow, max-snippet:-1, max-image-preview:large, max-video-preview:-1\" \/>\n<link rel=\"canonical\" href=\"http:\/\/immortels.ca\/wordpress\/votre-biographie\/\" \/>\n<meta property=\"og:locale\" content=\"fr_FR\" \/>\n<meta property=\"og:type\" content=\"article\" \/>\n<meta property=\"og:title\" content=\"VOTRE BIOGRAPHIE - Immortels\" \/>\n<meta property=\"og:description\" content=\"La gen\u00e8se de votre biographie. Le probl\u00e8me de la qualit\u00e9 Peut-\u00eatre la premi\u00e8re chose \u00e0 se convaincre c&rsquo;est qu&rsquo;une biographie vid\u00e9o, autant qu&rsquo;une biographie \u00e9crite, ne pourra \u00eatre de qualit\u00e9 sans une coop\u00e9ration enti\u00e8re entre vous et le biographe. C&rsquo;est ce qui permet de faire avancer le projet. Normalement vous \u00e9tablirez avec lui un \u00e9ch\u00e9ancier &hellip; Continuer la lecture de VOTRE BIOGRAPHIE &rarr;\" \/>\n<meta property=\"og:url\" content=\"http:\/\/immortels.ca\/wordpress\/votre-biographie\/\" \/>\n<meta property=\"og:site_name\" content=\"Immortels\" \/>\n<meta property=\"article:publisher\" content=\"https:\/\/www.facebook.com\/immortels.ca\/\" \/>\n<meta property=\"article:modified_time\" content=\"2014-08-09T06:08:26+00:00\" \/>\n<meta name=\"twitter:card\" content=\"summary_large_image\" \/>\n<script type=\"application\/ld+json\" class=\"yoast-schema-graph\">{\"@context\":\"https:\/\/schema.org\",\"@graph\":[{\"@type\":\"Organization\",\"@id\":\"http:\/\/immortels.ca\/wordpress\/#organization\",\"name\":\"Immortels.ca\",\"url\":\"http:\/\/immortels.ca\/wordpress\/\",\"sameAs\":[\"https:\/\/www.facebook.com\/immortels.ca\/\",\"https:\/\/www.youtube.com\/channel\/UC7Z1MrpTYIwCNWYmSF9JMzA\"],\"logo\":{\"@type\":\"ImageObject\",\"@id\":\"http:\/\/immortels.ca\/wordpress\/#logo\",\"inLanguage\":\"fr-FR\",\"url\":\"http:\/\/immortels.ca\/wordpress\/wp-content\/uploads\/2014\/10\/logo-immortels.ca_.jpg\",\"width\":540,\"height\":533,\"caption\":\"Immortels.ca\"},\"image\":{\"@id\":\"http:\/\/immortels.ca\/wordpress\/#logo\"}},{\"@type\":\"WebSite\",\"@id\":\"http:\/\/immortels.ca\/wordpress\/#website\",\"url\":\"http:\/\/immortels.ca\/wordpress\/\",\"name\":\"Immortels\",\"description\":\"On a tous une histoire \\u00e0 raconter\",\"publisher\":{\"@id\":\"http:\/\/immortels.ca\/wordpress\/#organization\"},\"potentialAction\":[{\"@type\":\"SearchAction\",\"target\":\"http:\/\/immortels.ca\/wordpress\/?s={search_term_string}\",\"query-input\":\"required name=search_term_string\"}],\"inLanguage\":\"fr-FR\"},{\"@type\":\"WebPage\",\"@id\":\"http:\/\/immortels.ca\/wordpress\/votre-biographie\/#webpage\",\"url\":\"http:\/\/immortels.ca\/wordpress\/votre-biographie\/\",\"name\":\"VOTRE BIOGRAPHIE - Immortels\",\"isPartOf\":{\"@id\":\"http:\/\/immortels.ca\/wordpress\/#website\"},\"datePublished\":\"2014-07-22T02:20:42+00:00\",\"dateModified\":\"2014-08-09T06:08:26+00:00\",\"inLanguage\":\"fr-FR\",\"potentialAction\":[{\"@type\":\"ReadAction\",\"target\":[\"http:\/\/immortels.ca\/wordpress\/votre-biographie\/\"]}]}]}<\/script>\n<!-- \/ Yoast SEO plugin. -->","jetpack_sharing_enabled":true,"jetpack_shortlink":"https:\/\/wp.me\/P5QWQr-5P","_links":{"self":[{"href":"http:\/\/immortels.ca\/wordpress\/wp-json\/wp\/v2\/pages\/361"}],"collection":[{"href":"http:\/\/immortels.ca\/wordpress\/wp-json\/wp\/v2\/pages"}],"about":[{"href":"http:\/\/immortels.ca\/wordpress\/wp-json\/wp\/v2\/types\/page"}],"author":[{"embeddable":true,"href":"http:\/\/immortels.ca\/wordpress\/wp-json\/wp\/v2\/users\/1"}],"replies":[{"embeddable":true,"href":"http:\/\/immortels.ca\/wordpress\/wp-json\/wp\/v2\/comments?post=361"}],"version-history":[{"count":5,"href":"http:\/\/immortels.ca\/wordpress\/wp-json\/wp\/v2\/pages\/361\/revisions"}],"predecessor-version":[{"id":414,"href":"http:\/\/immortels.ca\/wordpress\/wp-json\/wp\/v2\/pages\/361\/revisions\/414"}],"wp:attachment":[{"href":"http:\/\/immortels.ca\/wordpress\/wp-json\/wp\/v2\/media?parent=361"}],"curies":[{"name":"wp","href":"https:\/\/api.w.org\/{rel}","templated":true}]}}