{"id":272,"date":"2014-07-14T16:08:36","date_gmt":"2014-07-14T20:08:36","guid":{"rendered":"http:\/\/immortels.ca\/wordpress\/?page_id=272"},"modified":"2017-07-25T23:25:05","modified_gmt":"2017-07-26T03:25:05","slug":"photos-films-muets-et-trame-musicale","status":"publish","type":"page","link":"http:\/\/immortels.ca\/wordpress\/demos\/photos-films-muets-et-trame-musicale\/","title":{"rendered":"Photos-films muets et trame musicale"},"content":{"rendered":"<p><script>\/\/ <![CDATA[ (function(i,s,o,g,r,a,m){i['GoogleAnalyticsObject']=r;i[r]=i[r]||function(){ (i[r].q=i[r].q||[]).push(arguments)},i[r].l=1*new Date();a=s.createElement(o), m=s.getElementsByTagName(o)[0];a.async=1;a.src=g;m.parentNode.insertBefore(a,m) })(window,document,'script','\/\/www.google-analytics.com\/analytics.js','ga'); ga('create', 'UA-54336955-1', 'auto'); ga('send', 'pageview'); \/\/ ]]><\/script><br \/>\nPremier exemple : le montage de documents photos et films muets existants avec une trame musicale.<\/p>\n<p><iframe width=\"560\" height=\"315\" src=\"https:\/\/www.youtube.com\/embed\/K5_aHDWAsxM\" frameborder=\"0\" allowfullscreen><\/iframe><\/p>\n<p>Dans cet exemple, r\u00e9alis\u00e9 pour la publicit\u00e9 d&rsquo;Immortels.ca, c&rsquo;est l&rsquo;ordonnancement des plans (photos et films muets) en synchronisme avec la trame musicale choisie qui augmente l&rsquo;intensit\u00e9 dramatique . \u00a0A noter que le seul message est purement sous forme de sous-titre afin de ne pas troubler la trame musicale qui porte litt\u00e9ralement l&rsquo;image. Nous verrons dans les exemples suivants, les cas plus fr\u00e9quents o\u00f9 c&rsquo;est la narration (entrevues, bande sonore) qui impose son rythme \u00e0 la pr\u00e9sentation des images et ou la musique se trouve g\u00e9n\u00e9ralement rel\u00e9gu\u00e9e \u00e0 de cours interm\u00e8des \u00ab\u00a0ludiques\u00a0\u00bb.<\/p>\n<p>Prochain onglet: <a href=\"http:\/\/immortels.ca\/wordpress\/?page_id=471\">d\u00e9mo #2 &#8211; Entrevue en int\u00e9rieur<\/a><\/p>\n<p>&nbsp;<\/p>\n","protected":false},"excerpt":{"rendered":"<p>Premier exemple : le montage de documents photos et films muets existants avec une trame musicale. Dans cet exemple, r\u00e9alis\u00e9 pour la publicit\u00e9 d&rsquo;Immortels.ca, c&rsquo;est l&rsquo;ordonnancement des plans (photos et films muets) en synchronisme avec la trame musicale choisie qui augmente l&rsquo;intensit\u00e9 dramatique . \u00a0A noter que le seul message est purement sous forme de &hellip; <a href=\"http:\/\/immortels.ca\/wordpress\/demos\/photos-films-muets-et-trame-musicale\/\" class=\"more-link\">Continuer la lecture de <span class=\"screen-reader-text\">Photos-films muets et trame musicale<\/span>  <span class=\"meta-nav\">&rarr;<\/span><\/a><\/p>\n","protected":false},"author":1,"featured_media":0,"parent":117,"menu_order":401,"comment_status":"closed","ping_status":"closed","template":"","meta":{"spay_email":""},"yoast_head":"<!-- This site is optimized with the Yoast SEO plugin v15.0 - https:\/\/yoast.com\/wordpress\/plugins\/seo\/ -->\n<meta name=\"robots\" content=\"index, follow, max-snippet:-1, max-image-preview:large, max-video-preview:-1\" \/>\n<link rel=\"canonical\" href=\"http:\/\/immortels.ca\/wordpress\/demos\/photos-films-muets-et-trame-musicale\/\" \/>\n<meta property=\"og:locale\" content=\"fr_FR\" \/>\n<meta property=\"og:type\" content=\"article\" \/>\n<meta property=\"og:title\" content=\"Photos-films muets et trame musicale - Immortels\" \/>\n<meta property=\"og:description\" content=\"Premier exemple : le montage de documents photos et films muets existants avec une trame musicale. Dans cet exemple, r\u00e9alis\u00e9 pour la publicit\u00e9 d&rsquo;Immortels.ca, c&rsquo;est l&rsquo;ordonnancement des plans (photos et films muets) en synchronisme avec la trame musicale choisie qui augmente l&rsquo;intensit\u00e9 dramatique . \u00a0A noter que le seul message est purement sous forme de &hellip; Continuer la lecture de Photos-films muets et trame musicale &rarr;\" \/>\n<meta property=\"og:url\" content=\"http:\/\/immortels.ca\/wordpress\/demos\/photos-films-muets-et-trame-musicale\/\" \/>\n<meta property=\"og:site_name\" content=\"Immortels\" \/>\n<meta property=\"article:publisher\" content=\"https:\/\/www.facebook.com\/immortels.ca\/\" \/>\n<meta property=\"article:modified_time\" content=\"2017-07-26T03:25:05+00:00\" \/>\n<meta name=\"twitter:card\" content=\"summary_large_image\" \/>\n<script type=\"application\/ld+json\" class=\"yoast-schema-graph\">{\"@context\":\"https:\/\/schema.org\",\"@graph\":[{\"@type\":\"Organization\",\"@id\":\"http:\/\/immortels.ca\/wordpress\/#organization\",\"name\":\"Immortels.ca\",\"url\":\"http:\/\/immortels.ca\/wordpress\/\",\"sameAs\":[\"https:\/\/www.facebook.com\/immortels.ca\/\",\"https:\/\/www.youtube.com\/channel\/UC7Z1MrpTYIwCNWYmSF9JMzA\"],\"logo\":{\"@type\":\"ImageObject\",\"@id\":\"http:\/\/immortels.ca\/wordpress\/#logo\",\"inLanguage\":\"fr-FR\",\"url\":\"http:\/\/immortels.ca\/wordpress\/wp-content\/uploads\/2014\/10\/logo-immortels.ca_.jpg\",\"width\":540,\"height\":533,\"caption\":\"Immortels.ca\"},\"image\":{\"@id\":\"http:\/\/immortels.ca\/wordpress\/#logo\"}},{\"@type\":\"WebSite\",\"@id\":\"http:\/\/immortels.ca\/wordpress\/#website\",\"url\":\"http:\/\/immortels.ca\/wordpress\/\",\"name\":\"Immortels\",\"description\":\"On a tous une histoire \\u00e0 raconter\",\"publisher\":{\"@id\":\"http:\/\/immortels.ca\/wordpress\/#organization\"},\"potentialAction\":[{\"@type\":\"SearchAction\",\"target\":\"http:\/\/immortels.ca\/wordpress\/?s={search_term_string}\",\"query-input\":\"required name=search_term_string\"}],\"inLanguage\":\"fr-FR\"},{\"@type\":\"WebPage\",\"@id\":\"http:\/\/immortels.ca\/wordpress\/demos\/photos-films-muets-et-trame-musicale\/#webpage\",\"url\":\"http:\/\/immortels.ca\/wordpress\/demos\/photos-films-muets-et-trame-musicale\/\",\"name\":\"Photos-films muets et trame musicale - Immortels\",\"isPartOf\":{\"@id\":\"http:\/\/immortels.ca\/wordpress\/#website\"},\"datePublished\":\"2014-07-14T20:08:36+00:00\",\"dateModified\":\"2017-07-26T03:25:05+00:00\",\"inLanguage\":\"fr-FR\",\"potentialAction\":[{\"@type\":\"ReadAction\",\"target\":[\"http:\/\/immortels.ca\/wordpress\/demos\/photos-films-muets-et-trame-musicale\/\"]}]}]}<\/script>\n<!-- \/ Yoast SEO plugin. -->","jetpack_sharing_enabled":true,"jetpack_shortlink":"https:\/\/wp.me\/P5QWQr-4o","_links":{"self":[{"href":"http:\/\/immortels.ca\/wordpress\/wp-json\/wp\/v2\/pages\/272"}],"collection":[{"href":"http:\/\/immortels.ca\/wordpress\/wp-json\/wp\/v2\/pages"}],"about":[{"href":"http:\/\/immortels.ca\/wordpress\/wp-json\/wp\/v2\/types\/page"}],"author":[{"embeddable":true,"href":"http:\/\/immortels.ca\/wordpress\/wp-json\/wp\/v2\/users\/1"}],"replies":[{"embeddable":true,"href":"http:\/\/immortels.ca\/wordpress\/wp-json\/wp\/v2\/comments?post=272"}],"version-history":[{"count":12,"href":"http:\/\/immortels.ca\/wordpress\/wp-json\/wp\/v2\/pages\/272\/revisions"}],"predecessor-version":[{"id":725,"href":"http:\/\/immortels.ca\/wordpress\/wp-json\/wp\/v2\/pages\/272\/revisions\/725"}],"up":[{"embeddable":true,"href":"http:\/\/immortels.ca\/wordpress\/wp-json\/wp\/v2\/pages\/117"}],"wp:attachment":[{"href":"http:\/\/immortels.ca\/wordpress\/wp-json\/wp\/v2\/media?parent=272"}],"curies":[{"name":"wp","href":"https:\/\/api.w.org\/{rel}","templated":true}]}}