{"id":235,"date":"2014-07-11T22:20:44","date_gmt":"2014-07-11T22:20:44","guid":{"rendered":"http:\/\/immortels.ca\/wordpress\/?page_id=235"},"modified":"2015-05-30T18:22:37","modified_gmt":"2015-05-30T22:22:37","slug":"rubans-magnetiques-audio","status":"publish","type":"page","link":"http:\/\/immortels.ca\/wordpress\/organiser-vos-documents\/rubans-magnetiques-audio\/","title":{"rendered":"Rubans magn\u00e9tiques audio"},"content":{"rendered":"<p>Il est possible que vos tiroirs contiennent des documents audio sous la forme de rubans magn\u00e9tiques en bobine (<em>open reel<\/em>) ou plus fr\u00e9quemment dans des cassettes de type Philips, de loin le ruban en cartouche le plus r\u00e9pandu, et qui fut tr\u00e8s longtemps le medium privil\u00e9gi\u00e9 pour les enregistrement de voix faits par des amateurs. Ne pas n\u00e9gliger non plus les enregistrements fait sur des micro-cassettes, souvent r\u00e9alis\u00e9s dans un contexte de bureau d&rsquo;affaires.<\/p>\n<p><strong><span style=\"color: #ff6600;\">Immortels.ca<\/span><\/strong> a les moyens de lire ces bobines, cassettes et micro-cassettes et d&rsquo;en convertir les enregistrements analogiques en enregistrement num\u00e9riques de type .wav ce qui permet de les restaurer ensuite par l&rsquo;utilisation de techniques sophistiqu\u00e9es.<\/p>\n<figure id=\"attachment_30\" aria-describedby=\"caption-attachment-30\" style=\"width: 564px\" class=\"wp-caption alignnone\"><a href=\"http:\/\/immortels.ca\/wordpress\/wp-content\/uploads\/2014\/07\/DSCN4775.jpg\"><img loading=\"lazy\" class=\"wp-image-30 size-full\" src=\"http:\/\/immortels.ca\/wordpress\/wp-content\/uploads\/2014\/07\/DSCN4775.jpg\" alt=\"DSCN4775\" width=\"564\" height=\"334\" srcset=\"http:\/\/immortels.ca\/wordpress\/wp-content\/uploads\/2014\/07\/DSCN4775.jpg 564w, http:\/\/immortels.ca\/wordpress\/wp-content\/uploads\/2014\/07\/DSCN4775-300x177.jpg 300w\" sizes=\"(max-width: 564px) 100vw, 564px\" \/><\/a><figcaption id=\"caption-attachment-30\" class=\"wp-caption-text\">ruban Sonocolor<\/figcaption><\/figure>\n<p>&nbsp;<\/p>\n<figure id=\"attachment_310\" aria-describedby=\"caption-attachment-310\" style=\"width: 564px\" class=\"wp-caption alignnone\"><a href=\"http:\/\/immortels.ca\/wordpress\/wp-content\/uploads\/2014\/07\/CassetteMicrocassette.jpg\"><img loading=\"lazy\" class=\"wp-image-310 size-full\" src=\"http:\/\/immortels.ca\/wordpress\/wp-content\/uploads\/2014\/07\/CassetteMicrocassette.jpg\" alt=\"CassetteMicrocassette\" width=\"564\" height=\"367\" srcset=\"http:\/\/immortels.ca\/wordpress\/wp-content\/uploads\/2014\/07\/CassetteMicrocassette.jpg 564w, http:\/\/immortels.ca\/wordpress\/wp-content\/uploads\/2014\/07\/CassetteMicrocassette-300x195.jpg 300w\" sizes=\"(max-width: 564px) 100vw, 564px\" \/><\/a><figcaption id=\"caption-attachment-310\" class=\"wp-caption-text\">Microcassette et cassette Philips<\/figcaption><\/figure>\n<figure id=\"attachment_341\" aria-describedby=\"caption-attachment-341\" style=\"width: 474px\" class=\"wp-caption aligncenter\"><a href=\"http:\/\/immortels.ca\/wordpress\/wp-content\/uploads\/2014\/07\/DSC_0396-Nakamishi-BX-100.jpg\"><img loading=\"lazy\" class=\"wp-image-341 size-large\" src=\"http:\/\/immortels.ca\/wordpress\/wp-content\/uploads\/2014\/07\/DSC_0396-Nakamishi-BX-100-1024x412.jpg\" alt=\"DSC_0396-Nakamishi-BX-100\" width=\"474\" height=\"190\" srcset=\"http:\/\/immortels.ca\/wordpress\/wp-content\/uploads\/2014\/07\/DSC_0396-Nakamishi-BX-100-1024x412.jpg 1024w, http:\/\/immortels.ca\/wordpress\/wp-content\/uploads\/2014\/07\/DSC_0396-Nakamishi-BX-100-300x120.jpg 300w\" sizes=\"(max-width: 474px) 100vw, 474px\" \/><\/a><figcaption id=\"caption-attachment-341\" class=\"wp-caption-text\">Lecteur de cassette Nakamishi BX-100<\/figcaption><\/figure>\n<p>Les d\u00e9fauts les plus fr\u00e9quents rencontr\u00e9s sur ces enregistrements audio sont :<\/p>\n<ul>\n<li><strong>D\u00e9s\u00e9quilibre<\/strong> du spectre\u00a0<span style=\"line-height: 1.5;\">(ex. trop peu d&rsquo;aigus donc voix \u00e9touff\u00e9e). On peut g\u00e9n\u00e9ralement compenser une bonne partie des pertes mais au prix de l&rsquo;augmentation du bruit de fond (effet de \u00absouffle\u00bb)<\/span><\/li>\n<li><strong>Distorsion<\/strong> du signal audio (ex. on a du mal a reconna\u00eetre une voix). Ce d\u00e9faut est malheureusement tr\u00e8s difficile \u00e0 corriger.<\/li>\n<li>les d\u00e9fauts du type <strong>variations erratiques de volume<\/strong> sont g\u00e9n\u00e9ralement faciles \u00e0 corriger.<\/li>\n<li>les d\u00e9fauts d&rsquo;<strong>\u00e9quilibre gauche-droite<\/strong> des signaux st\u00e9r\u00e9os sont aussi g\u00e9n\u00e9ralement faciles \u00e0 corriger.<\/li>\n<li>il existe une grande vari\u00e9t\u00e9 de<strong> bruits<\/strong> qui peuvent perturber \u00a0un enregistrement audio. Certains peuvent \u00eatre \u00e9limin\u00e9s assez facilement mais d&rsquo;autre demandent parfois trop d&rsquo;efforts m\u00eame si leur \u00e9limination est th\u00e9oriquement possible.<\/li>\n<li><strong><span style=\"color: #ff6600;\">Immortels.ca<\/span><\/strong> a \u00e9tudi\u00e9 plus particuli\u00e8rement le cas des \u00ab<strong>coups<\/strong>\u00bb donn\u00e9s au micro pendant l&rsquo;enregistrement, un d\u00e9faut tr\u00e8s pr\u00e9sent dans les enregistrements d&rsquo;amateurs. \u00a0Dans la mesure o\u00f9 ces coups sourds se situent souvent dans un registre tr\u00e8s bas, donc en majeure partie en dessous de la voix humaine, il est souvent possible d&rsquo;am\u00e9liorer consid\u00e9rablement la qualit\u00e9 de l&rsquo;enregistrement par une technique dite de \u00abcorrection spectrale\u00bb qui consiste \u00e0 remplacer la seule partie basse fr\u00e9quence pendant la dur\u00e9e du \u00abcoup\u00bb par une \u00abrustine\u00bb copi\u00e9e du m\u00eame signal mais prise imm\u00e9diatement avant et apr\u00e8s le coup. L&rsquo;effet de cette correction sur la voix humaine est variable selon le registre de cette voix. Une voix aigu\u00eb sera \u00e9pargn\u00e9e et la restauration sera surprenante de qualit\u00e9 mais une voix grave sera plus affect\u00e9e avec \u00a0un changement perceptible de timbre due \u00e0 la perte des harmoniques les plus graves.<\/li>\n<\/ul>\n<h6 style=\"color: #757e82;\"><\/h6>\n<figure id=\"attachment_342\" aria-describedby=\"caption-attachment-342\" style=\"width: 474px\" class=\"wp-caption aligncenter\"><a href=\"http:\/\/immortels.ca\/wordpress\/wp-content\/uploads\/2014\/07\/R\u00e9paration-spectrale-des-coups-dans-Izotope-RX2.jpg\"><img loading=\"lazy\" class=\"size-large wp-image-342\" src=\"http:\/\/immortels.ca\/wordpress\/wp-content\/uploads\/2014\/07\/R\u00e9paration-spectrale-des-coups-dans-Izotope-RX2-1024x803.jpg\" alt=\"R\u00e9paration spectrale des coups dans Izotope RX2\" width=\"474\" height=\"371\" srcset=\"http:\/\/immortels.ca\/wordpress\/wp-content\/uploads\/2014\/07\/R\u00e9paration-spectrale-des-coups-dans-Izotope-RX2-1024x803.jpg 1024w, http:\/\/immortels.ca\/wordpress\/wp-content\/uploads\/2014\/07\/R\u00e9paration-spectrale-des-coups-dans-Izotope-RX2-300x235.jpg 300w, http:\/\/immortels.ca\/wordpress\/wp-content\/uploads\/2014\/07\/R\u00e9paration-spectrale-des-coups-dans-Izotope-RX2.jpg 1280w\" sizes=\"(max-width: 474px) 100vw, 474px\" \/><\/a><figcaption id=\"caption-attachment-342\" class=\"wp-caption-text\">R\u00e9paration spectrale des coups dans Izotope RX2<\/figcaption><\/figure>\n<h6 style=\"color: #757e82;\"><em style=\"font-weight: inherit;\"><span style=\"color: #ff6600;\">Immortels.ca<\/span> fait la num\u00e9risation et la correction d&rsquo;enregistrements audio.\u00a0<\/em><\/h6>\n<p><a href=\"http:\/\/immortels.ca\/wordpress\/?page_id=516\">Prochain onglet: Vos cr\u00e9ations<\/a><\/p>\n","protected":false},"excerpt":{"rendered":"<p>Il est possible que vos tiroirs contiennent des documents audio sous la forme de rubans magn\u00e9tiques en bobine (open reel) ou plus fr\u00e9quemment dans des cassettes de type Philips, de loin le ruban en cartouche le plus r\u00e9pandu, et qui fut tr\u00e8s longtemps le medium privil\u00e9gi\u00e9 pour les enregistrement de voix faits par des amateurs. &hellip; <a href=\"http:\/\/immortels.ca\/wordpress\/organiser-vos-documents\/rubans-magnetiques-audio\/\" class=\"more-link\">Continuer la lecture de <span class=\"screen-reader-text\">Rubans magn\u00e9tiques audio<\/span>  <span class=\"meta-nav\">&rarr;<\/span><\/a><\/p>\n","protected":false},"author":1,"featured_media":0,"parent":134,"menu_order":108,"comment_status":"closed","ping_status":"closed","template":"","meta":{"spay_email":""},"yoast_head":"<!-- This site is optimized with the Yoast SEO plugin v15.0 - https:\/\/yoast.com\/wordpress\/plugins\/seo\/ -->\n<meta name=\"robots\" content=\"index, follow, max-snippet:-1, max-image-preview:large, max-video-preview:-1\" \/>\n<link rel=\"canonical\" href=\"http:\/\/immortels.ca\/wordpress\/organiser-vos-documents\/rubans-magnetiques-audio\/\" \/>\n<meta property=\"og:locale\" content=\"fr_FR\" \/>\n<meta property=\"og:type\" content=\"article\" \/>\n<meta property=\"og:title\" content=\"Rubans magn\u00e9tiques audio - Immortels\" \/>\n<meta property=\"og:description\" content=\"Il est possible que vos tiroirs contiennent des documents audio sous la forme de rubans magn\u00e9tiques en bobine (open reel) ou plus fr\u00e9quemment dans des cassettes de type Philips, de loin le ruban en cartouche le plus r\u00e9pandu, et qui fut tr\u00e8s longtemps le medium privil\u00e9gi\u00e9 pour les enregistrement de voix faits par des amateurs. &hellip; Continuer la lecture de Rubans magn\u00e9tiques audio &rarr;\" \/>\n<meta property=\"og:url\" content=\"http:\/\/immortels.ca\/wordpress\/organiser-vos-documents\/rubans-magnetiques-audio\/\" \/>\n<meta property=\"og:site_name\" content=\"Immortels\" \/>\n<meta property=\"article:publisher\" content=\"https:\/\/www.facebook.com\/immortels.ca\/\" \/>\n<meta property=\"article:modified_time\" content=\"2015-05-30T22:22:37+00:00\" \/>\n<meta property=\"og:image\" content=\"http:\/\/immortels.ca\/wordpress\/wp-content\/uploads\/2014\/07\/DSCN4775.jpg\" \/>\n<meta name=\"twitter:card\" content=\"summary_large_image\" \/>\n<script type=\"application\/ld+json\" class=\"yoast-schema-graph\">{\"@context\":\"https:\/\/schema.org\",\"@graph\":[{\"@type\":\"Organization\",\"@id\":\"http:\/\/immortels.ca\/wordpress\/#organization\",\"name\":\"Immortels.ca\",\"url\":\"http:\/\/immortels.ca\/wordpress\/\",\"sameAs\":[\"https:\/\/www.facebook.com\/immortels.ca\/\",\"https:\/\/www.youtube.com\/channel\/UC7Z1MrpTYIwCNWYmSF9JMzA\"],\"logo\":{\"@type\":\"ImageObject\",\"@id\":\"http:\/\/immortels.ca\/wordpress\/#logo\",\"inLanguage\":\"fr-FR\",\"url\":\"http:\/\/immortels.ca\/wordpress\/wp-content\/uploads\/2014\/10\/logo-immortels.ca_.jpg\",\"width\":540,\"height\":533,\"caption\":\"Immortels.ca\"},\"image\":{\"@id\":\"http:\/\/immortels.ca\/wordpress\/#logo\"}},{\"@type\":\"WebSite\",\"@id\":\"http:\/\/immortels.ca\/wordpress\/#website\",\"url\":\"http:\/\/immortels.ca\/wordpress\/\",\"name\":\"Immortels\",\"description\":\"On a tous une histoire \\u00e0 raconter\",\"publisher\":{\"@id\":\"http:\/\/immortels.ca\/wordpress\/#organization\"},\"potentialAction\":[{\"@type\":\"SearchAction\",\"target\":\"http:\/\/immortels.ca\/wordpress\/?s={search_term_string}\",\"query-input\":\"required name=search_term_string\"}],\"inLanguage\":\"fr-FR\"},{\"@type\":\"ImageObject\",\"@id\":\"http:\/\/immortels.ca\/wordpress\/organiser-vos-documents\/rubans-magnetiques-audio\/#primaryimage\",\"inLanguage\":\"fr-FR\",\"url\":\"http:\/\/immortels.ca\/wordpress\/wp-content\/uploads\/2014\/07\/DSCN4775.jpg\",\"width\":564,\"height\":334},{\"@type\":\"WebPage\",\"@id\":\"http:\/\/immortels.ca\/wordpress\/organiser-vos-documents\/rubans-magnetiques-audio\/#webpage\",\"url\":\"http:\/\/immortels.ca\/wordpress\/organiser-vos-documents\/rubans-magnetiques-audio\/\",\"name\":\"Rubans magn\\u00e9tiques audio - Immortels\",\"isPartOf\":{\"@id\":\"http:\/\/immortels.ca\/wordpress\/#website\"},\"primaryImageOfPage\":{\"@id\":\"http:\/\/immortels.ca\/wordpress\/organiser-vos-documents\/rubans-magnetiques-audio\/#primaryimage\"},\"datePublished\":\"2014-07-11T22:20:44+00:00\",\"dateModified\":\"2015-05-30T22:22:37+00:00\",\"inLanguage\":\"fr-FR\",\"potentialAction\":[{\"@type\":\"ReadAction\",\"target\":[\"http:\/\/immortels.ca\/wordpress\/organiser-vos-documents\/rubans-magnetiques-audio\/\"]}]}]}<\/script>\n<!-- \/ Yoast SEO plugin. -->","jetpack_sharing_enabled":true,"jetpack_shortlink":"https:\/\/wp.me\/P5QWQr-3N","_links":{"self":[{"href":"http:\/\/immortels.ca\/wordpress\/wp-json\/wp\/v2\/pages\/235"}],"collection":[{"href":"http:\/\/immortels.ca\/wordpress\/wp-json\/wp\/v2\/pages"}],"about":[{"href":"http:\/\/immortels.ca\/wordpress\/wp-json\/wp\/v2\/types\/page"}],"author":[{"embeddable":true,"href":"http:\/\/immortels.ca\/wordpress\/wp-json\/wp\/v2\/users\/1"}],"replies":[{"embeddable":true,"href":"http:\/\/immortels.ca\/wordpress\/wp-json\/wp\/v2\/comments?post=235"}],"version-history":[{"count":20,"href":"http:\/\/immortels.ca\/wordpress\/wp-json\/wp\/v2\/pages\/235\/revisions"}],"predecessor-version":[{"id":678,"href":"http:\/\/immortels.ca\/wordpress\/wp-json\/wp\/v2\/pages\/235\/revisions\/678"}],"up":[{"embeddable":true,"href":"http:\/\/immortels.ca\/wordpress\/wp-json\/wp\/v2\/pages\/134"}],"wp:attachment":[{"href":"http:\/\/immortels.ca\/wordpress\/wp-json\/wp\/v2\/media?parent=235"}],"curies":[{"name":"wp","href":"https:\/\/api.w.org\/{rel}","templated":true}]}}