{"id":2,"date":"2014-05-09T04:35:09","date_gmt":"2014-05-09T04:35:09","guid":{"rendered":"http:\/\/immortels.ca\/wordpress\/?page_id=2"},"modified":"2020-04-11T17:32:42","modified_gmt":"2020-04-11T21:32:42","slug":"sample-page","status":"publish","type":"page","link":"http:\/\/immortels.ca\/wordpress\/","title":{"rendered":"BIENVENUE"},"content":{"rendered":"<h4><span style=\"color: #808080;\">Vous avez des <a href=\"http:\/\/immortels.ca\/wordpress\/sample-page\/numerisation-de-vos-photos\/\">photos\/n\u00e9gatifs \u00e0 num\u00e9riser<\/a> ?<\/span><\/h4>\n<h4 style=\"color: #757e82;\">Vous avez une vie \u00e0 raconter ?<\/h4>\n<h4 style=\"color: #757e82;\">Vous avez d\u00e9cid\u00e9 de laisser une trace ?<\/h4>\n<p>Vous \u00eates \u00e0 la bonne enseigne:<\/p>\n<p><a href=\"http:\/\/immortels.ca\/wordpress\/wp-content\/uploads\/2015\/01\/logo20.jpg\"><img loading=\"lazy\" class=\" wp-image-656 size-thumbnail aligncenter\" src=\"http:\/\/immortels.ca\/wordpress\/wp-content\/uploads\/2015\/01\/logo20-150x150.jpg\" alt=\"logo20\" width=\"150\" height=\"150\" \/><\/a><a href=\"http:\/\/immortels.ca\/wordpress\/wp-content\/uploads\/2014\/10\/logo-immortels.ca_.jpg\"><br \/>\n<\/a>produit des biographies de deux types:<\/p>\n<ul>\n<li>Des <span style=\"color: #ff6600;\">brochures biographiques<\/span> de 8 \u00e0 16 pages en couleur<\/li>\n<\/ul>\n<p><a href=\"http:\/\/immortels.ca\/wordpress\/wp-content\/uploads\/2014\/07\/flyertrio.jpg\"><img loading=\"lazy\" class=\"alignnone size-full wp-image-219\" src=\"http:\/\/immortels.ca\/wordpress\/wp-content\/uploads\/2014\/07\/flyertrio.jpg\" alt=\"flyertrio\" width=\"564\" height=\"140\" srcset=\"http:\/\/immortels.ca\/wordpress\/wp-content\/uploads\/2014\/07\/flyertrio.jpg 564w, http:\/\/immortels.ca\/wordpress\/wp-content\/uploads\/2014\/07\/flyertrio-300x74.jpg 300w\" sizes=\"(max-width: 564px) 100vw, 564px\" \/><\/a><\/p>\n<ul>\n<li>Des films biographiques, ou<span style=\"color: #ff6600;\"> vid\u00e9o-biographies<\/span>, sur support DVD de qualit\u00e9 30 ans.<\/li>\n<\/ul>\n<p><a href=\"http:\/\/immortels.ca\/wordpress\/wp-content\/uploads\/2014\/07\/dvdtrio.jpg\"><img loading=\"lazy\" class=\"alignnone size-full wp-image-214\" src=\"http:\/\/immortels.ca\/wordpress\/wp-content\/uploads\/2014\/07\/dvdtrio.jpg\" alt=\"dvdtrio\" width=\"564\" height=\"180\" srcset=\"http:\/\/immortels.ca\/wordpress\/wp-content\/uploads\/2014\/07\/dvdtrio.jpg 564w, http:\/\/immortels.ca\/wordpress\/wp-content\/uploads\/2014\/07\/dvdtrio-300x95.jpg 300w\" sizes=\"(max-width: 564px) 100vw, 564px\" \/><\/a><\/p>\n<h4 style=\"color: #757e82;\">Fort bien, maintenant, par o\u00f9 commencer ?<\/h4>\n<h4><\/h4>\n<h3 style=\"text-align: center;\"><span style=\"color: #ff6600;\">T\u00e9l. : 514 343 4571<\/span><\/h3>\n<h4><strong><span style=\"color: #ff6600;\">Un coup de t\u00e9l\u00e9phone ne co\u00fbte rien<\/span> <\/strong>et c&rsquo;est un bon moyen d&rsquo;obtenir des <span style=\"color: #ff6600;\">conseils GRATUITS <span style=\"color: #000000;\">sur la meilleure fa\u00e7on de proc\u00e9der dans votre cas.<\/span><\/span><\/h4>\n<p><span style=\"color: #808080;\">Que ce soit pour vous-m\u00eame ou pour un \u00eatre cher disparu avant d&rsquo;avoir pu faire ce travail lui-m\u00eame, vous devez savoir qu&rsquo;un biographe ne pourra faire un bon travail sans votre coop\u00e9ration pleine et enti\u00e8re. Entre vous et le biographe que vous aurez choisi, il ne peut y avoir autre chose qu&rsquo;une relation de grande confiance. Le document \u00e9lectronique que vous allez cr\u00e9er avec lui sera peut-\u00eatre immortel.<\/span><\/p>\n<p style=\"color: #757e82;\">Ce n&rsquo;est plus de la science-fiction. Il n&rsquo;est pas impossible qu&rsquo;il en existera encore des copies dans un million d&rsquo;ann\u00e9es. Vous devez comprendre qu&rsquo;une fois enregistr\u00e9e, finalis\u00e9e et mise en ligne, la vid\u00e9o-biographie ainsi produite ne sera pratiquement plus modifiable ou destructible. Il importe donc de bien la faire. C&rsquo;est pour cela qu<span style=\"color: #ff0000;\"><span style=\"color: #808080;\">&lsquo;<\/span><a href=\"http:\/\/immortels.ca\/wordpress\"><span style=\"color: #ff6600;\">Immortels.c<span style=\"color: #ff6600;\">a<\/span><\/span><\/a><\/span>\u00a0fournit toujours une premi\u00e8re version pour approbation et modifications avant la version d\u00e9finitive. Ensuite la copie des documents num\u00e9ris\u00e9s permet de reproduire avec une tr\u00e8s grande s\u00e9curit\u00e9 ce qui rend possible des copies de copies identiques sur des si\u00e8cles.<\/p>\n<p style=\"color: #757e82;\">Avant d&rsquo;en arriver l\u00e0, il vous faudra rassembler les documents n\u00e9cessaires au vid\u00e9o-biographe. A la diff\u00e9rence d&rsquo;un biographe, un vid\u00e9o-biographe s&rsquo;int\u00e9resse \u00e0 bien plus d&rsquo;\u00e9l\u00e9ments. Vous en trouverez un aper\u00e7u dans les onglets suivants.<\/p>\n<p style=\"color: #757e82;\"><a href=\"http:\/\/immortels.ca\/wordpress\/?page_id=134\">Prochain onglet: Vos documents<\/a><\/p>\n","protected":false},"excerpt":{"rendered":"<p>Vous avez des photos\/n\u00e9gatifs \u00e0 num\u00e9riser ? Vous avez une vie \u00e0 raconter ? Vous avez d\u00e9cid\u00e9 de laisser une trace ? Vous \u00eates \u00e0 la bonne enseigne: produit des biographies de deux types: Des brochures biographiques de 8 \u00e0 16 pages en couleur Des films biographiques, ou vid\u00e9o-biographies, sur support DVD de qualit\u00e9 30 &hellip; <a href=\"http:\/\/immortels.ca\/wordpress\/\" class=\"more-link\">Continuer la lecture de <span class=\"screen-reader-text\">BIENVENUE<\/span>  <span class=\"meta-nav\">&rarr;<\/span><\/a><\/p>\n","protected":false},"author":1,"featured_media":0,"parent":0,"menu_order":0,"comment_status":"closed","ping_status":"closed","template":"","meta":{"spay_email":""},"yoast_head":"<!-- This site is optimized with the Yoast SEO plugin v15.0 - https:\/\/yoast.com\/wordpress\/plugins\/seo\/ -->\n<meta name=\"robots\" content=\"index, follow, max-snippet:-1, max-image-preview:large, max-video-preview:-1\" \/>\n<link rel=\"canonical\" href=\"http:\/\/immortels.ca\/wordpress\/\" \/>\n<meta property=\"og:locale\" content=\"fr_FR\" \/>\n<meta property=\"og:type\" content=\"article\" \/>\n<meta property=\"og:title\" content=\"BIENVENUE - Immortels\" \/>\n<meta property=\"og:description\" content=\"Vous avez des photos\/n\u00e9gatifs \u00e0 num\u00e9riser ? Vous avez une vie \u00e0 raconter ? Vous avez d\u00e9cid\u00e9 de laisser une trace ? Vous \u00eates \u00e0 la bonne enseigne: produit des biographies de deux types: Des brochures biographiques de 8 \u00e0 16 pages en couleur Des films biographiques, ou vid\u00e9o-biographies, sur support DVD de qualit\u00e9 30 &hellip; Continuer la lecture de BIENVENUE &rarr;\" \/>\n<meta property=\"og:url\" content=\"http:\/\/immortels.ca\/wordpress\/\" \/>\n<meta property=\"og:site_name\" content=\"Immortels\" \/>\n<meta property=\"article:publisher\" content=\"https:\/\/www.facebook.com\/immortels.ca\/\" \/>\n<meta property=\"article:modified_time\" content=\"2020-04-11T21:32:42+00:00\" \/>\n<meta property=\"og:image\" content=\"http:\/\/immortels.ca\/wordpress\/wp-content\/uploads\/2015\/01\/logo20-150x150.jpg\" \/>\n<meta name=\"twitter:card\" content=\"summary_large_image\" \/>\n<script type=\"application\/ld+json\" class=\"yoast-schema-graph\">{\"@context\":\"https:\/\/schema.org\",\"@graph\":[{\"@type\":\"Organization\",\"@id\":\"http:\/\/immortels.ca\/wordpress\/#organization\",\"name\":\"Immortels.ca\",\"url\":\"http:\/\/immortels.ca\/wordpress\/\",\"sameAs\":[\"https:\/\/www.facebook.com\/immortels.ca\/\",\"https:\/\/www.youtube.com\/channel\/UC7Z1MrpTYIwCNWYmSF9JMzA\"],\"logo\":{\"@type\":\"ImageObject\",\"@id\":\"http:\/\/immortels.ca\/wordpress\/#logo\",\"inLanguage\":\"fr-FR\",\"url\":\"http:\/\/immortels.ca\/wordpress\/wp-content\/uploads\/2014\/10\/logo-immortels.ca_.jpg\",\"width\":540,\"height\":533,\"caption\":\"Immortels.ca\"},\"image\":{\"@id\":\"http:\/\/immortels.ca\/wordpress\/#logo\"}},{\"@type\":\"WebSite\",\"@id\":\"http:\/\/immortels.ca\/wordpress\/#website\",\"url\":\"http:\/\/immortels.ca\/wordpress\/\",\"name\":\"Immortels\",\"description\":\"On a tous une histoire \\u00e0 raconter\",\"publisher\":{\"@id\":\"http:\/\/immortels.ca\/wordpress\/#organization\"},\"potentialAction\":[{\"@type\":\"SearchAction\",\"target\":\"http:\/\/immortels.ca\/wordpress\/?s={search_term_string}\",\"query-input\":\"required name=search_term_string\"}],\"inLanguage\":\"fr-FR\"},{\"@type\":\"ImageObject\",\"@id\":\"http:\/\/immortels.ca\/wordpress\/#primaryimage\",\"inLanguage\":\"fr-FR\",\"url\":\"http:\/\/immortels.ca\/wordpress\/wp-content\/uploads\/2015\/01\/logo20-150x150.jpg\"},{\"@type\":\"WebPage\",\"@id\":\"http:\/\/immortels.ca\/wordpress\/#webpage\",\"url\":\"http:\/\/immortels.ca\/wordpress\/\",\"name\":\"BIENVENUE - Immortels\",\"isPartOf\":{\"@id\":\"http:\/\/immortels.ca\/wordpress\/#website\"},\"primaryImageOfPage\":{\"@id\":\"http:\/\/immortels.ca\/wordpress\/#primaryimage\"},\"datePublished\":\"2014-05-09T04:35:09+00:00\",\"dateModified\":\"2020-04-11T21:32:42+00:00\",\"inLanguage\":\"fr-FR\",\"potentialAction\":[{\"@type\":\"ReadAction\",\"target\":[\"http:\/\/immortels.ca\/wordpress\/\"]}]}]}<\/script>\n<!-- \/ Yoast SEO plugin. -->","jetpack_sharing_enabled":true,"jetpack_shortlink":"https:\/\/wp.me\/P5QWQr-2","_links":{"self":[{"href":"http:\/\/immortels.ca\/wordpress\/wp-json\/wp\/v2\/pages\/2"}],"collection":[{"href":"http:\/\/immortels.ca\/wordpress\/wp-json\/wp\/v2\/pages"}],"about":[{"href":"http:\/\/immortels.ca\/wordpress\/wp-json\/wp\/v2\/types\/page"}],"author":[{"embeddable":true,"href":"http:\/\/immortels.ca\/wordpress\/wp-json\/wp\/v2\/users\/1"}],"replies":[{"embeddable":true,"href":"http:\/\/immortels.ca\/wordpress\/wp-json\/wp\/v2\/comments?post=2"}],"version-history":[{"count":47,"href":"http:\/\/immortels.ca\/wordpress\/wp-json\/wp\/v2\/pages\/2\/revisions"}],"predecessor-version":[{"id":802,"href":"http:\/\/immortels.ca\/wordpress\/wp-json\/wp\/v2\/pages\/2\/revisions\/802"}],"wp:attachment":[{"href":"http:\/\/immortels.ca\/wordpress\/wp-json\/wp\/v2\/media?parent=2"}],"curies":[{"name":"wp","href":"https:\/\/api.w.org\/{rel}","templated":true}]}}