{"id":144,"date":"2014-07-11T03:45:09","date_gmt":"2014-07-11T07:45:09","guid":{"rendered":"http:\/\/immortels.ca\/wordpress\/?page_id=144"},"modified":"2014-08-14T01:46:41","modified_gmt":"2014-08-14T05:46:41","slug":"historique","status":"publish","type":"page","link":"http:\/\/immortels.ca\/wordpress\/historique\/","title":{"rendered":"HISTORIQUE"},"content":{"rendered":"<p><strong><span style=\"color: #ff6600;\">Immortels.ca<\/span><\/strong> est l&rsquo;aboutissement d&rsquo;une dizaine d&rsquo;ann\u00e9es de r\u00e9flexion de son fondateur, Michel Virard, ing\u00e9nieur en \u00e9lectronique et informatique, qui continue ses recherches sur le stockage \u00e0 tr\u00e8s long terme des documents num\u00e9riques.<\/p>\n<p>Certaines de ses id\u00e9es ont \u00e9t\u00e9 pr\u00e9sent\u00e9es en 2012 lors d&rsquo;une premi\u00e8re conf\u00e9rence sur l&rsquo;immortalit\u00e9 num\u00e9rique d\u00e9sormais \u00e0 notre port\u00e9e. Cette conf\u00e9rence s&rsquo;adressait initialement \u00e0 des humanistes non-croyants en la survie de l&rsquo;\u00e2me et donc \u00e0 des personnes pour qui le concept d&rsquo;immortalit\u00e9 est tr\u00e8s diff\u00e9rent de celui des croyants. Mais nous savons que les croyants, eux-aussi, sont int\u00e9ress\u00e9s par l&rsquo;immortalit\u00e9 num\u00e9rique et nous sommes ravis de pouvoir les satisfaire tout autant que les non-croyants.<\/p>\n<p>Pour ceux qui veulent tout savoir, voici donc le diaporama de la conf\u00e9rence et aussi l&rsquo;enregistrement complet de la premi\u00e8re conf\u00e9rence sur l&rsquo;immortalit\u00e9 num\u00e9rique:<\/p>\n<h3>Quel genre d&rsquo;immortalit\u00e9 pour les humains du 21e si\u00e8cle ?<\/h3>\n<p>Le diaporama de cette conf\u00e9rence couvre les diff\u00e9rents probl\u00e8mes rencontr\u00e9s par les personnes qui d\u00e9sirent laisser une trace aussi fid\u00e8le que possible de leur existence. L&rsquo;historique des tentatives ant\u00e9rieures pour laisser des traces donne une premi\u00e8re id\u00e9e des formidables barri\u00e8res que nous avons d\u00fb vaincre pour obtenir une minuscule dose d&rsquo;immortalit\u00e9. Toutefois les technologies informatiques sont en train de bouleverser la probl\u00e9matique de la p\u00e9rennit\u00e9 de nos traces et laissent entrevoir des changements massifs dans la fa\u00e7on dont nous allons \u00ab\u00a0parler\u00a0\u00bb \u00e0 nos descendants apr\u00e8s notre in\u00e9luctable d\u00e9c\u00e8s.<\/p>\n<blockquote><iframe src='https:\/\/www.slideshare.net\/slideshow\/embed_code\/37219504' width='474' height='389' sandbox=\"allow-popups allow-scripts allow-same-origin allow-presentation\" allowfullscreen webkitallowfullscreen mozallowfullscreen><\/iframe><\/blockquote>\n<p>Ou encore, la <a href=\"http:\/\/youtu.be\/6NoOBvDv_B8?list=UU9y6fctk3uOsyWtk_1GJ8fQ\">vid\u00e9o de la conf\u00e9rence<\/a><\/p>\n<blockquote><p><span style=\"color: #333333;\">Michel Virard est ing\u00e9nieur en physique \u00e9lectronique de l&rsquo;Institut National des Sciences Appliqu\u00e9es de Lyon et dipl\u00f4m\u00e9 en informatique de l&rsquo;\u00c9cole Polytechnique de Montr\u00e9al. Son entreprise de g\u00e9nie conseil, Symtec international, est maintenant active dans la construction de cybermausol\u00e9es biographiques.<\/span><\/p><\/blockquote>\n<p>Cette conf\u00e9rence a \u00e9t\u00e9 aussi le d\u00e9clencheur d&rsquo;un \u00e9v\u00e9nement important pour la suite des choses: l&rsquo;\u00e9crivaine et conf\u00e9renci\u00e8re <strong>Andr\u00e9a Richard<\/strong> \u00a0y assistait, or Andr\u00e9a avait en t\u00eate un projet parall\u00e8le, celui des cimeti\u00e8res virtuels contenant des cybermausol\u00e9es.<\/p>\n<p>De cette rencontre est n\u00e9 le partenariat de Andr\u00e9a Richard avec Michel Virard \u00a0dont le but est le d\u00e9marrage en 2014 d&rsquo;un second site web d\u00e9di\u00e9 \u00e0 la conservation en ligne des documents biographiques des individus. Ce second site web sera g\u00e9r\u00e9 par une organisation dont la dur\u00e9e de vie probable est \u00e9lev\u00e9e. Nous vous en reparlerons.<\/p>\n<p>Prochain onglet: <a href=\"http:\/\/immortels.ca\/wordpress\/?page_id=160\">Foire aux questions (FAQ)<\/a><\/p>\n","protected":false},"excerpt":{"rendered":"<p>Immortels.ca est l&rsquo;aboutissement d&rsquo;une dizaine d&rsquo;ann\u00e9es de r\u00e9flexion de son fondateur, Michel Virard, ing\u00e9nieur en \u00e9lectronique et informatique, qui continue ses recherches sur le stockage \u00e0 tr\u00e8s long terme des documents num\u00e9riques. Certaines de ses id\u00e9es ont \u00e9t\u00e9 pr\u00e9sent\u00e9es en 2012 lors d&rsquo;une premi\u00e8re conf\u00e9rence sur l&rsquo;immortalit\u00e9 num\u00e9rique d\u00e9sormais \u00e0 notre port\u00e9e. Cette conf\u00e9rence s&rsquo;adressait &hellip; <a href=\"http:\/\/immortels.ca\/wordpress\/historique\/\" class=\"more-link\">Continuer la lecture de <span class=\"screen-reader-text\">HISTORIQUE<\/span>  <span class=\"meta-nav\">&rarr;<\/span><\/a><\/p>\n","protected":false},"author":1,"featured_media":0,"parent":0,"menu_order":6,"comment_status":"closed","ping_status":"closed","template":"","meta":{"spay_email":""},"yoast_head":"<!-- This site is optimized with the Yoast SEO plugin v15.0 - https:\/\/yoast.com\/wordpress\/plugins\/seo\/ -->\n<meta name=\"robots\" content=\"index, follow, max-snippet:-1, max-image-preview:large, max-video-preview:-1\" \/>\n<link rel=\"canonical\" href=\"http:\/\/immortels.ca\/wordpress\/historique\/\" \/>\n<meta property=\"og:locale\" content=\"fr_FR\" \/>\n<meta property=\"og:type\" content=\"article\" \/>\n<meta property=\"og:title\" content=\"HISTORIQUE - Immortels\" \/>\n<meta property=\"og:description\" content=\"Immortels.ca est l&rsquo;aboutissement d&rsquo;une dizaine d&rsquo;ann\u00e9es de r\u00e9flexion de son fondateur, Michel Virard, ing\u00e9nieur en \u00e9lectronique et informatique, qui continue ses recherches sur le stockage \u00e0 tr\u00e8s long terme des documents num\u00e9riques. Certaines de ses id\u00e9es ont \u00e9t\u00e9 pr\u00e9sent\u00e9es en 2012 lors d&rsquo;une premi\u00e8re conf\u00e9rence sur l&rsquo;immortalit\u00e9 num\u00e9rique d\u00e9sormais \u00e0 notre port\u00e9e. Cette conf\u00e9rence s&rsquo;adressait &hellip; Continuer la lecture de HISTORIQUE &rarr;\" \/>\n<meta property=\"og:url\" content=\"http:\/\/immortels.ca\/wordpress\/historique\/\" \/>\n<meta property=\"og:site_name\" content=\"Immortels\" \/>\n<meta property=\"article:publisher\" content=\"https:\/\/www.facebook.com\/immortels.ca\/\" \/>\n<meta property=\"article:modified_time\" content=\"2014-08-14T05:46:41+00:00\" \/>\n<meta name=\"twitter:card\" content=\"summary_large_image\" \/>\n<script type=\"application\/ld+json\" class=\"yoast-schema-graph\">{\"@context\":\"https:\/\/schema.org\",\"@graph\":[{\"@type\":\"Organization\",\"@id\":\"http:\/\/immortels.ca\/wordpress\/#organization\",\"name\":\"Immortels.ca\",\"url\":\"http:\/\/immortels.ca\/wordpress\/\",\"sameAs\":[\"https:\/\/www.facebook.com\/immortels.ca\/\",\"https:\/\/www.youtube.com\/channel\/UC7Z1MrpTYIwCNWYmSF9JMzA\"],\"logo\":{\"@type\":\"ImageObject\",\"@id\":\"http:\/\/immortels.ca\/wordpress\/#logo\",\"inLanguage\":\"fr-FR\",\"url\":\"http:\/\/immortels.ca\/wordpress\/wp-content\/uploads\/2014\/10\/logo-immortels.ca_.jpg\",\"width\":540,\"height\":533,\"caption\":\"Immortels.ca\"},\"image\":{\"@id\":\"http:\/\/immortels.ca\/wordpress\/#logo\"}},{\"@type\":\"WebSite\",\"@id\":\"http:\/\/immortels.ca\/wordpress\/#website\",\"url\":\"http:\/\/immortels.ca\/wordpress\/\",\"name\":\"Immortels\",\"description\":\"On a tous une histoire \\u00e0 raconter\",\"publisher\":{\"@id\":\"http:\/\/immortels.ca\/wordpress\/#organization\"},\"potentialAction\":[{\"@type\":\"SearchAction\",\"target\":\"http:\/\/immortels.ca\/wordpress\/?s={search_term_string}\",\"query-input\":\"required name=search_term_string\"}],\"inLanguage\":\"fr-FR\"},{\"@type\":\"WebPage\",\"@id\":\"http:\/\/immortels.ca\/wordpress\/historique\/#webpage\",\"url\":\"http:\/\/immortels.ca\/wordpress\/historique\/\",\"name\":\"HISTORIQUE - Immortels\",\"isPartOf\":{\"@id\":\"http:\/\/immortels.ca\/wordpress\/#website\"},\"datePublished\":\"2014-07-11T07:45:09+00:00\",\"dateModified\":\"2014-08-14T05:46:41+00:00\",\"inLanguage\":\"fr-FR\",\"potentialAction\":[{\"@type\":\"ReadAction\",\"target\":[\"http:\/\/immortels.ca\/wordpress\/historique\/\"]}]}]}<\/script>\n<!-- \/ Yoast SEO plugin. -->","jetpack_sharing_enabled":true,"jetpack_shortlink":"https:\/\/wp.me\/P5QWQr-2k","_links":{"self":[{"href":"http:\/\/immortels.ca\/wordpress\/wp-json\/wp\/v2\/pages\/144"}],"collection":[{"href":"http:\/\/immortels.ca\/wordpress\/wp-json\/wp\/v2\/pages"}],"about":[{"href":"http:\/\/immortels.ca\/wordpress\/wp-json\/wp\/v2\/types\/page"}],"author":[{"embeddable":true,"href":"http:\/\/immortels.ca\/wordpress\/wp-json\/wp\/v2\/users\/1"}],"replies":[{"embeddable":true,"href":"http:\/\/immortels.ca\/wordpress\/wp-json\/wp\/v2\/comments?post=144"}],"version-history":[{"count":17,"href":"http:\/\/immortels.ca\/wordpress\/wp-json\/wp\/v2\/pages\/144\/revisions"}],"predecessor-version":[{"id":565,"href":"http:\/\/immortels.ca\/wordpress\/wp-json\/wp\/v2\/pages\/144\/revisions\/565"}],"wp:attachment":[{"href":"http:\/\/immortels.ca\/wordpress\/wp-json\/wp\/v2\/media?parent=144"}],"curies":[{"name":"wp","href":"https:\/\/api.w.org\/{rel}","templated":true}]}}