{"id":137,"date":"2014-07-10T22:19:54","date_gmt":"2014-07-11T02:19:54","guid":{"rendered":"http:\/\/immortels.ca\/wordpress\/?page_id=137"},"modified":"2014-08-10T15:48:44","modified_gmt":"2014-08-10T19:48:44","slug":"coupures-de-journaux","status":"publish","type":"page","link":"http:\/\/immortels.ca\/wordpress\/organiser-vos-documents\/coupures-de-journaux\/","title":{"rendered":"Coupures de journaux"},"content":{"rendered":"<p><strong><em>Comment num\u00e9riser des coupures de journaux et de magazines<\/em><\/strong><\/p>\n<p><strong><em>s\u00e9par\u00e9es ou int\u00e9gr\u00e9es dans des \u00abscrap books\u00bb<\/em><\/strong><\/p>\n<p>Ces documents, bien que super-int\u00e9ressants dans une biographie, sont aussi les documents les plus difficiles \u00e0 restaurer, surtout dans le cas des coupures de journaux des ann\u00e9es trente \u00e0 soixante-dix. Les photos (noires et blanches) \u00e9taient tram\u00e9es de fa\u00e7on \u00e0 reproduire des tons de gris par des points noirs de plus ou moins grande taille afin de tromper l&rsquo;oeil du lecteur en simulant des tons de gris inaccessibles aux presses de l\u2019\u00e9poque.<\/p>\n<p><a href=\"http:\/\/immortels.ca\/wordpress\/wp-content\/uploads\/2014\/07\/coup.jpg\"><img loading=\"lazy\" class=\"alignnone wp-image-192\" src=\"http:\/\/immortels.ca\/wordpress\/wp-content\/uploads\/2014\/07\/coup.jpg\" alt=\"coupure journal\" width=\"564\" height=\"595\" srcset=\"http:\/\/immortels.ca\/wordpress\/wp-content\/uploads\/2014\/07\/coup.jpg 672w, http:\/\/immortels.ca\/wordpress\/wp-content\/uploads\/2014\/07\/coup-284x300.jpg 284w\" sizes=\"(max-width: 564px) 100vw, 564px\" \/><\/a><\/p>\n<p>La num\u00e9risation des pages de magazine couleur a aussi ses propres difficult\u00e9s\u00a0: les couleurs sont repr\u00e9sent\u00e9es de diff\u00e9rentes fa\u00e7ons selon les proc\u00e9d\u00e9s d\u2019imprimerie en usage \u00e0 diff\u00e9rentes \u00e9poques.<\/p>\n<figure id=\"attachment_303\" aria-describedby=\"caption-attachment-303\" style=\"width: 564px\" class=\"wp-caption alignnone\"><img loading=\"lazy\" class=\"wp-image-303 size-full\" src=\"http:\/\/immortels.ca\/wordpress\/wp-content\/uploads\/2014\/07\/scanoeil.jpg\" alt=\"scanoeil\" width=\"564\" height=\"564\" srcset=\"http:\/\/immortels.ca\/wordpress\/wp-content\/uploads\/2014\/07\/scanoeil.jpg 564w, http:\/\/immortels.ca\/wordpress\/wp-content\/uploads\/2014\/07\/scanoeil-150x150.jpg 150w, http:\/\/immortels.ca\/wordpress\/wp-content\/uploads\/2014\/07\/scanoeil-300x300.jpg 300w\" sizes=\"(max-width: 564px) 100vw, 564px\" \/><figcaption id=\"caption-attachment-303\" class=\"wp-caption-text\">Gros plan d&rsquo;une page de magazine<\/figcaption><\/figure>\n<p>Un d\u00e9faut que l\u2019on retrouve souvent lorsqu\u2019on num\u00e9rise des photos de journaux ou de magazine, c\u2019est l\u2019effet dit de \u00ab\u00a0<strong>moir\u00e9<\/strong>\u00bb en fait, il s&rsquo;agit d&rsquo;une interf\u00e9rence visible entre la trame d\u2019impression et la trame de num\u00e9risation. Un truc utile pour diminuer l\u2019effet de moir\u00e9 est de num\u00e9riser \u00e0 la r\u00e9solution maximum du num\u00e9riseur en inclinant de 15\u00b0 la coupure de journal, ou de magazine, puis, une fois l&rsquo;image dans Photoshop, la redresser\u00a0 de 15\u00b0. Ensuite on peut gommer l\u2019effet de trame toujours visible en appliquant un filtre (ex\u00a0: Gaussian Blur) pour faire dispara\u00eetre les points et finalement r\u00e9duire la r\u00e9solution \u00e0 un niveau raisonnable avant archivage.<\/p>\n<figure id=\"attachment_301\" aria-describedby=\"caption-attachment-301\" style=\"width: 564px\" class=\"wp-caption alignnone\"><a href=\"http:\/\/immortels.ca\/wordpress\/wp-content\/uploads\/2014\/07\/fleursmoire.jpg\"><img loading=\"lazy\" class=\"wp-image-301 size-full\" src=\"http:\/\/immortels.ca\/wordpress\/wp-content\/uploads\/2014\/07\/fleursmoire.jpg\" alt=\"fleursmoire\" width=\"564\" height=\"268\" srcset=\"http:\/\/immortels.ca\/wordpress\/wp-content\/uploads\/2014\/07\/fleursmoire.jpg 564w, http:\/\/immortels.ca\/wordpress\/wp-content\/uploads\/2014\/07\/fleursmoire-300x142.jpg 300w\" sizes=\"(max-width: 564px) 100vw, 564px\" \/><\/a><figcaption id=\"caption-attachment-301\" class=\"wp-caption-text\">moir\u00e9 \u00e0 gauche, correction d&rsquo;image \u00e0 droite<\/figcaption><\/figure>\n<p><a href=\"http:\/\/immortels.ca\/wordpress\/wp-content\/uploads\/2014\/07\/moire.jpg\"><img loading=\"lazy\" class=\"alignnone wp-image-298 size-full\" src=\"http:\/\/immortels.ca\/wordpress\/wp-content\/uploads\/2014\/07\/moire.jpg\" alt=\"moire\" width=\"564\" height=\"409\" srcset=\"http:\/\/immortels.ca\/wordpress\/wp-content\/uploads\/2014\/07\/moire.jpg 564w, http:\/\/immortels.ca\/wordpress\/wp-content\/uploads\/2014\/07\/moire-300x217.jpg 300w\" sizes=\"(max-width: 564px) 100vw, 564px\" \/><\/a><\/p>\n<p>Un autre aspect des coupures de journaux c\u2019est qu\u2019elles d\u00e9passent parfois la taille des vitres de num\u00e9riseur, m\u00eame les A3, surtout si on doit incliner de 15\u00b0 la feuille de papier. Dans ces cas, il est possible d\u2019utiliser un appareil photo num\u00e9rique sur un pied \u00e0 la place d\u2019un num\u00e9riseur.<\/p>\n<p>Attention \u00e0 bien mettre la feuille \u00e0 plat et surtout \u00e0 \u00e9clairer uniform\u00e9ment. Dans tous les cas il est recommand\u00e9 de placer une feuille noire en arri\u00e8re de la coupure de journal pour \u00e9viter que l\u2019impression au verso de la coupure n\u2019apparaisse trop dans l\u2019image (ce d\u00e9faut est excessivement difficile \u00e0 \u00e9liminer compl\u00e8tement sans aussi diminuer la qualit\u00e9 de l&rsquo;image).<\/p>\n<p>Avec les <em>scrapbooks<\/em>, c&rsquo;est-\u00e0-dire les albums r\u00e9serv\u00e9s aux coupures de journaux, lettres, carte postales, etc., on a potentiellement les m\u00eames probl\u00e8mes qu\u2019avec les albums de photos qui refusent de s&rsquo;ouvrir bien \u00e0 plat, surtout si les coupures ont \u00e9t\u00e9 coll\u00e9es dans un livre \u00e0 feuilles fix\u00e9es en permanence. La m\u00eame solution s\u2019applique alors\u00a0: utiliser un num\u00e9riseur de livre comme l\u2019Optibook ci-dessous. Malheureusement il n\u2019est pas possible d\u2019ins\u00e9rer une feuille noire en arri\u00e8re de la coupure dans cette situation. Les images risquent donc de laisser appara\u00eetre l&rsquo;impression au verso de la coupure.<\/p>\n<p><a href=\"http:\/\/immortels.ca\/wordpress\/wp-content\/uploads\/2014\/07\/DSC_0406.jpg\"><img loading=\"lazy\" class=\"alignnone size-full wp-image-305\" src=\"http:\/\/immortels.ca\/wordpress\/wp-content\/uploads\/2014\/07\/DSC_0406.jpg\" alt=\"DSC_0406\" width=\"564\" height=\"433\" srcset=\"http:\/\/immortels.ca\/wordpress\/wp-content\/uploads\/2014\/07\/DSC_0406.jpg 564w, http:\/\/immortels.ca\/wordpress\/wp-content\/uploads\/2014\/07\/DSC_0406-300x230.jpg 300w\" sizes=\"(max-width: 564px) 100vw, 564px\" \/><\/a><\/p>\n<p><a href=\"http:\/\/immortels.ca\/wordpress\/?page_id=235\">Prochain onglet: Rubans magn\u00e9tiques audio<\/a><\/p>\n","protected":false},"excerpt":{"rendered":"<p>Comment num\u00e9riser des coupures de journaux et de magazines s\u00e9par\u00e9es ou int\u00e9gr\u00e9es dans des \u00abscrap books\u00bb Ces documents, bien que super-int\u00e9ressants dans une biographie, sont aussi les documents les plus difficiles \u00e0 restaurer, surtout dans le cas des coupures de journaux des ann\u00e9es trente \u00e0 soixante-dix. Les photos (noires et blanches) \u00e9taient tram\u00e9es de fa\u00e7on &hellip; <a href=\"http:\/\/immortels.ca\/wordpress\/organiser-vos-documents\/coupures-de-journaux\/\" class=\"more-link\">Continuer la lecture de <span class=\"screen-reader-text\">Coupures de journaux<\/span>  <span class=\"meta-nav\">&rarr;<\/span><\/a><\/p>\n","protected":false},"author":1,"featured_media":0,"parent":134,"menu_order":107,"comment_status":"closed","ping_status":"closed","template":"","meta":{"spay_email":""},"yoast_head":"<!-- This site is optimized with the Yoast SEO plugin v15.0 - https:\/\/yoast.com\/wordpress\/plugins\/seo\/ -->\n<meta name=\"robots\" content=\"index, follow, max-snippet:-1, max-image-preview:large, max-video-preview:-1\" \/>\n<link rel=\"canonical\" href=\"http:\/\/immortels.ca\/wordpress\/organiser-vos-documents\/coupures-de-journaux\/\" \/>\n<meta property=\"og:locale\" content=\"fr_FR\" \/>\n<meta property=\"og:type\" content=\"article\" \/>\n<meta property=\"og:title\" content=\"Coupures de journaux - Immortels\" \/>\n<meta property=\"og:description\" content=\"Comment num\u00e9riser des coupures de journaux et de magazines s\u00e9par\u00e9es ou int\u00e9gr\u00e9es dans des \u00abscrap books\u00bb Ces documents, bien que super-int\u00e9ressants dans une biographie, sont aussi les documents les plus difficiles \u00e0 restaurer, surtout dans le cas des coupures de journaux des ann\u00e9es trente \u00e0 soixante-dix. Les photos (noires et blanches) \u00e9taient tram\u00e9es de fa\u00e7on &hellip; Continuer la lecture de Coupures de journaux &rarr;\" \/>\n<meta property=\"og:url\" content=\"http:\/\/immortels.ca\/wordpress\/organiser-vos-documents\/coupures-de-journaux\/\" \/>\n<meta property=\"og:site_name\" content=\"Immortels\" \/>\n<meta property=\"article:publisher\" content=\"https:\/\/www.facebook.com\/immortels.ca\/\" \/>\n<meta property=\"article:modified_time\" content=\"2014-08-10T19:48:44+00:00\" \/>\n<meta property=\"og:image\" content=\"http:\/\/immortels.ca\/wordpress\/wp-content\/uploads\/2014\/07\/coup.jpg\" \/>\n<meta name=\"twitter:card\" content=\"summary_large_image\" \/>\n<script type=\"application\/ld+json\" class=\"yoast-schema-graph\">{\"@context\":\"https:\/\/schema.org\",\"@graph\":[{\"@type\":\"Organization\",\"@id\":\"http:\/\/immortels.ca\/wordpress\/#organization\",\"name\":\"Immortels.ca\",\"url\":\"http:\/\/immortels.ca\/wordpress\/\",\"sameAs\":[\"https:\/\/www.facebook.com\/immortels.ca\/\",\"https:\/\/www.youtube.com\/channel\/UC7Z1MrpTYIwCNWYmSF9JMzA\"],\"logo\":{\"@type\":\"ImageObject\",\"@id\":\"http:\/\/immortels.ca\/wordpress\/#logo\",\"inLanguage\":\"fr-FR\",\"url\":\"http:\/\/immortels.ca\/wordpress\/wp-content\/uploads\/2014\/10\/logo-immortels.ca_.jpg\",\"width\":540,\"height\":533,\"caption\":\"Immortels.ca\"},\"image\":{\"@id\":\"http:\/\/immortels.ca\/wordpress\/#logo\"}},{\"@type\":\"WebSite\",\"@id\":\"http:\/\/immortels.ca\/wordpress\/#website\",\"url\":\"http:\/\/immortels.ca\/wordpress\/\",\"name\":\"Immortels\",\"description\":\"On a tous une histoire \\u00e0 raconter\",\"publisher\":{\"@id\":\"http:\/\/immortels.ca\/wordpress\/#organization\"},\"potentialAction\":[{\"@type\":\"SearchAction\",\"target\":\"http:\/\/immortels.ca\/wordpress\/?s={search_term_string}\",\"query-input\":\"required name=search_term_string\"}],\"inLanguage\":\"fr-FR\"},{\"@type\":\"ImageObject\",\"@id\":\"http:\/\/immortels.ca\/wordpress\/organiser-vos-documents\/coupures-de-journaux\/#primaryimage\",\"inLanguage\":\"fr-FR\",\"url\":\"http:\/\/immortels.ca\/wordpress\/wp-content\/uploads\/2014\/07\/coup.jpg\",\"width\":672,\"height\":709},{\"@type\":\"WebPage\",\"@id\":\"http:\/\/immortels.ca\/wordpress\/organiser-vos-documents\/coupures-de-journaux\/#webpage\",\"url\":\"http:\/\/immortels.ca\/wordpress\/organiser-vos-documents\/coupures-de-journaux\/\",\"name\":\"Coupures de journaux - Immortels\",\"isPartOf\":{\"@id\":\"http:\/\/immortels.ca\/wordpress\/#website\"},\"primaryImageOfPage\":{\"@id\":\"http:\/\/immortels.ca\/wordpress\/organiser-vos-documents\/coupures-de-journaux\/#primaryimage\"},\"datePublished\":\"2014-07-11T02:19:54+00:00\",\"dateModified\":\"2014-08-10T19:48:44+00:00\",\"inLanguage\":\"fr-FR\",\"potentialAction\":[{\"@type\":\"ReadAction\",\"target\":[\"http:\/\/immortels.ca\/wordpress\/organiser-vos-documents\/coupures-de-journaux\/\"]}]}]}<\/script>\n<!-- \/ Yoast SEO plugin. -->","jetpack_sharing_enabled":true,"jetpack_shortlink":"https:\/\/wp.me\/P5QWQr-2d","_links":{"self":[{"href":"http:\/\/immortels.ca\/wordpress\/wp-json\/wp\/v2\/pages\/137"}],"collection":[{"href":"http:\/\/immortels.ca\/wordpress\/wp-json\/wp\/v2\/pages"}],"about":[{"href":"http:\/\/immortels.ca\/wordpress\/wp-json\/wp\/v2\/types\/page"}],"author":[{"embeddable":true,"href":"http:\/\/immortels.ca\/wordpress\/wp-json\/wp\/v2\/users\/1"}],"replies":[{"embeddable":true,"href":"http:\/\/immortels.ca\/wordpress\/wp-json\/wp\/v2\/comments?post=137"}],"version-history":[{"count":15,"href":"http:\/\/immortels.ca\/wordpress\/wp-json\/wp\/v2\/pages\/137\/revisions"}],"predecessor-version":[{"id":245,"href":"http:\/\/immortels.ca\/wordpress\/wp-json\/wp\/v2\/pages\/137\/revisions\/245"}],"up":[{"embeddable":true,"href":"http:\/\/immortels.ca\/wordpress\/wp-json\/wp\/v2\/pages\/134"}],"wp:attachment":[{"href":"http:\/\/immortels.ca\/wordpress\/wp-json\/wp\/v2\/media?parent=137"}],"curies":[{"name":"wp","href":"https:\/\/api.w.org\/{rel}","templated":true}]}}