{"id":134,"date":"2014-07-10T22:18:17","date_gmt":"2014-07-10T22:18:17","guid":{"rendered":"http:\/\/immortels.ca\/wordpress\/?page_id=134"},"modified":"2019-10-13T15:07:07","modified_gmt":"2019-10-13T19:07:07","slug":"organiser-vos-documents","status":"publish","type":"page","link":"http:\/\/immortels.ca\/wordpress\/organiser-vos-documents\/","title":{"rendered":"VOS DOCUMENTS"},"content":{"rendered":"<p style=\"color: #757e82;\">G\u00e9n\u00e9ralement il faudra <strong>organiser vos documents physiques<\/strong> de fa\u00e7on commode pour le biographe. Un moyen que nous pr\u00e9conisons est de d\u00e9couper une vie en <strong>p\u00e9riodes significatives<\/strong> et, \u00e0 l&rsquo;int\u00e9rieur de chaque p\u00e9riode, de regrouper les documents par ann\u00e9es.<br \/>\nLa notion de p\u00e9riode est souvent implicite mais il est bon de lui trouver un nom facile \u00e0 retrouver. Par exemple, pour bien des personnes n\u00e9es avant la guerre, il y aura, justement, une p\u00e9riode \u00abavant-la guerre\u00bb, puis \u00abla guerre\u00bb, puis l&rsquo;imm\u00e9diat \u00abapr\u00e8s-guerre\u00bb, ou encore \u00abla petite enfance\u00bb, \u00able pensionnat\u00bb ou \u00ab\u00a0l&rsquo;\u00e9cole primaire\u00bb, \u00abl&rsquo;\u00e9cole secondaire\u00bb, etc..<\/p>\n<p style=\"color: #757e82;\">Pr\u00e9voyez au moins une boite (ou une grosse enveloppe) par p\u00e9riode. S&rsquo;il n&rsquo;y a que des photos individuelles pour une p\u00e9riode, une seule bo\u00eete \u00e0 chaussure peut faire l&rsquo;affaire. Si par contre, les photos sont organis\u00e9es en album, alors des \u00abpost-it\u00bb sur l&rsquo;album avec un num\u00e9ro de p\u00e9riode (1,2,3 etc.) pourront aider le biographe \u00e0 s&rsquo;y retrouver et faciliter la num\u00e9risation des photos retenues. Pour les petits objets, l\u00e0 aussi la bo\u00eete \u00e0 chaussure conserve ses vertus de rangement mais des bo\u00eetes transparentes sont souvent plus commodes.<\/p>\n<h4 style=\"color: #757e82;\"><a href=\"http:\/\/immortels.ca\/wordpress\/wp-content\/uploads\/2014\/07\/postitbox.jpg\"><img loading=\"lazy\" class=\"alignnone size-full wp-image-44\" src=\"http:\/\/immortels.ca\/wordpress\/wp-content\/uploads\/2014\/07\/postitbox.jpg\" alt=\"postitbox\" width=\"564\" height=\"294\" srcset=\"http:\/\/immortels.ca\/wordpress\/wp-content\/uploads\/2014\/07\/postitbox.jpg 564w, http:\/\/immortels.ca\/wordpress\/wp-content\/uploads\/2014\/07\/postitbox-300x156.jpg 300w\" sizes=\"(max-width: 564px) 100vw, 564px\" \/><\/a><\/h4>\n<p style=\"color: #757e82;\">Il y a cependant deux formats de photo qui m\u00e9ritent une attention particuli\u00e8re. Ce sont les diapositives et les n\u00e9gatifs (noir et blanc et couleurs) argentiques utilis\u00e9s au si\u00e8cle dernier.<\/p>\n<p style=\"color: #757e82;\"><a href=\"http:\/\/immortels.ca\/wordpress\/wp-content\/uploads\/2014\/07\/negargentique.jpg\"><img loading=\"lazy\" class=\"alignnone size-full wp-image-41\" src=\"http:\/\/immortels.ca\/wordpress\/wp-content\/uploads\/2014\/07\/negargentique.jpg\" alt=\"negargentique\" width=\"564\" height=\"150\" srcset=\"http:\/\/immortels.ca\/wordpress\/wp-content\/uploads\/2014\/07\/negargentique.jpg 564w, http:\/\/immortels.ca\/wordpress\/wp-content\/uploads\/2014\/07\/negargentique-300x79.jpg 300w\" sizes=\"(max-width: 564px) 100vw, 564px\" \/><\/a><\/p>\n<p style=\"color: #757e82;\">Il faut savoir que le stockage des diapositives dans des bo\u00eetes et des n\u00e9gatifs dans des enveloppes est peut-\u00eatre tr\u00e8s compact mais n&rsquo;est pas id\u00e9al car il est impossible de conna\u00eetre rapidement le contenu de ces diapositives et n\u00e9gatifs \u00e0 moins de disposer d&rsquo;une planche d&rsquo;\u00e9preuves par contact.<\/p>\n<figure id=\"attachment_349\" aria-describedby=\"caption-attachment-349\" style=\"width: 474px\" class=\"wp-caption aligncenter\"><a href=\"http:\/\/immortels.ca\/wordpress\/wp-content\/uploads\/2014\/07\/DSC_0421-boites-de-diapos.jpg\"><img loading=\"lazy\" class=\"size-large wp-image-349\" src=\"http:\/\/immortels.ca\/wordpress\/wp-content\/uploads\/2014\/07\/DSC_0421-boites-de-diapos-1024x795.jpg\" alt=\"Assortiments de contenants  \u00e0 diapositives\" width=\"474\" height=\"367\" srcset=\"http:\/\/immortels.ca\/wordpress\/wp-content\/uploads\/2014\/07\/DSC_0421-boites-de-diapos-1024x795.jpg 1024w, http:\/\/immortels.ca\/wordpress\/wp-content\/uploads\/2014\/07\/DSC_0421-boites-de-diapos-300x233.jpg 300w\" sizes=\"(max-width: 474px) 100vw, 474px\" \/><\/a><figcaption id=\"caption-attachment-349\" class=\"wp-caption-text\">Assortiments de contenants \u00e0 diapositives<\/figcaption><\/figure>\n<p style=\"color: #757e82;\">Un moyen de rem\u00e9dier \u00e0 cela est d&rsquo;utiliser des feuilles sp\u00e9cialement con\u00e7ues pour archiver ce type de document. Il s&rsquo;agit de feuilles plastiques A4 ou Lettre US, voir l\u00e9g\u00e8rement plus grandes, et qui sont faites sp\u00e9cialement pour ne pas endommager les films ins\u00e9r\u00e9s dans leurs pochettes.<\/p>\n<figure id=\"attachment_350\" aria-describedby=\"caption-attachment-350\" style=\"width: 474px\" class=\"wp-caption aligncenter\"><a href=\"http:\/\/immortels.ca\/wordpress\/wp-content\/uploads\/2014\/07\/DSC_0354-Diapos-sur-table-lumineuse.jpg\"><img loading=\"lazy\" class=\"size-large wp-image-350\" src=\"http:\/\/immortels.ca\/wordpress\/wp-content\/uploads\/2014\/07\/DSC_0354-Diapos-sur-table-lumineuse-1024x749.jpg\" alt=\"Diapositives dans pochettes de plastique sur table lumineuse\" width=\"474\" height=\"346\" srcset=\"http:\/\/immortels.ca\/wordpress\/wp-content\/uploads\/2014\/07\/DSC_0354-Diapos-sur-table-lumineuse-1024x749.jpg 1024w, http:\/\/immortels.ca\/wordpress\/wp-content\/uploads\/2014\/07\/DSC_0354-Diapos-sur-table-lumineuse-300x219.jpg 300w\" sizes=\"(max-width: 474px) 100vw, 474px\" \/><\/a><figcaption id=\"caption-attachment-350\" class=\"wp-caption-text\">Diapositives dans pochettes de plastique sur table lumineuse<\/figcaption><\/figure>\n<p style=\"color: #757e82;\">Par exemple une feuille standard permet de stocker 20 diapositives par feuille. On indexe ces feuilles en utilisant un marqueur ind\u00e9l\u00e9bile avec, au moins, le lieu et l&rsquo;ann\u00e9e et, s&rsquo;il y a lieu, l&rsquo;\u00e9v\u00e9nement et les personnes. Une fois mont\u00e9es dans une reliure \u00e0 anneau, on peut ainsi cr\u00e9er un album avec 600 \u00e0 1000 diapositives, ou n\u00e9gatifs, que l&rsquo;on peut examiner tr\u00e8s rapidement: il suffit de glisser une petite tablette lumineuse en dessous d&rsquo;un feuille pour voir 20 diapositives d&rsquo;un coup. C&rsquo;est la m\u00e9thode de stockage que nous recommandons. De pr\u00e9f\u00e9rence, garder ces albums dans l&rsquo;obscurit\u00e9 pour \u00e9viter la lente d\u00e9coloration de ces originaux par la lumi\u00e8re naturelle.<\/p>\n<p style=\"color: #757e82;\">Si vous disposez des n\u00e9gatifs de vos meilleures photos, n&rsquo;h\u00e9sitez pas \u00e0 les fournir \u00e0 la place des photos, nous pr\u00e9f\u00e9rons toujours disposer de l&rsquo;original plut\u00f4t que de la copie. M\u00eame si un n\u00e9gatif parait d\u00e9lav\u00e9 ou trop sombre, sachez qu&rsquo;il y a maintenant des moyens de r\u00e9cup\u00e9rer des images surprenantes de qualit\u00e9 \u00e0 partir de n\u00e9gatifs apparemment inutilisables.<\/p>\n<p>Un panorama des formats de photos argentique des 75 derni\u00e8res ann\u00e9es est disponible <a href=\"https:\/\/nostalgicmedia.com\/pages\/old-film-and-camera-formats\">ici<\/a><\/p>\n<p style=\"color: #757e82;\"><a href=\"http:\/\/immortels.ca\/wordpress\/?page_id=69\">Prochain onglet: \u00a0N\u00e9gatifs noir et blanc (N&amp;B)<\/a><\/p>\n","protected":false},"excerpt":{"rendered":"<p>G\u00e9n\u00e9ralement il faudra organiser vos documents physiques de fa\u00e7on commode pour le biographe. Un moyen que nous pr\u00e9conisons est de d\u00e9couper une vie en p\u00e9riodes significatives et, \u00e0 l&rsquo;int\u00e9rieur de chaque p\u00e9riode, de regrouper les documents par ann\u00e9es. La notion de p\u00e9riode est souvent implicite mais il est bon de lui trouver un nom facile &hellip; <a href=\"http:\/\/immortels.ca\/wordpress\/organiser-vos-documents\/\" class=\"more-link\">Continuer la lecture de <span class=\"screen-reader-text\">VOS DOCUMENTS<\/span>  <span class=\"meta-nav\">&rarr;<\/span><\/a><\/p>\n","protected":false},"author":1,"featured_media":0,"parent":0,"menu_order":1,"comment_status":"closed","ping_status":"closed","template":"","meta":{"spay_email":""},"yoast_head":"<!-- This site is optimized with the Yoast SEO plugin v15.0 - https:\/\/yoast.com\/wordpress\/plugins\/seo\/ -->\n<meta name=\"robots\" content=\"index, follow, max-snippet:-1, max-image-preview:large, max-video-preview:-1\" \/>\n<link rel=\"canonical\" href=\"http:\/\/immortels.ca\/wordpress\/organiser-vos-documents\/\" \/>\n<meta property=\"og:locale\" content=\"fr_FR\" \/>\n<meta property=\"og:type\" content=\"article\" \/>\n<meta property=\"og:title\" content=\"VOS DOCUMENTS - Immortels\" \/>\n<meta property=\"og:description\" content=\"G\u00e9n\u00e9ralement il faudra organiser vos documents physiques de fa\u00e7on commode pour le biographe. Un moyen que nous pr\u00e9conisons est de d\u00e9couper une vie en p\u00e9riodes significatives et, \u00e0 l&rsquo;int\u00e9rieur de chaque p\u00e9riode, de regrouper les documents par ann\u00e9es. La notion de p\u00e9riode est souvent implicite mais il est bon de lui trouver un nom facile &hellip; Continuer la lecture de VOS DOCUMENTS &rarr;\" \/>\n<meta property=\"og:url\" content=\"http:\/\/immortels.ca\/wordpress\/organiser-vos-documents\/\" \/>\n<meta property=\"og:site_name\" content=\"Immortels\" \/>\n<meta property=\"article:publisher\" content=\"https:\/\/www.facebook.com\/immortels.ca\/\" \/>\n<meta property=\"article:modified_time\" content=\"2019-10-13T19:07:07+00:00\" \/>\n<meta property=\"og:image\" content=\"http:\/\/immortels.ca\/wordpress\/wp-content\/uploads\/2014\/07\/postitbox.jpg\" \/>\n<meta name=\"twitter:card\" content=\"summary_large_image\" \/>\n<script type=\"application\/ld+json\" class=\"yoast-schema-graph\">{\"@context\":\"https:\/\/schema.org\",\"@graph\":[{\"@type\":\"Organization\",\"@id\":\"http:\/\/immortels.ca\/wordpress\/#organization\",\"name\":\"Immortels.ca\",\"url\":\"http:\/\/immortels.ca\/wordpress\/\",\"sameAs\":[\"https:\/\/www.facebook.com\/immortels.ca\/\",\"https:\/\/www.youtube.com\/channel\/UC7Z1MrpTYIwCNWYmSF9JMzA\"],\"logo\":{\"@type\":\"ImageObject\",\"@id\":\"http:\/\/immortels.ca\/wordpress\/#logo\",\"inLanguage\":\"fr-FR\",\"url\":\"http:\/\/immortels.ca\/wordpress\/wp-content\/uploads\/2014\/10\/logo-immortels.ca_.jpg\",\"width\":540,\"height\":533,\"caption\":\"Immortels.ca\"},\"image\":{\"@id\":\"http:\/\/immortels.ca\/wordpress\/#logo\"}},{\"@type\":\"WebSite\",\"@id\":\"http:\/\/immortels.ca\/wordpress\/#website\",\"url\":\"http:\/\/immortels.ca\/wordpress\/\",\"name\":\"Immortels\",\"description\":\"On a tous une histoire \\u00e0 raconter\",\"publisher\":{\"@id\":\"http:\/\/immortels.ca\/wordpress\/#organization\"},\"potentialAction\":[{\"@type\":\"SearchAction\",\"target\":\"http:\/\/immortels.ca\/wordpress\/?s={search_term_string}\",\"query-input\":\"required name=search_term_string\"}],\"inLanguage\":\"fr-FR\"},{\"@type\":\"ImageObject\",\"@id\":\"http:\/\/immortels.ca\/wordpress\/organiser-vos-documents\/#primaryimage\",\"inLanguage\":\"fr-FR\",\"url\":\"http:\/\/immortels.ca\/wordpress\/wp-content\/uploads\/2014\/07\/postitbox.jpg\",\"width\":564,\"height\":294},{\"@type\":\"WebPage\",\"@id\":\"http:\/\/immortels.ca\/wordpress\/organiser-vos-documents\/#webpage\",\"url\":\"http:\/\/immortels.ca\/wordpress\/organiser-vos-documents\/\",\"name\":\"VOS DOCUMENTS - Immortels\",\"isPartOf\":{\"@id\":\"http:\/\/immortels.ca\/wordpress\/#website\"},\"primaryImageOfPage\":{\"@id\":\"http:\/\/immortels.ca\/wordpress\/organiser-vos-documents\/#primaryimage\"},\"datePublished\":\"2014-07-10T22:18:17+00:00\",\"dateModified\":\"2019-10-13T19:07:07+00:00\",\"inLanguage\":\"fr-FR\",\"potentialAction\":[{\"@type\":\"ReadAction\",\"target\":[\"http:\/\/immortels.ca\/wordpress\/organiser-vos-documents\/\"]}]}]}<\/script>\n<!-- \/ Yoast SEO plugin. -->","jetpack_sharing_enabled":true,"jetpack_shortlink":"https:\/\/wp.me\/P5QWQr-2a","_links":{"self":[{"href":"http:\/\/immortels.ca\/wordpress\/wp-json\/wp\/v2\/pages\/134"}],"collection":[{"href":"http:\/\/immortels.ca\/wordpress\/wp-json\/wp\/v2\/pages"}],"about":[{"href":"http:\/\/immortels.ca\/wordpress\/wp-json\/wp\/v2\/types\/page"}],"author":[{"embeddable":true,"href":"http:\/\/immortels.ca\/wordpress\/wp-json\/wp\/v2\/users\/1"}],"replies":[{"embeddable":true,"href":"http:\/\/immortels.ca\/wordpress\/wp-json\/wp\/v2\/comments?post=134"}],"version-history":[{"count":13,"href":"http:\/\/immortels.ca\/wordpress\/wp-json\/wp\/v2\/pages\/134\/revisions"}],"predecessor-version":[{"id":760,"href":"http:\/\/immortels.ca\/wordpress\/wp-json\/wp\/v2\/pages\/134\/revisions\/760"}],"wp:attachment":[{"href":"http:\/\/immortels.ca\/wordpress\/wp-json\/wp\/v2\/media?parent=134"}],"curies":[{"name":"wp","href":"https:\/\/api.w.org\/{rel}","templated":true}]}}