{"id":130,"date":"2014-07-10T22:15:51","date_gmt":"2014-07-11T02:15:51","guid":{"rendered":"http:\/\/immortels.ca\/wordpress\/?page_id=130"},"modified":"2022-10-07T16:35:55","modified_gmt":"2022-10-07T20:35:55","slug":"produits","status":"publish","type":"page","link":"http:\/\/immortels.ca\/wordpress\/produits\/","title":{"rendered":"PRODUITS &#038; SERVICES"},"content":{"rendered":"<h4>1-Restauration de documents anciens endommag\u00e9s<\/h4>\r\n<p>R\u00e9alis\u00e9e dans nos locaux de Montr\u00e9al.<\/p>\r\n<p style=\"padding-left: 30px;\">1.1-Num\u00e9risation<\/p>\r\n<p style=\"padding-left: 30px;\">1.2-Restauration de documents photographiques<\/p>\r\n<p style=\"padding-left: 30px;\">1.3-Restauration de documents issus de journaux et magazines<\/p>\r\n<p style=\"padding-left: 30px;\">1.4-Restauration de documents audio (rubans, cassettes)<\/p>\r\n<h4>2-Cr\u00e9ation de biographies par notre \u00e9quipe<\/h4>\r\n<p style=\"padding-left: 30px;\">2.1-Cr\u00e9ation de plaquettes biographiques (8 \u00e0 16 pages)<\/p>\r\n<p style=\"padding-left: 30px;\">2.2-Aide \u00e0 la r\u00e9daction d&rsquo;autobiographies (correction, mise en forme, illustration)<\/p>\r\n<p style=\"padding-left: 30px;\">2.3- Cr\u00e9ation de vid\u00e9o biographique<\/p>\r\n<h3>Exemples ci-dessous. Notez:\u00a0<span style=\"color: #800080;\">Tous nos travaux font l&rsquo;objet d&rsquo;une proposition \u00e9crite.<\/span><\/h3>\r\n<h3>NUM\u00c9RISATION<\/h3>\r\n<p>Compter 1,15 $ par diapositive ou n\u00e9gatif couleur (35mm), correction des d\u00e9fauts rayures et poussi\u00e8res incluse. Recadrage et correction de balance des couleurs incluse.\u00a0<\/p>\r\n<h3>RESTAURATION DE PHOTOS ENDOMMAG\u00c9ES<\/h3>\r\n<p>Compter entre 30 et 100$ par photo endommag\u00e9e gravement.<\/p>\r\n<p>Notez que les d\u00e9fauts de surface du type fines rayures et petits points sur des photos couleurs peuvent normalement \u00eatre \u00e9limin\u00e9s automatiquement par la technique infrarouge. Cette \u00e9limination des d\u00e9fauts de surface est incluse dans le prix de la num\u00e9risation si cette derni\u00e8re est r\u00e9alis\u00e9e par nos soins.<\/p>\r\n<h3>VIDEOS DE PLUS DE 5 MINUTES.<\/h3>\r\n<p>Immortels.ca produits des DVD biographiques \u00e0 partir des trois sources:<\/p>\r\n<ul>\r\n<li>des entrevues vid\u00e9o r\u00e9alis\u00e9es par nous-m\u00eame<\/li>\r\n<li>les archives personnelles des personnes concern\u00e9es<\/li>\r\n<li>les archives publiques que nous jugeons int\u00e9ressantes \u00e0 int\u00e9grer dans une biographie<\/li>\r\n<\/ul>\r\n<p><a href=\"http:\/\/immortels.ca\/wordpress\/wp-content\/uploads\/2014\/07\/dvdtop.jpg\"><img loading=\"lazy\" class=\"alignnone size-full wp-image-322\" src=\"http:\/\/immortels.ca\/wordpress\/wp-content\/uploads\/2014\/07\/dvdtop.jpg\" alt=\"dvdtop\" width=\"564\" height=\"474\" srcset=\"http:\/\/immortels.ca\/wordpress\/wp-content\/uploads\/2014\/07\/dvdtop.jpg 564w, http:\/\/immortels.ca\/wordpress\/wp-content\/uploads\/2014\/07\/dvdtop-300x252.jpg 300w\" sizes=\"(max-width: 564px) 100vw, 564px\" \/><\/a><\/p>\r\n<p>Nos enregistrements sont r\u00e9alis\u00e9s en format 1080i mais la vid\u00e9o finale est normalement fournie sur DVD NTSC (720&#215;480). Sur demande, nous pouvons fournir le m\u00eame contenu en haute d\u00e9finition soit sur cassette HDV soit par transfert Internet.<\/p>\r\n<figure id=\"attachment_320\" aria-describedby=\"caption-attachment-320\" style=\"width: 250px\" class=\"wp-caption alignnone\"><a href=\"http:\/\/immortels.ca\/wordpress\/wp-content\/uploads\/2014\/07\/sony.jpg\"><img loading=\"lazy\" class=\"wp-image-320 size-full\" src=\"http:\/\/immortels.ca\/wordpress\/wp-content\/uploads\/2014\/07\/sony.jpg\" alt=\"sony\" width=\"250\" height=\"207\" \/><\/a><figcaption id=\"caption-attachment-320\" class=\"wp-caption-text\">Microcassette HDV Sony digital<\/figcaption><\/figure>\r\n<p>Le <strong>prix de base d&rsquo;une vid\u00e9obiographie standard<\/strong> est de 90$ (CAD) par minute du produit fini. Typiquement nos vid\u00e9os vont de 30 \u00e0 90 minutes. Nous pouvons aussi faire un document plus court sur demande. Dans ce cas, il faut compter<\/p>\r\n<ul>\r\n<li>450$ pour 5 minutes<\/li>\r\n<li>900$ pour 10 minutes<\/li>\r\n<li>1800$ pour 20 minutes<\/li>\r\n<li>2700$ pour 30 minutes<\/li>\r\n<li>5400$ pour 60 minutes<\/li>\r\n<li>8100$ pour 90 minutes<\/li>\r\n<\/ul>\r\n<p>Notez qu&rsquo;une vid\u00e9o de 90 minutes peut facilement inclure le placement de 250 photos, lesquelles demandent pratiquement toutes des corrections.<\/p>\r\n<p>Nous acceptons les demandes sp\u00e9ciales telles que sous-titrage unilingue ou multilingue, les d\u00e9placements longue distance requis pour les entrevues o\u00f9 la recherche de documents sp\u00e9cifiques, toutes activit\u00e9s qui peuvent ajouter des frais suppl\u00e9mentaires. Le d\u00e9tail des frais est fourni d&rsquo;avance dans la proposition, qui est une proposition ferme. Sont produites 12 copies DVD longue dur\u00e9e: 10 pour le client et 2 pour les Archives nationales si celles-ci les acceptent.<\/p>\r\n<h3>BROCHURES 8 A 16 PAGES<\/h3>\r\n<p>Les m\u00eames sources d&rsquo;information sont \u00e9galement utilis\u00e9es pour la r\u00e9daction d&rsquo;une brochure (optionnelle) par une personne membre de l&rsquo;<a href=\"http:\/\/www.uneq.qc.ca\/\">Union des \u00e9crivains du Qu\u00e9bec.<\/a><\/p>\r\n<p><a href=\"http:\/\/immortels.ca\/wordpress\/wp-content\/uploads\/2014\/07\/flyerguyouvert.jpg\"><img loading=\"lazy\" class=\"alignnone size-full wp-image-200\" src=\"http:\/\/immortels.ca\/wordpress\/wp-content\/uploads\/2014\/07\/flyerguyouvert.jpg\" alt=\"flyerguyouvert\" width=\"564\" height=\"289\" srcset=\"http:\/\/immortels.ca\/wordpress\/wp-content\/uploads\/2014\/07\/flyerguyouvert.jpg 564w, http:\/\/immortels.ca\/wordpress\/wp-content\/uploads\/2014\/07\/flyerguyouvert-300x153.jpg 300w\" sizes=\"(max-width: 564px) 100vw, 564px\" \/><\/a><\/p>\r\n<p>Outre une qualit\u00e9 d&rsquo;\u00e9criture sup\u00e9rieure, les biographies r\u00e9alis\u00e9es par des \u00e9crivains reconnus ont un avantage important: elles sont normalement admises aux Archives nationales sans difficult\u00e9.<\/p>\r\n<p>Le<strong> prix de base d&rsquo;une biographie imprim\u00e9e<\/strong> 8 \u00e0 16 pages en compl\u00e9ment de la vid\u00e9o est de 1950$. Sont inclues dans le forfait 12 copies pour le client plus les copies requises pour les archives. Ce prix inclut le d\u00e9p\u00f4t aux Archives nationales si le client le d\u00e9sire, et \u00e9ventuellement \u00e0 des organisations patrimoniales de l&rsquo;Est du Canada en autant que celles-ci acceptent ce d\u00e9p\u00f4t (maximum 2 organisations patrimoniales).<\/p>\r\n<p><a href=\"http:\/\/immortels.ca\/wordpress\/wp-admin\/post.php?post=144&amp;action=edit\">Prochain onglet : historique<\/a><\/p>\r\n<h3>\u00a0<\/h3>\r\n\r\n<p>&nbsp;<\/p>\r\n","protected":false},"excerpt":{"rendered":"<p>1-Restauration de documents anciens endommag\u00e9s R\u00e9alis\u00e9e dans nos locaux de Montr\u00e9al. 1.1-Num\u00e9risation 1.2-Restauration de documents photographiques 1.3-Restauration de documents issus de journaux et magazines 1.4-Restauration de documents audio (rubans, cassettes) 2-Cr\u00e9ation de biographies par notre \u00e9quipe 2.1-Cr\u00e9ation de plaquettes biographiques (8 \u00e0 16 pages) 2.2-Aide \u00e0 la r\u00e9daction d&rsquo;autobiographies (correction, mise en forme, illustration) 2.3- &hellip; <a href=\"http:\/\/immortels.ca\/wordpress\/produits\/\" class=\"more-link\">Continuer la lecture de <span class=\"screen-reader-text\">PRODUITS &#038; SERVICES<\/span>  <span class=\"meta-nav\">&rarr;<\/span><\/a><\/p>\n","protected":false},"author":1,"featured_media":0,"parent":0,"menu_order":5,"comment_status":"closed","ping_status":"closed","template":"","meta":{"spay_email":""},"yoast_head":"<!-- This site is optimized with the Yoast SEO plugin v15.0 - https:\/\/yoast.com\/wordpress\/plugins\/seo\/ -->\n<meta name=\"robots\" content=\"index, follow, max-snippet:-1, max-image-preview:large, max-video-preview:-1\" \/>\n<link rel=\"canonical\" href=\"http:\/\/immortels.ca\/wordpress\/produits\/\" \/>\n<meta property=\"og:locale\" content=\"fr_FR\" \/>\n<meta property=\"og:type\" content=\"article\" \/>\n<meta property=\"og:title\" content=\"PRODUITS &amp; SERVICES - Immortels\" \/>\n<meta property=\"og:description\" content=\"1-Restauration de documents anciens endommag\u00e9s R\u00e9alis\u00e9e dans nos locaux de Montr\u00e9al. 1.1-Num\u00e9risation 1.2-Restauration de documents photographiques 1.3-Restauration de documents issus de journaux et magazines 1.4-Restauration de documents audio (rubans, cassettes) 2-Cr\u00e9ation de biographies par notre \u00e9quipe 2.1-Cr\u00e9ation de plaquettes biographiques (8 \u00e0 16 pages) 2.2-Aide \u00e0 la r\u00e9daction d&rsquo;autobiographies (correction, mise en forme, illustration) 2.3- &hellip; Continuer la lecture de PRODUITS &#038; SERVICES &rarr;\" \/>\n<meta property=\"og:url\" content=\"http:\/\/immortels.ca\/wordpress\/produits\/\" \/>\n<meta property=\"og:site_name\" content=\"Immortels\" \/>\n<meta property=\"article:publisher\" content=\"https:\/\/www.facebook.com\/immortels.ca\/\" \/>\n<meta property=\"article:modified_time\" content=\"2022-10-07T20:35:55+00:00\" \/>\n<meta property=\"og:image\" content=\"http:\/\/immortels.ca\/wordpress\/wp-content\/uploads\/2014\/07\/dvdtop.jpg\" \/>\n<meta name=\"twitter:card\" content=\"summary_large_image\" \/>\n<script type=\"application\/ld+json\" class=\"yoast-schema-graph\">{\"@context\":\"https:\/\/schema.org\",\"@graph\":[{\"@type\":\"Organization\",\"@id\":\"http:\/\/immortels.ca\/wordpress\/#organization\",\"name\":\"Immortels.ca\",\"url\":\"http:\/\/immortels.ca\/wordpress\/\",\"sameAs\":[\"https:\/\/www.facebook.com\/immortels.ca\/\",\"https:\/\/www.youtube.com\/channel\/UC7Z1MrpTYIwCNWYmSF9JMzA\"],\"logo\":{\"@type\":\"ImageObject\",\"@id\":\"http:\/\/immortels.ca\/wordpress\/#logo\",\"inLanguage\":\"fr-FR\",\"url\":\"http:\/\/immortels.ca\/wordpress\/wp-content\/uploads\/2014\/10\/logo-immortels.ca_.jpg\",\"width\":540,\"height\":533,\"caption\":\"Immortels.ca\"},\"image\":{\"@id\":\"http:\/\/immortels.ca\/wordpress\/#logo\"}},{\"@type\":\"WebSite\",\"@id\":\"http:\/\/immortels.ca\/wordpress\/#website\",\"url\":\"http:\/\/immortels.ca\/wordpress\/\",\"name\":\"Immortels\",\"description\":\"On a tous une histoire \\u00e0 raconter\",\"publisher\":{\"@id\":\"http:\/\/immortels.ca\/wordpress\/#organization\"},\"potentialAction\":[{\"@type\":\"SearchAction\",\"target\":\"http:\/\/immortels.ca\/wordpress\/?s={search_term_string}\",\"query-input\":\"required name=search_term_string\"}],\"inLanguage\":\"fr-FR\"},{\"@type\":\"ImageObject\",\"@id\":\"http:\/\/immortels.ca\/wordpress\/produits\/#primaryimage\",\"inLanguage\":\"fr-FR\",\"url\":\"http:\/\/immortels.ca\/wordpress\/wp-content\/uploads\/2014\/07\/dvdtop.jpg\",\"width\":564,\"height\":474},{\"@type\":\"WebPage\",\"@id\":\"http:\/\/immortels.ca\/wordpress\/produits\/#webpage\",\"url\":\"http:\/\/immortels.ca\/wordpress\/produits\/\",\"name\":\"PRODUITS & SERVICES - Immortels\",\"isPartOf\":{\"@id\":\"http:\/\/immortels.ca\/wordpress\/#website\"},\"primaryImageOfPage\":{\"@id\":\"http:\/\/immortels.ca\/wordpress\/produits\/#primaryimage\"},\"datePublished\":\"2014-07-11T02:15:51+00:00\",\"dateModified\":\"2022-10-07T20:35:55+00:00\",\"inLanguage\":\"fr-FR\",\"potentialAction\":[{\"@type\":\"ReadAction\",\"target\":[\"http:\/\/immortels.ca\/wordpress\/produits\/\"]}]}]}<\/script>\n<!-- \/ Yoast SEO plugin. -->","jetpack_sharing_enabled":true,"jetpack_shortlink":"https:\/\/wp.me\/P5QWQr-26","_links":{"self":[{"href":"http:\/\/immortels.ca\/wordpress\/wp-json\/wp\/v2\/pages\/130"}],"collection":[{"href":"http:\/\/immortels.ca\/wordpress\/wp-json\/wp\/v2\/pages"}],"about":[{"href":"http:\/\/immortels.ca\/wordpress\/wp-json\/wp\/v2\/types\/page"}],"author":[{"embeddable":true,"href":"http:\/\/immortels.ca\/wordpress\/wp-json\/wp\/v2\/users\/1"}],"replies":[{"embeddable":true,"href":"http:\/\/immortels.ca\/wordpress\/wp-json\/wp\/v2\/comments?post=130"}],"version-history":[{"count":31,"href":"http:\/\/immortels.ca\/wordpress\/wp-json\/wp\/v2\/pages\/130\/revisions"}],"predecessor-version":[{"id":828,"href":"http:\/\/immortels.ca\/wordpress\/wp-json\/wp\/v2\/pages\/130\/revisions\/828"}],"wp:attachment":[{"href":"http:\/\/immortels.ca\/wordpress\/wp-json\/wp\/v2\/media?parent=130"}],"curies":[{"name":"wp","href":"https:\/\/api.w.org\/{rel}","templated":true}]}}