{"id":117,"date":"2014-07-10T22:06:24","date_gmt":"2014-07-11T02:06:24","guid":{"rendered":"http:\/\/immortels.ca\/wordpress\/?page_id=117"},"modified":"2014-09-08T17:25:01","modified_gmt":"2014-09-08T21:25:01","slug":"demos","status":"publish","type":"page","link":"http:\/\/immortels.ca\/wordpress\/demos\/","title":{"rendered":"D\u00c9MOS"},"content":{"rendered":"<p>Vous trouverez ci-dessous plusieurs \u00e9chantillons de vid\u00e9os mont\u00e9es par <strong><span style=\"color: #ff6600;\">Immortels.ca<\/span><\/strong> pour illustrer les divers types de documents que nous sommes en mesure de produire:<\/p>\n<ol>\n<li>Le montage de <a href=\"http:\/\/immortels.ca\/wordpress\/?page_id=272\">documents photos et films muets existants <\/a>avec une trame musicale.<\/li>\n<li>Le montage \u00e0 partir d&rsquo;entrevues, r\u00e9alis\u00e9es par nos biographes, avec des personnes vivantes.\u00a0<a href=\"http:\/\/immortels.ca\/wordpress\/?page_id=471\">Entrevue en int\u00e9rieur <\/a>(ici en appartement).<\/li>\n<li>Le montage \u00e0 partir d&rsquo;<a href=\"http:\/\/immortels.ca\/wordpress\/?page_id=458\">enregistrement audio et de photographies d&rsquo;\u00e9poque<\/a>.<\/li>\n<li><a href=\"http:\/\/immortels.ca\/wordpress\/?page_id=446\">Entrevue en ext\u00e9rieur<\/a> avec \u00e9metteur radio et micro cravate.<\/li>\n<\/ol>\n<p>D&rsquo;autres types de vid\u00e9o-biographie sont envisageables et il nous fera plaisir d&rsquo;en discuter avec vous. Vous pouvez m\u00eame d\u00e9crire ce que vous aimeriez dans le commentaire ci-dessous.<\/p>\n<p>Prochain onglet: <a href=\"http:\/\/immortels.ca\/wordpress\/?page_id=272\">d\u00e9mo #1 &#8211; photos et films muets<\/a><\/p>\n","protected":false},"excerpt":{"rendered":"<p>Vous trouverez ci-dessous plusieurs \u00e9chantillons de vid\u00e9os mont\u00e9es par Immortels.ca pour illustrer les divers types de documents que nous sommes en mesure de produire: Le montage de documents photos et films muets existants avec une trame musicale. Le montage \u00e0 partir d&rsquo;entrevues, r\u00e9alis\u00e9es par nos biographes, avec des personnes vivantes.\u00a0Entrevue en int\u00e9rieur (ici en appartement). &hellip; <a href=\"http:\/\/immortels.ca\/wordpress\/demos\/\" class=\"more-link\">Continuer la lecture de <span class=\"screen-reader-text\">D\u00c9MOS<\/span>  <span class=\"meta-nav\">&rarr;<\/span><\/a><\/p>\n","protected":false},"author":1,"featured_media":0,"parent":0,"menu_order":4,"comment_status":"open","ping_status":"closed","template":"","meta":{"spay_email":""},"yoast_head":"<!-- This site is optimized with the Yoast SEO plugin v15.0 - https:\/\/yoast.com\/wordpress\/plugins\/seo\/ -->\n<meta name=\"robots\" content=\"index, follow, max-snippet:-1, max-image-preview:large, max-video-preview:-1\" \/>\n<link rel=\"canonical\" href=\"http:\/\/immortels.ca\/wordpress\/demos\/\" \/>\n<meta property=\"og:locale\" content=\"fr_FR\" \/>\n<meta property=\"og:type\" content=\"article\" \/>\n<meta property=\"og:title\" content=\"D\u00c9MOS - Immortels\" \/>\n<meta property=\"og:description\" content=\"Vous trouverez ci-dessous plusieurs \u00e9chantillons de vid\u00e9os mont\u00e9es par Immortels.ca pour illustrer les divers types de documents que nous sommes en mesure de produire: Le montage de documents photos et films muets existants avec une trame musicale. Le montage \u00e0 partir d&rsquo;entrevues, r\u00e9alis\u00e9es par nos biographes, avec des personnes vivantes.\u00a0Entrevue en int\u00e9rieur (ici en appartement). &hellip; Continuer la lecture de D\u00c9MOS &rarr;\" \/>\n<meta property=\"og:url\" content=\"http:\/\/immortels.ca\/wordpress\/demos\/\" \/>\n<meta property=\"og:site_name\" content=\"Immortels\" \/>\n<meta property=\"article:publisher\" content=\"https:\/\/www.facebook.com\/immortels.ca\/\" \/>\n<meta property=\"article:modified_time\" content=\"2014-09-08T21:25:01+00:00\" \/>\n<meta name=\"twitter:card\" content=\"summary_large_image\" \/>\n<script type=\"application\/ld+json\" class=\"yoast-schema-graph\">{\"@context\":\"https:\/\/schema.org\",\"@graph\":[{\"@type\":\"Organization\",\"@id\":\"http:\/\/immortels.ca\/wordpress\/#organization\",\"name\":\"Immortels.ca\",\"url\":\"http:\/\/immortels.ca\/wordpress\/\",\"sameAs\":[\"https:\/\/www.facebook.com\/immortels.ca\/\",\"https:\/\/www.youtube.com\/channel\/UC7Z1MrpTYIwCNWYmSF9JMzA\"],\"logo\":{\"@type\":\"ImageObject\",\"@id\":\"http:\/\/immortels.ca\/wordpress\/#logo\",\"inLanguage\":\"fr-FR\",\"url\":\"http:\/\/immortels.ca\/wordpress\/wp-content\/uploads\/2014\/10\/logo-immortels.ca_.jpg\",\"width\":540,\"height\":533,\"caption\":\"Immortels.ca\"},\"image\":{\"@id\":\"http:\/\/immortels.ca\/wordpress\/#logo\"}},{\"@type\":\"WebSite\",\"@id\":\"http:\/\/immortels.ca\/wordpress\/#website\",\"url\":\"http:\/\/immortels.ca\/wordpress\/\",\"name\":\"Immortels\",\"description\":\"On a tous une histoire \\u00e0 raconter\",\"publisher\":{\"@id\":\"http:\/\/immortels.ca\/wordpress\/#organization\"},\"potentialAction\":[{\"@type\":\"SearchAction\",\"target\":\"http:\/\/immortels.ca\/wordpress\/?s={search_term_string}\",\"query-input\":\"required name=search_term_string\"}],\"inLanguage\":\"fr-FR\"},{\"@type\":\"WebPage\",\"@id\":\"http:\/\/immortels.ca\/wordpress\/demos\/#webpage\",\"url\":\"http:\/\/immortels.ca\/wordpress\/demos\/\",\"name\":\"D\\u00c9MOS - Immortels\",\"isPartOf\":{\"@id\":\"http:\/\/immortels.ca\/wordpress\/#website\"},\"datePublished\":\"2014-07-11T02:06:24+00:00\",\"dateModified\":\"2014-09-08T21:25:01+00:00\",\"inLanguage\":\"fr-FR\",\"potentialAction\":[{\"@type\":\"ReadAction\",\"target\":[\"http:\/\/immortels.ca\/wordpress\/demos\/\"]}]}]}<\/script>\n<!-- \/ Yoast SEO plugin. -->","jetpack_sharing_enabled":true,"jetpack_shortlink":"https:\/\/wp.me\/P5QWQr-1T","_links":{"self":[{"href":"http:\/\/immortels.ca\/wordpress\/wp-json\/wp\/v2\/pages\/117"}],"collection":[{"href":"http:\/\/immortels.ca\/wordpress\/wp-json\/wp\/v2\/pages"}],"about":[{"href":"http:\/\/immortels.ca\/wordpress\/wp-json\/wp\/v2\/types\/page"}],"author":[{"embeddable":true,"href":"http:\/\/immortels.ca\/wordpress\/wp-json\/wp\/v2\/users\/1"}],"replies":[{"embeddable":true,"href":"http:\/\/immortels.ca\/wordpress\/wp-json\/wp\/v2\/comments?post=117"}],"version-history":[{"count":29,"href":"http:\/\/immortels.ca\/wordpress\/wp-json\/wp\/v2\/pages\/117\/revisions"}],"predecessor-version":[{"id":601,"href":"http:\/\/immortels.ca\/wordpress\/wp-json\/wp\/v2\/pages\/117\/revisions\/601"}],"wp:attachment":[{"href":"http:\/\/immortels.ca\/wordpress\/wp-json\/wp\/v2\/media?parent=117"}],"curies":[{"name":"wp","href":"https:\/\/api.w.org\/{rel}","templated":true}]}}